{"id":97,"date":"2024-05-14T13:11:22","date_gmt":"2024-05-14T13:11:22","guid":{"rendered":"https:\/\/uj.okoshitel.hu\/?page_id=97"},"modified":"2025-09-08T15:05:09","modified_gmt":"2025-09-08T15:05:09","slug":"a-hitelkivaltas-feltetelei","status":"publish","type":"page","link":"https:\/\/uj.okoshitel.hu\/index.php\/a-hitelkivaltas-feltetelei\/","title":{"rendered":"A hitelkiv\u00e1lt\u00e1s felt\u00e9telei"},"content":{"rendered":"\t\t<div data-elementor-type=\"wp-page\" data-elementor-id=\"97\" class=\"elementor elementor-97\" data-elementor-post-type=\"page\">\n\t\t\t\t<div class=\"elementor-element elementor-element-3432947 e-flex e-con-boxed e-con e-parent\" data-id=\"3432947\" data-element_type=\"container\" data-settings=\"{&quot;background_background&quot;:&quot;gradient&quot;}\">\n\t\t\t\t\t<div class=\"e-con-inner\">\n\t\t\t\t<div class=\"elementor-element elementor-element-dcb5768 elementor-widget elementor-widget-heading\" data-id=\"dcb5768\" data-element_type=\"widget\" data-widget_type=\"heading.default\">\n\t\t\t\t\t<h1 class=\"elementor-heading-title elementor-size-default\">A hitelkiv\u00e1lt\u00e1s felt\u00e9telei<\/h1>\t\t\t\t<\/div>\n\t\t\t\t<div class=\"elementor-element elementor-element-47f9abe elementor-widget elementor-widget-text-editor\" data-id=\"47f9abe\" data-element_type=\"widget\" data-widget_type=\"text-editor.default\">\n\t\t\t\t\t\t\t\t\t<p>Ahogy a hitelkiv\u00e1lt\u00e1sn\u00e1l \u00e9s a hitelkiv\u00e1lt\u00f3 hiteln\u00e9l olvashatta, a hitelkiv\u00e1lt\u00e1s alapvet\u0151 \u00e9s legfontosabb felt\u00e9tele a kiv\u00e1ltand\u00f3 hitelen tan\u00fas\u00edtott pozit\u00edv fizet\u00e9si magatart\u00e1s, konkr\u00e9tan az, hogy ne legyen 30 napon t\u00fali elmarad\u00e1s egyszer sem a hitel t\u00f6rleszt\u00e9s t\u00f6rt\u00e9net\u00e9ben.<\/p>\t\t\t\t\t\t\t\t<\/div>\n\t\t\t\t\t<\/div>\n\t\t\t\t<\/div>\n\t\t<div class=\"elementor-element elementor-element-16e6ddc e-flex e-con-boxed e-con e-parent\" data-id=\"16e6ddc\" data-element_type=\"container\">\n\t\t\t\t\t<div class=\"e-con-inner\">\n\t\t<div class=\"elementor-element elementor-element-fa75ed8 e-con-full e-flex e-con e-child\" data-id=\"fa75ed8\" data-element_type=\"container\">\n\t\t\t\t<div class=\"elementor-element elementor-element-1da6582 elementor-widget elementor-widget-text-editor\" data-id=\"1da6582\" data-element_type=\"widget\" data-widget_type=\"text-editor.default\">\n\t\t\t\t\t\t\t\t\t<p>E pontban azokr\u00f3l az \u00e1ltal\u00e1nosan jellemz\u0151 hitelfelv\u00e9teli felt\u00e9tekr\u0151l olvashat, amelyekkel egy hitelkiv\u00e1lt\u00f3 hitel felv\u00e9telekor biztosan tal\u00e1lkozhat.<\/p>\t\t\t\t\t\t\t\t<\/div>\n\t\t\t\t<div class=\"elementor-element elementor-element-8653a45 elementor-widget elementor-widget-heading\" data-id=\"8653a45\" data-element_type=\"widget\" data-widget_type=\"heading.default\">\n\t\t\t\t\t<h2 class=\"elementor-heading-title elementor-size-default\">Kik a hitelkiv\u00e1lt\u00e1si hitel\u00fcgylet szerepl\u0151i?<\/h2>\t\t\t\t<\/div>\n\t\t\t\t<div class=\"elementor-element elementor-element-e9d828e elementor-widget elementor-widget-text-editor\" data-id=\"e9d828e\" data-element_type=\"widget\" data-widget_type=\"text-editor.default\">\n\t\t\t\t\t\t\t\t\t<ol><li>\u00c1ltal\u00e1nos szab\u00e1lynak mondhat\u00f3, hogy hitelkiv\u00e1lt\u00f3 hitelt azon\u00a0<strong>nagykor\u00fa<\/strong>, a bank sz\u00e1m\u00e1ra elfogadhat\u00f3 j\u00f6vedelemmel rendelkez\u0151k szem\u00e9lyek ig\u00e9nyelhetik, akik a Bank ad\u00f3smin\u0151s\u00edt\u00e9si, hitelb\u00edr\u00e1lati felt\u00e9teleinek megfelelnek.<\/li><li><strong>Nem\u00a0<\/strong>vehet r\u00e9szt a\u00a0<strong>hitelkiv\u00e1lt\u00e1sban<\/strong>\u00a0olyan szem\u00e9ly,\u00a0<strong>aki<\/strong>\u00a0a K\u00f6zponti Hitelinform\u00e1ci\u00f3s Rendszer (KHR) negat\u00edv ad\u00f3slist\u00e1j\u00e1n szerepel (kor\u00e1bbi nev\u00e9n\u00a0<strong>BAR list\u00e1s<\/strong>). Akkor is, ha nem a kiv\u00e1ltand\u00f3 hitele miatt szerepel a list\u00e1n!<\/li><li>Amennyiben van\u00a0<strong>h\u00e1zast\u00e1rsa\/\u00e9lett\u00e1rsa<\/strong>, \u00fagy\u00a0<strong>k\u00f6telez\u0151en bevonand\u00f3 ad\u00f3st\u00e1rsk\u00e9nt\u00a0<\/strong>neki is szerepelnie kell a hitelkiv\u00e1lt\u00e1si \u00fcgyletben. Kiv\u00e9teles esetben, egyes bankokn\u00e1l van arra lehet\u0151s\u00e9g, hogy \u0151 kimaradjon a hitelkiv\u00e1lt\u00f3 hitel felv\u00e9tel\u00e9b\u0151l.<\/li><li>Lehet szerepl\u0151 a hitelkiv\u00e1lt\u00e1sban olyan\u00a0<strong>ad\u00f3st\u00e1rs<\/strong>is, akit ugyan\u00a0<strong>nem k\u00f6telez\u0151<\/strong>\u00a0bevonnia, de n\u00e9lk\u00fcle nem, vagy nehezebben, esetleg csak rosszabb felt\u00e9telekkel tudna megval\u00f3sulni a hitelkiv\u00e1lt\u00e1si \u00fcgylet.<\/li><li>A hitelkiv\u00e1lt\u00e1si hitelb\u00edr\u00e1lat alapja a h\u00e1ztart\u00e1s elfogadhat\u00f3 j\u00f6vedelme. A min\u00e9l jobb min\u0151s\u00edt\u00e9s el\u00e9r\u00e9se \u00e9rdek\u00e9ben a k\u00f6telez\u0151en bevonand\u00f3 szerepl\u0151k mellett lehet\u0151s\u00e9g van sok esetben\u00a0<strong>fizet\u0151k\u00e9pess\u00e9get jav\u00edt\u00f3 kezes<\/strong>bevon\u00e1s\u00e1ra. A gyakorlatban nagyon ritk\u00e1n fordul ez el\u0151, mert elv\u00e1r\u00e1s az ilyen kezessel szemben az, hogy az \u0151 minden egy\u00e9b hitel\u00e9t, h\u00e1ztart\u00e1s\u00e1nak m\u00e9ret\u00e9t, eltartottjainak sz\u00e1m\u00e1t is figyelembe v\u00e9ve \u00f6n\u00e1ll\u00f3an is hitelk\u00e9pes legyen az \u00e1ltala megt\u00e1mogatott\u00a0<strong>hitelkiv\u00e1lt\u00e1s<\/strong>\u00a0tekintet\u00e9ben.<\/li><li>A fedezet\u00fcl felaj\u00e1nlott\u00a0<strong>ingatlanok tulajdonosai z\u00e1logk\u00f6telezettk\u00e9nt<\/strong>vesznek r\u00e9szt a hitelkiv\u00e1lt\u00e1si k\u00f6lcs\u00f6n\u00fcgyletben.<\/li><li>Speci\u00e1lis eset, ha a hitelkiv\u00e1lt\u00f3 hitel fedezet\u00e9\u00fcl felaj\u00e1nlott ingatlanban, a f\u00f6ldhivatali nyilv\u00e1ntart\u00e1s szerint tulajdonjoggal nem rendelkez\u0151 h\u00e1zast\u00e1rs, \u00fan. telekk\u00f6nyv\u00f6n k\u00edv\u00fcli tulajdonosk\u00e9nt is szerepel a hitelkiv\u00e1lt\u00e1si \u00fcgyletben (k\u00f6telez\u0151en bevonand\u00f3 ad\u00f3st\u00e1rs szerepe mellett).<\/li><\/ol>\t\t\t\t\t\t\t\t<\/div>\n\t\t\t\t<\/div>\n\t\t<div class=\"elementor-element elementor-element-06bb67d e-con-full e-flex e-con e-child\" data-id=\"06bb67d\" data-element_type=\"container\" data-settings=\"{&quot;background_background&quot;:&quot;gradient&quot;}\">\n\t\t\t\t<div class=\"elementor-element elementor-element-0971208 elementor-widget elementor-widget-text-editor\" data-id=\"0971208\" data-element_type=\"widget\" data-widget_type=\"text-editor.default\">\n\t\t\t\t\t\t\t\t\t<p>A fenti szerepl\u0151k l\u00e9nyeg\u00e9ben b\u00e1rmilyen jelz\u00e1loghitel, \u00edgy a\u00a0<strong>lak\u00e1shitel<\/strong>,\u00a0<strong>\u00e9p\u00edt\u00e9si hitel<\/strong>\u00a0\u00e9s\u00a0<strong>szabad felhaszn\u00e1l\u00e1s\u00fa hitel<\/strong>\u00a0sor\u00e1n el\u0151fordulhatnak. A\u00a0<strong>hitelkiv\u00e1lt\u00e1s<\/strong>\u00a0szerepl\u0151i k\u00f6r\u00e9nek az a f\u0151 megk\u00fcl\u00f6nb\u00f6ztet\u0151 saj\u00e1toss\u00e1ga, hogy\u00a0<strong>azoknak a szerepl\u0151knek felt\u00e9tlen\u00fcl benne kell lenni\u00fck az \u00faj<\/strong>, hitelkiv\u00e1lt\u00e1s ut\u00e1ni\u00a0<strong>hitelben, akik a kiv\u00e1ltand\u00f3 hitelben is benne voltak<\/strong>. Ennek az a magyar\u00e1zata, hogy a hitelkiv\u00e1lt\u00e1st biztos\u00edt\u00f3 bank a kor\u00e1bbi szerepl\u0151i k\u00f6r fizet\u00e9si hajland\u00f3s\u00e1g\u00e1t ismerheti meg. Ha ebb\u0151l a szerepl\u0151i k\u00f6rb\u0151l b\u00e1rkit is kivesz\u00fcnk, akkor m\u00e1r v\u00e1ltozhat a hitel visszafizet\u00e9s\u00e9nek es\u00e9lye, emiatt nem alapozhat\u00f3 a hitelb\u00edr\u00e1lat a hitelm\u00faltra, hanem az \u00faj szerepl\u0151i k\u00f6rnek meg kell felelnie az \u00faj, hitelkiv\u00e1lt\u00f3 bank aktu\u00e1lis j\u00f6vedelemvizsg\u00e1lati szab\u00e1lyainak.<\/p><p>Ez az \u00e1ltal\u00e1nos szab\u00e1ly azonban nem z\u00e1rja ki azt, hogy a szerepl\u0151i k\u00f6r szerepei megv\u00e1ltozzanak a hitelkiv\u00e1lt\u00f3 hitelt biztos\u00edt\u00f3 bank bels\u0151 szab\u00e1lyai alapj\u00e1n.<\/p>\t\t\t\t\t\t\t\t<\/div>\n\t\t\t\t<div class=\"elementor-element elementor-element-30e9462 elementor-widget elementor-widget-n-accordion\" data-id=\"30e9462\" data-element_type=\"widget\" data-settings=\"{&quot;default_state&quot;:&quot;all_collapsed&quot;,&quot;max_items_expended&quot;:&quot;one&quot;,&quot;n_accordion_animation_duration&quot;:{&quot;unit&quot;:&quot;ms&quot;,&quot;size&quot;:400,&quot;sizes&quot;:[]}}\" data-widget_type=\"nested-accordion.default\">\n\t\t\t\t\t\t\t<div class=\"e-n-accordion\" aria-label=\"Accordion. Open links with Enter or Space, close with Escape, and navigate with Arrow Keys\">\n\t\t\t\t\t\t<details id=\"e-n-accordion-item-5120\" class=\"e-n-accordion-item\" >\n\t\t\t\t<summary class=\"e-n-accordion-item-title\" data-accordion-index=\"1\" tabindex=\"0\" aria-expanded=\"false\" aria-controls=\"e-n-accordion-item-5120\" >\n\t\t\t\t\t<span class='e-n-accordion-item-title-header'><div class=\"e-n-accordion-item-title-text\"> Maradhatnak-e m\u00e1s, megl\u00e9v\u0151 terhek a fedezeti ingatlanon a kiv\u00e1lt\u00e1s sor\u00e1n? <\/div><\/span>\n\t\t\t\t\t\t\t<span class='e-n-accordion-item-title-icon'>\n\t\t\t<span class='e-opened' ><svg aria-hidden=\"true\" class=\"e-font-icon-svg e-fas-minus\" viewBox=\"0 0 448 512\" xmlns=\"http:\/\/www.w3.org\/2000\/svg\"><path d=\"M416 208H32c-17.67 0-32 14.33-32 32v32c0 17.67 14.33 32 32 32h384c17.67 0 32-14.33 32-32v-32c0-17.67-14.33-32-32-32z\"><\/path><\/svg><\/span>\n\t\t\t<span class='e-closed'><svg aria-hidden=\"true\" class=\"e-font-icon-svg e-fas-plus\" viewBox=\"0 0 448 512\" xmlns=\"http:\/\/www.w3.org\/2000\/svg\"><path d=\"M416 208H272V64c0-17.67-14.33-32-32-32h-32c-17.67 0-32 14.33-32 32v144H32c-17.67 0-32 14.33-32 32v32c0 17.67 14.33 32 32 32h144v144c0 17.67 14.33 32 32 32h32c17.67 0 32-14.33 32-32V304h144c17.67 0 32-14.33 32-32v-32c0-17.67-14.33-32-32-32z\"><\/path><\/svg><\/span>\n\t\t<\/span>\n\n\t\t\t\t\t\t<\/summary>\n\t\t\t\t<div role=\"region\" aria-labelledby=\"e-n-accordion-item-5120\" class=\"elementor-element elementor-element-992616c e-con-full e-flex e-con e-child\" data-id=\"992616c\" data-element_type=\"container\">\n\t\t<div role=\"region\" aria-labelledby=\"e-n-accordion-item-5120\" class=\"elementor-element elementor-element-90ad9c7 e-flex e-con-boxed e-con e-child\" data-id=\"90ad9c7\" data-element_type=\"container\">\n\t\t\t\t\t<div class=\"e-con-inner\">\n\t\t\t\t<div class=\"elementor-element elementor-element-aca0bd4 elementor-widget elementor-widget-text-editor\" data-id=\"aca0bd4\" data-element_type=\"widget\" data-widget_type=\"text-editor.default\">\n\t\t\t\t\t\t\t\t\t<p>Gyakori eset, amikor a hitelkiv\u00e1lt\u00e1st \u00fagy kell megcsin\u00e1lni, hogy a kiv\u00e1ltand\u00f3 banki hitel melletti munk\u00e1ltat\u00f3i k\u00f6lcs\u00f6n vagy\u00a0<strong>CSOK<\/strong>\u00a0ill. kor\u00e1bban visszat\u00e9r\u00edtett \u00c1FA miatti magyar \u00e1llamkincst\u00e1ri bejegyz\u00e9s megmaradhasson. A kereskedelmi bankok ragaszkodnak jelz\u00e1logjoguk els\u0151 ranghely\u00e9hez, kiv\u00e9ve a magyar \u00e1llam vagy esetleg, ritk\u00e1bban egy \u00f6nkorm\u00e1nyzat jav\u00e1ra bejegyzett teher eset\u00e9n, amit maguk el\u00e9 engednek. Viszont fontos tudnia, hogy ha ezek b\u00e1rmelyike is szerepel az ingatlan\u00e1n, akkor a kiv\u00e1ltand\u00f3 bank is sz\u00e1mol vel\u00fck oly m\u00f3don, hogy ezek nem eredetileg bejegyzett \u00f6sszeg\u00e9t, hanem aktu\u00e1lis \u00e9rt\u00e9k\u00e9t levonja az adhat\u00f3 hitel \u00f6sszeg\u00e9b\u0151l. Volt olyan hitelkiv\u00e1lt\u00e1si \u00fcgylet\u00fcnk, ami pont emiatt nem tudott megval\u00f3sulni, mert a levont CSOK \u00f6sszeg\u00e9vel m\u00e1r t\u00fal kev\u00e9s lett volna a kiv\u00e1lt\u00f3 bank \u00e1ltal adhat\u00f3 hitel\u00f6sszeg. Ezek azok a bejegyzett jogok, amelyek elvileg maradhatnak, csak befoly\u00e1solj\u00e1k a hitelkiv\u00e1lt\u00e1s keret\u00e9ben adhat\u00f3 hitel\u00f6sszeget.<\/p><p>Ezek mellett azonban vannak olyan bejegyz\u00e9sek, terhek is, amelyek \u00f6nmagukban lehetetlen\u00edtik el a hitelkiv\u00e1lt\u00e1st. Ilyen pl. a NAV jav\u00e1ra bejegyzett v\u00e9grehajt\u00e1si jog. Mindegy ez esetben, hogy ezt mag\u00e1ntartoz\u00e1s (pl. illet\u00e9k meg nem fizet\u00e9se vagy vagyonosod\u00e1si vizsg\u00e1lat miatt) vagy a v\u00e1llalkoz\u00e1sa tartoz\u00e1sa miatt (pl. be nem fizetett \u00c1FA miatt) terhelte az ad\u00f3hivatal az ingatlan\u00e1ra, ha ilyet tal\u00e1l a kiv\u00e1lt\u00f3 bank, akkor egyb\u0151l elz\u00e1rk\u00f3zik a kiv\u00e1lt\u00e1st\u00f3l addig, am\u00edg ezt a tartoz\u00e1s\u00e1t nem rendezi.<\/p><p>Szint\u00e9n ilyen eset, ha mag\u00e1nszem\u00e9ly adott \u00d6nnek k\u00f6lcs\u00f6n jelz\u00e1log fedezete mellett \u00e9s az \u0151 jav\u00e1ra is be van jegyezve jelz\u00e1logjog. Ilyen t\u00edpus\u00fa terhet eleve nem v\u00e1ltanak ki a kereskedelmi bankok a hitelkiv\u00e1lt\u00e1s sor\u00e1n, maximum\u00a0<strong>ad\u00f3ss\u00e1grendez\u00e9s<\/strong>\u00a0keret\u00e9ben, enn\u00e9lfogva ezt is el kell takar\u00edtania az \u00fatb\u00f3l ahhoz, hogy a hitelkiv\u00e1lt\u00e1sr\u00f3l egy\u00e1ltal\u00e1n el tudjon egyezkedni b\u00e1rmelyik bankkal.<\/p><p>Teh\u00e1t a\u00a0<strong>l\u00e9nyeg: ha van m\u00e1s teher az ingatlanon, akkor annak le kell onnan ker\u00fclnie a hitel kiv\u00e1lt\u00e1s sor\u00e1n vagy<\/strong>\u00a0kiv\u00e9telesen, \u00e1llami teher eset\u00e9n, maradhat, de\u00a0<strong>cs\u00f6kkenti az ingatlan terhelhet\u0151s\u00e9g\u00e9t<\/strong>.<\/p>\t\t\t\t\t\t\t\t<\/div>\n\t\t\t\t\t<\/div>\n\t\t\t\t<\/div>\n\t\t\t\t<\/div>\n\t\t\t\t\t<\/details>\n\t\t\t\t\t<\/div>\n\t\t\t\t\t\t<\/div>\n\t\t\t\t<div class=\"elementor-element elementor-element-0ac714b elementor-widget elementor-widget-n-accordion\" data-id=\"0ac714b\" data-element_type=\"widget\" data-settings=\"{&quot;default_state&quot;:&quot;all_collapsed&quot;,&quot;max_items_expended&quot;:&quot;one&quot;,&quot;n_accordion_animation_duration&quot;:{&quot;unit&quot;:&quot;ms&quot;,&quot;size&quot;:400,&quot;sizes&quot;:[]}}\" data-widget_type=\"nested-accordion.default\">\n\t\t\t\t\t\t\t<div class=\"e-n-accordion\" aria-label=\"Accordion. Open links with Enter or Space, close with Escape, and navigate with Arrow Keys\">\n\t\t\t\t\t\t<details id=\"e-n-accordion-item-1130\" class=\"e-n-accordion-item\" >\n\t\t\t\t<summary class=\"e-n-accordion-item-title\" data-accordion-index=\"1\" tabindex=\"0\" aria-expanded=\"false\" aria-controls=\"e-n-accordion-item-1130\" >\n\t\t\t\t\t<span class='e-n-accordion-item-title-header'><div class=\"e-n-accordion-item-title-text\"> Mekkora futamid\u0151re ig\u00e9nyelhet\u0151 a hitelkiv\u00e1lt\u00f3 hitel, mi hat\u00e1rozza meg a futamid\u0151 maxim\u00e1lis hossz\u00e1t? <\/div><\/span>\n\t\t\t\t\t\t\t<span class='e-n-accordion-item-title-icon'>\n\t\t\t<span class='e-opened' ><svg aria-hidden=\"true\" class=\"e-font-icon-svg e-fas-minus\" viewBox=\"0 0 448 512\" xmlns=\"http:\/\/www.w3.org\/2000\/svg\"><path d=\"M416 208H32c-17.67 0-32 14.33-32 32v32c0 17.67 14.33 32 32 32h384c17.67 0 32-14.33 32-32v-32c0-17.67-14.33-32-32-32z\"><\/path><\/svg><\/span>\n\t\t\t<span class='e-closed'><svg aria-hidden=\"true\" class=\"e-font-icon-svg e-fas-plus\" viewBox=\"0 0 448 512\" xmlns=\"http:\/\/www.w3.org\/2000\/svg\"><path d=\"M416 208H272V64c0-17.67-14.33-32-32-32h-32c-17.67 0-32 14.33-32 32v144H32c-17.67 0-32 14.33-32 32v32c0 17.67 14.33 32 32 32h144v144c0 17.67 14.33 32 32 32h32c17.67 0 32-14.33 32-32V304h144c17.67 0 32-14.33 32-32v-32c0-17.67-14.33-32-32-32z\"><\/path><\/svg><\/span>\n\t\t<\/span>\n\n\t\t\t\t\t\t<\/summary>\n\t\t\t\t<div role=\"region\" aria-labelledby=\"e-n-accordion-item-1130\" class=\"elementor-element elementor-element-0ef392f e-con-full e-flex e-con e-child\" data-id=\"0ef392f\" data-element_type=\"container\">\n\t\t<div role=\"region\" aria-labelledby=\"e-n-accordion-item-1130\" class=\"elementor-element elementor-element-6c71597 e-flex e-con-boxed e-con e-child\" data-id=\"6c71597\" data-element_type=\"container\">\n\t\t\t\t\t<div class=\"e-con-inner\">\n\t\t\t\t<div class=\"elementor-element elementor-element-d9e67b7 elementor-widget elementor-widget-text-editor\" data-id=\"d9e67b7\" data-element_type=\"widget\" data-widget_type=\"text-editor.default\">\n\t\t\t\t\t\t\t\t\t<p>Nem el\u0151\u00edr\u00e1s a hitelkiv\u00e1lt\u00e1s sor\u00e1n az, hogy az eredeti, kiv\u00e1ltand\u00f3 hitel futamidej\u00e9n\u00e9l r\u00f6videbb vagy hosszabb legyen az \u00faj hitel futamideje. Ennek meghat\u00e1roz\u00e1sa teljes eg\u00e9sz\u00e9ben az \u00faj, hitelkiv\u00e1lt\u00e1st biztos\u00edt\u00f3 bankon m\u00falik.<\/p><p>A kiv\u00e1ltand\u00f3 hitel futamidej\u00e9n\u00e9l hosszabb futamid\u0151 is ig\u00e9nyelhet\u0151 az \u00faj hitel eset\u00e9n, ez ak\u00e1r 30 \u00e9v is lehet.<\/p><p>Ezzel is cs\u00f6kkentheti a havi terheit, de \u00edgy a hitel kond\u00edci\u00f3in nem jav\u00edt. Mi ezt a legritk\u00e1bb esetben javasoljuk csak, akkor, ha biztosan sz\u00e1m\u00edt valami fontos v\u00e1ltoz\u00e1sra, pl. fog kapni egy nagyobb \u00f6sszeg\u0171 egyszeri bev\u00e9telt \u00e9s abb\u00f3l tervezi majd rendezni a hitel\u00e9t, addig pedig szeretne a lehet\u0151 legkevesebb havi teher mellett t\u00f6rleszteni.<\/p><p>E helyett mi azt szoktuk tan\u00e1csolni, hogy egy jobb kond\u00edci\u00f3j\u00fa hitelre t\u00f6rt\u00e9n\u0151 hitelkiv\u00e1lt\u00e1ssal r\u00f6vid\u00edtse a futamidej\u00e9t a lehet\u0151 legnagyobb m\u00e9rt\u00e9kben a kor\u00e1bbival azonos vagy hasonl\u00f3 t\u00f6rleszt\u0151-r\u00e9szlet mellett, mert a hitel teljes k\u00f6lts\u00e9g\u00e9t \u00edgy tudja ak\u00e1r eg\u00e9szen radik\u00e1lisan lefaragni. Helyenk\u00e9nt olyan magas az \u00edgy el\u00e9rhet\u0151 megtakar\u00edt\u00e1s, hogy az m\u00e9g minket is meglep: egyik megval\u00f3sult eset\u00fcnkben a r\u00e9gi kamat \u00e9s az \u00faj kamat k\u00f6z\u00f6tti hatalmas k\u00fcl\u00f6nbs\u00e9g azt eredm\u00e9nyezte, hogy a futamid\u0151 lecs\u00f6kkent 19 \u00e9vr\u0151l 12-re azonos t\u00f6rleszt\u0151 r\u00e9szlet mellett! S itt teljesen mindegy, hogy 25.000 Ft, 50.000 Ft vagy \u00e9ppen 200.000 Ft a havi t\u00f6rleszt\u0151, mert b\u00e1rmelyiket is szorozza be 84 h\u00f3nappal, azaz 7 \u00e9vvel, mindenk\u00e9ppen egy igen hatalmas \u00f6sszeg fog kij\u00f6nni, ami sz\u00edntiszta (kamat)k\u00f6lts\u00e9g k\u00fcl\u00f6nbs\u00e9g.<\/p><p>Ezzel a m\u00f3dszerrel is lehet cs\u00f6kkenteni a futamid\u0151n, de \u00edgy \u00f6sszess\u00e9g\u00e9ben nem biztos, hogy a hitel kond\u00edci\u00f3in jav\u00edtunk, csup\u00e1n a havi kiad\u00e1sainkat cs\u00f6kkentett\u00fck (sok esetben persze ez az els\u0151dleges c\u00e9l). \u00c9rdemes azt a megold\u00e1st is \u00e1ttekinteni, ahol egy jobb kond\u00edci\u00f3j\u00fa hitelre t\u00f6rt\u00e9n\u0151 v\u00e1lt\u00e1ssal r\u00f6videbb futamid\u0151 mellett hasonl\u00f3 marad a t\u00f6rleszt\u0151 r\u00e9szlet, mivel nyilv\u00e1n nem mindegy, hogy hitel\u00fcnk 25, vagy esetleg m\u00e1r 10 \u00e9v alatt visszafizethet\u0151.<\/p><p>A futamid\u0151 lehets\u00e9ges hossz\u00e1t els\u0151sorban az \u00d6n, valamint a hitelkiv\u00e1lt\u00e1si \u00fcgyletben j\u00f6vedelmet igazol\u00f3 t\u00f6bbi szerepl\u0151 \u00e9letkora hat\u00e1rozza meg. Bankonk\u00e9nt elt\u00e9r\u0151, hogy ha t\u00f6bb szerepl\u0151 van egy hitelkiv\u00e1lt\u00e1si \u00fcgyletben, kinek az \u00e9letkor\u00e1val sz\u00e1molnak. Jellemz\u0151, hogy a szab\u00e1lyoz\u00e1sban meghat\u00e1rozott maxim\u00e1lis \u00e9letkort\u00f3l el lehet t\u00e9rni, amennyiben megfelel\u0151 \u00f6sszeg\u0171 \u00e9letbiztos\u00edt\u00e1st k\u00f6tnek vagy a hitelkiv\u00e1lt\u00e1si \u00fcgyletbe kezesk\u00e9nt fiatalabb \u00e9letkor\u00fa, elfogadhat\u00f3 j\u00f6vedelemmel rendelkez\u0151 szerepl\u0151 ker\u00fcl bevon\u00e1sra.<\/p><p>A devizahiteles v\u00e1ls\u00e1g el\u0151tt jellemz\u0151en a fiatalabb \u00e9letkor\u00fa szerepl\u0151 hat\u00e1rozta meg a\u00a0<strong>hitelkiv\u00e1lt\u00f3 hitel<\/strong>\u00a0futamidej\u00e9nek lehets\u00e9ges hossz\u00e1t, jelenleg a bankok fel\u00e9n\u00e9l viszont az id\u0151sebb a m\u00e9rvad\u00f3. Ennek el\u00e9g komoly gyakorlati jelent\u0151s\u00e9ge van, mert pl. a 60 \u00e9v feletti koroszt\u00e1ly teljesen kiesik lehets\u00e9ges ad\u00f3st\u00e1rsk\u00e9nt a jelz\u00e1loghitelek sor\u00e1n, ami akkor lehet gond, ha a j\u00f6vedelem vizsg\u00e1lati szab\u00e1lyok miatt csak a sz\u00fclei seg\u00edts\u00e9g\u00e9vel tudn\u00e1nak egy\u00fcttesen elegend\u0151 j\u00f6vedelmet igazolni, n\u00e9lk\u00fcl\u00fck azonban nem \u00e1ll \u00f6ssze el\u00e9g j\u00f6vedelem az \u00fcgylethez, \u00edgy kiesik a hitelfelv\u00e9tel lehet\u0151s\u00e9g\u00e9b\u0151l. Szerencs\u00e9re ezt felismerte n\u00e9h\u00e1ny bank \u00e9s n\u00e1luk m\u00e9g mindig a fiatalabbak hat\u00e1rozz\u00e1k meg a futamid\u0151 maxim\u00e1lis hossz\u00e1t.<\/p>\t\t\t\t\t\t\t\t<\/div>\n\t\t\t\t\t<\/div>\n\t\t\t\t<\/div>\n\t\t\t\t<\/div>\n\t\t\t\t\t<\/details>\n\t\t\t\t\t<\/div>\n\t\t\t\t\t\t<\/div>\n\t\t\t\t<\/div>\n\t\t\t\t\t<\/div>\n\t\t\t\t<\/div>\n\t\t\t\t<\/div>\n\t\t","protected":false},"excerpt":{"rendered":"<p>Ahogy a hitelkiv\u00e1lt\u00e1sn\u00e1l \u00e9s a hitelkiv\u00e1lt\u00f3 hiteln\u00e9l olvashatta, a hitelkiv\u00e1lt\u00e1s alapvet\u0151 \u00e9s legfontosabb felt\u00e9tele a kiv\u00e1ltand\u00f3 hitelen tan\u00fas\u00edtott pozit\u00edv fizet\u00e9si magatart\u00e1s, konkr\u00e9tan az, hogy ne legyen 30 napon t\u00fali elmarad\u00e1s egyszer sem a hitel t\u00f6rleszt\u00e9s t\u00f6rt\u00e9net\u00e9ben. E pontban azokr\u00f3l az \u00e1ltal\u00e1nosan jellemz\u0151 hitelfelv\u00e9teli felt\u00e9tekr\u0151l olvashat, amelyekkel egy hitelkiv\u00e1lt\u00f3 hitel felv\u00e9telekor biztosan tal\u00e1lkozhat. Kik a hitelkiv\u00e1lt\u00e1si [&hellip;]<\/p>\n","protected":false},"author":1,"featured_media":0,"parent":0,"menu_order":0,"comment_status":"closed","ping_status":"closed","template":"elementor_header_footer","meta":{"footnotes":""},"class_list":["post-97","page","type-page","status-publish","hentry"],"_links":{"self":[{"href":"https:\/\/uj.okoshitel.hu\/index.php\/wp-json\/wp\/v2\/pages\/97","targetHints":{"allow":["GET"]}}],"collection":[{"href":"https:\/\/uj.okoshitel.hu\/index.php\/wp-json\/wp\/v2\/pages"}],"about":[{"href":"https:\/\/uj.okoshitel.hu\/index.php\/wp-json\/wp\/v2\/types\/page"}],"author":[{"embeddable":true,"href":"https:\/\/uj.okoshitel.hu\/index.php\/wp-json\/wp\/v2\/users\/1"}],"replies":[{"embeddable":true,"href":"https:\/\/uj.okoshitel.hu\/index.php\/wp-json\/wp\/v2\/comments?post=97"}],"version-history":[{"count":12,"href":"https:\/\/uj.okoshitel.hu\/index.php\/wp-json\/wp\/v2\/pages\/97\/revisions"}],"predecessor-version":[{"id":1388,"href":"https:\/\/uj.okoshitel.hu\/index.php\/wp-json\/wp\/v2\/pages\/97\/revisions\/1388"}],"wp:attachment":[{"href":"https:\/\/uj.okoshitel.hu\/index.php\/wp-json\/wp\/v2\/media?parent=97"}],"curies":[{"name":"wp","href":"https:\/\/api.w.org\/{rel}","templated":true}]}}