{"id":95,"date":"2024-05-14T13:11:03","date_gmt":"2024-05-14T13:11:03","guid":{"rendered":"https:\/\/uj.okoshitel.hu\/?page_id=95"},"modified":"2025-09-08T15:04:01","modified_gmt":"2025-09-08T15:04:01","slug":"az-adossagrendezes-egyeb-jellemzoi","status":"publish","type":"page","link":"https:\/\/uj.okoshitel.hu\/index.php\/az-adossagrendezes-egyeb-jellemzoi\/","title":{"rendered":"Az ad\u00f3ss\u00e1grendez\u00e9s egy\u00e9b jellemz\u0151i"},"content":{"rendered":"\t\t<div data-elementor-type=\"wp-page\" data-elementor-id=\"95\" class=\"elementor elementor-95\" data-elementor-post-type=\"page\">\n\t\t\t\t<div class=\"elementor-element elementor-element-23ad764 e-flex e-con-boxed e-con e-parent\" data-id=\"23ad764\" data-element_type=\"container\" data-settings=\"{&quot;background_background&quot;:&quot;gradient&quot;}\">\n\t\t\t\t\t<div class=\"e-con-inner\">\n\t\t\t\t<div class=\"elementor-element elementor-element-5f9c8f5 elementor-widget elementor-widget-heading\" data-id=\"5f9c8f5\" data-element_type=\"widget\" data-widget_type=\"heading.default\">\n\t\t\t\t\t<h1 class=\"elementor-heading-title elementor-size-default\">Az ad\u00f3ss\u00e1grendez\u00e9s egy\u00e9b jellemz\u0151i<\/h1>\t\t\t\t<\/div>\n\t\t\t\t\t<\/div>\n\t\t\t\t<\/div>\n\t\t<div class=\"elementor-element elementor-element-e384636 e-flex e-con-boxed e-con e-parent\" data-id=\"e384636\" data-element_type=\"container\">\n\t\t\t\t\t<div class=\"e-con-inner\">\n\t\t<div class=\"elementor-element elementor-element-a881a2d e-con-full e-flex e-con e-child\" data-id=\"a881a2d\" data-element_type=\"container\">\n\t\t\t\t<div class=\"elementor-element elementor-element-c8fe3b0 elementor-widget elementor-widget-image\" data-id=\"c8fe3b0\" data-element_type=\"widget\" data-widget_type=\"image.default\">\n\t\t\t\t\t\t\t\t\t\t\t\t\t\t\t<img fetchpriority=\"high\" decoding=\"async\" width=\"800\" height=\"259\" src=\"https:\/\/uj.okoshitel.hu\/wp-content\/uploads\/2024\/10\/smiling-beautiful-girl-her-handsome-boyfriend-laughing-1024x331.png\" class=\"attachment-large size-large wp-image-316\" alt=\"\" srcset=\"https:\/\/uj.okoshitel.hu\/wp-content\/uploads\/2024\/10\/smiling-beautiful-girl-her-handsome-boyfriend-laughing-1024x331.png 1024w, https:\/\/uj.okoshitel.hu\/wp-content\/uploads\/2024\/10\/smiling-beautiful-girl-her-handsome-boyfriend-laughing-300x97.png 300w, https:\/\/uj.okoshitel.hu\/wp-content\/uploads\/2024\/10\/smiling-beautiful-girl-her-handsome-boyfriend-laughing-768x248.png 768w, https:\/\/uj.okoshitel.hu\/wp-content\/uploads\/2024\/10\/smiling-beautiful-girl-her-handsome-boyfriend-laughing-1536x496.png 1536w, https:\/\/uj.okoshitel.hu\/wp-content\/uploads\/2024\/10\/smiling-beautiful-girl-her-handsome-boyfriend-laughing-2048x661.png 2048w, https:\/\/uj.okoshitel.hu\/wp-content\/uploads\/2024\/10\/smiling-beautiful-girl-her-handsome-boyfriend-laughing-1080x349.png 1080w, https:\/\/uj.okoshitel.hu\/wp-content\/uploads\/2024\/10\/smiling-beautiful-girl-her-handsome-boyfriend-laughing-1280x413.png 1280w, https:\/\/uj.okoshitel.hu\/wp-content\/uploads\/2024\/10\/smiling-beautiful-girl-her-handsome-boyfriend-laughing-980x316.png 980w, https:\/\/uj.okoshitel.hu\/wp-content\/uploads\/2024\/10\/smiling-beautiful-girl-her-handsome-boyfriend-laughing-480x155.png 480w\" sizes=\"(max-width: 800px) 100vw, 800px\" \/>\t\t\t\t\t\t\t\t\t\t\t\t\t\t\t<\/div>\n\t\t\t\t<div class=\"elementor-element elementor-element-ef53327 elementor-widget elementor-widget-text-editor\" data-id=\"ef53327\" data-element_type=\"widget\" data-widget_type=\"text-editor.default\">\n\t\t\t\t\t\t\t\t\t<p>Mivel enn\u00e9l a hitelt\u00edpusn\u00e1l a megl\u00e9v\u0151 hitelek \u00f6sszevon\u00e1sa t\u00f6rt\u00e9nik egy jobb kond\u00edci\u00f3j\u00fa hitell\u00e9, itt mindegyik r\u00e9gi hiteln\u00e9l \u00e1tvizsg\u00e1lja a bank a hitelm\u00faltat. Ehhez t\u00f6bb h\u00f3napra visszamen\u0151leg (nem ritka az elm\u00falt 12 h\u00f3nap vizsg\u00e1lata sem) banksz\u00e1mla kivonatot k\u00e9rnek be, \u00e9s emellett az adott bank saj\u00e1t el\u0151\u00edr\u00e1sainak megfelel\u0151 igazol\u00e1st a probl\u00e9mamentess\u00e9gre vonatkoz\u00f3an. Term\u00e9szetesen az \u00f6sszes ad\u00f3ss\u00e1grendez\u00e9sbe bevont hitelr\u0151l k\u00fcl\u00f6n-k\u00fcl\u00f6n. Tudni kell, hogy ah\u00e1ny bank, annyif\u00e9le igazol\u00e1s l\u00e9tezik, de itt az ad\u00f3ss\u00e1grendez\u0151 hitelt k\u00edn\u00e1l\u00f3 bank felt\u00e9telei a m\u00e9rvad\u00f3ak, teh\u00e1t amilyen t\u00edpus\u00fa (ak\u00e1r sz\u00f6vegez\u00e9s\u0171) igazol\u00e1st \u0151 bek\u00e9r, azt kell prezent\u00e1lnia az \u00f6sszes hitelre vonatkoz\u00f3an.<\/p>\t\t\t\t\t\t\t\t<\/div>\n\t\t\t\t<\/div>\n\t\t<div class=\"elementor-element elementor-element-138693c e-con-full e-flex e-con e-child\" data-id=\"138693c\" data-element_type=\"container\" data-settings=\"{&quot;background_background&quot;:&quot;gradient&quot;}\">\n\t\t\t\t<div class=\"elementor-element elementor-element-bcc7f01 elementor-widget elementor-widget-text-editor\" data-id=\"bcc7f01\" data-element_type=\"widget\" data-widget_type=\"text-editor.default\">\n\t\t\t\t\t\t\t\t\t<p>Ad\u00f3ss\u00e1grendez\u0151 hitel eset\u00e9n az ad\u00f3ss\u00e1grendez\u0151 bank \u00e1ltal\u00e1ban az \u00f6sszes kifizetend\u0151 hitel t\u0151k\u00e9j\u00e9n fel\u00fcl n\u00e9mi plusz \u00f6sszeget, \u00fan. puffert is j\u00f3v\u00e1hagy \u00e9s foly\u00f3s\u00edt, amib\u0151l t\u00f6bbek k\u00f6z\u00f6tt fedezi a szerz\u0151d\u00f6tt \u00f6sszeg \u00e9s az utal\u00e1s pillanat\u00e1ban aktu\u00e1lis \u00e1rfolyam k\u00fcl\u00f6nb\u00f6zetb\u0151l ad\u00f3d\u00f3 t\u00f6bbletet (devizahitel eset\u00e9ben), a kifizetend\u0151 hitelek v\u00e9gt\u00f6rleszt\u00e9s\u00e9nek d\u00edj\u00e1t \u00e9s azokat az egyszeri d\u00edjakat, amelyek az \u00faj hitel felv\u00e9tel\u00e9vel j\u00e1rnak. Ezeket t\u00f6bb hely\u00fctt be tudja \u00e9p\u00edttetni a hitel\u00e9be, azaz t\u0151k\u00e9s\u00edtheti \u0151ket. Ez annyiban seg\u00edthet \u00d6nnek, hogy nem kell a hitelfelv\u00e9tel sor\u00e1n t\u00f6bb sz\u00e1zezer forintot r\u00e1sz\u00e1nnia a cser\u00e9re.<\/p>\t\t\t\t\t\t\t\t<\/div>\n\t\t\t\t<div class=\"elementor-element elementor-element-267cef7 elementor-widget elementor-widget-text-editor\" data-id=\"267cef7\" data-element_type=\"widget\" data-widget_type=\"text-editor.default\">\n\t\t\t\t\t\t\t\t\t<p>N\u00e9mely term\u00e9k eset\u00e9n a kedvez\u0151 hitelkiv\u00e1lt\u00e1si felt\u00e9telek mellett pozit\u00edvum a plusz \u00f6sszeg ig\u00e9nyelhet\u0151s\u00e9ge is, amikor a r\u00e9gi hitel kiv\u00e1lt\u00e1sa mellett, amennyiben a j\u00f6vedelem \u00e9s fedezet engedi, magasabb \u00f6sszeget is ig\u00e9nyelhet, ahol a k\u00fcl\u00f6nb\u00f6zettel szabadon rendelkezhet.<\/p>\t\t\t\t\t\t\t\t<\/div>\n\t\t\t\t<\/div>\n\t\t\t\t\t<\/div>\n\t\t\t\t<\/div>\n\t\t<div class=\"elementor-element elementor-element-b0aa6f6 e-flex e-con-boxed e-con e-parent\" data-id=\"b0aa6f6\" data-element_type=\"container\">\n\t\t\t\t\t<div class=\"e-con-inner\">\n\t\t<div class=\"elementor-element elementor-element-789435c e-con-full e-flex e-con e-child\" data-id=\"789435c\" data-element_type=\"container\" data-settings=\"{&quot;background_background&quot;:&quot;gradient&quot;}\">\n\t\t\t\t<div class=\"elementor-element elementor-element-76b5323 elementor-widget elementor-widget-text-editor\" data-id=\"76b5323\" data-element_type=\"widget\" data-widget_type=\"text-editor.default\">\n\t\t\t\t\t\t\t\t\t<p>Nem minden bankn\u00e1l \u00e9rhet\u0151 el ad\u00f3ss\u00e1grendez\u0151 hitel! \u00c1ltal\u00e1ban azon bankok k\u00edn\u00e1lj\u00e1k, amelyek akt\u00edvak a piacon \u00e9s szeretn\u00e9nek hitelezni, de nem tal\u00e1lnak elegend\u0151 \u00faj hitel felvev\u0151t. Ett\u0151l m\u00e9g n\u00e1luk is az a c\u00e9l, hogy kiz\u00e1r\u00f3lag probl\u00e9mamentes \u00fcgyfeleket szerezzenek.<\/p>\t\t\t\t\t\t\t\t<\/div>\n\t\t\t\t<\/div>\n\t\t\t\t\t<\/div>\n\t\t\t\t<\/div>\n\t\t<div class=\"elementor-element elementor-element-91bc06b e-flex e-con-boxed e-con e-parent\" data-id=\"91bc06b\" data-element_type=\"container\">\n\t\t\t\t\t<div class=\"e-con-inner\">\n\t\t<div class=\"elementor-element elementor-element-82b65d5 e-con-full e-flex e-con e-child\" data-id=\"82b65d5\" data-element_type=\"container\">\n\t\t\t\t<div class=\"elementor-element elementor-element-2609d66 elementor-widget elementor-widget-image\" data-id=\"2609d66\" data-element_type=\"widget\" data-widget_type=\"image.default\">\n\t\t\t\t\t\t\t\t\t\t\t\t\t\t\t<img decoding=\"async\" width=\"800\" height=\"480\" src=\"https:\/\/uj.okoshitel.hu\/wp-content\/uploads\/2025\/05\/ingatlanvasarlas-koltozes.jpg\" class=\"attachment-large size-large wp-image-634\" alt=\"ingatlanv\u00e1s\u00e1rl\u00e1s k\u00f6lt\u00f6z\u00e9s\" srcset=\"https:\/\/uj.okoshitel.hu\/wp-content\/uploads\/2025\/05\/ingatlanvasarlas-koltozes.jpg 1000w, https:\/\/uj.okoshitel.hu\/wp-content\/uploads\/2025\/05\/ingatlanvasarlas-koltozes-300x180.jpg 300w, https:\/\/uj.okoshitel.hu\/wp-content\/uploads\/2025\/05\/ingatlanvasarlas-koltozes-768x461.jpg 768w, https:\/\/uj.okoshitel.hu\/wp-content\/uploads\/2025\/05\/ingatlanvasarlas-koltozes-980x588.jpg 980w, https:\/\/uj.okoshitel.hu\/wp-content\/uploads\/2025\/05\/ingatlanvasarlas-koltozes-480x288.jpg 480w\" sizes=\"(max-width: 800px) 100vw, 800px\" \/>\t\t\t\t\t\t\t\t\t\t\t\t\t\t\t<\/div>\n\t\t\t\t<div class=\"elementor-element elementor-element-b61c54b elementor-widget elementor-widget-text-editor\" data-id=\"b61c54b\" data-element_type=\"widget\" data-widget_type=\"text-editor.default\">\n\t\t\t\t\t\t\t\t\t<p>Enn\u00e9l a t\u00edpusn\u00e1l is igaz, hogy ah\u00e1ny bank, annyif\u00e9le fant\u00e1zian\u00e9ven szerepel ez a hitelt\u00edpus a k\u00edn\u00e1lat\u00e1ban, de azon se lep\u0151dj\u00f6n meg, ha kifejezetten ilyet valahol nem tal\u00e1l, mert ott akkor csak szabad felhaszn\u00e1l\u00e1s\u00fa hitel \u00e1ll rendelkez\u00e9s\u00e9re.<\/p>\t\t\t\t\t\t\t\t<\/div>\n\t\t\t\t<\/div>\n\t\t<div class=\"elementor-element elementor-element-cf5287e e-con-full e-flex e-con e-child\" data-id=\"cf5287e\" data-element_type=\"container\" data-settings=\"{&quot;background_background&quot;:&quot;classic&quot;}\">\n\t\t\t\t<div class=\"elementor-element elementor-element-34eb308 elementor-widget elementor-widget-text-editor\" data-id=\"34eb308\" data-element_type=\"widget\" data-widget_type=\"text-editor.default\">\n\t\t\t\t\t\t\t\t\t<p>Az ad\u00f3ss\u00e1grendez\u0151 hitel szinte a legbonyolultabb hitel t\u00edpus: rengeteg olyan apr\u00f3 pontja van, amin menet k\u00f6zben is meghi\u00fasulhat az \u00fcgylet, ha nem kell\u0151 tapasztalattal rendelkez\u0151 hiteltan\u00e1csad\u00f3val vagy \u00f6n\u00e1ll\u00f3an indul el. Ez a hitelt\u00edpus ig\u00e9nyli szinte a legt\u00f6bb dokument\u00e1ci\u00f3t a bek\u00e9rend\u0151 igazol\u00e1sok miatt, \u00edgy nagy szerepe van a bank (bankfi\u00f3k) \u00e9s az ott dolgoz\u00f3 tan\u00e1csad\u00f3 felk\u00e9sz\u00fclts\u00e9g\u00e9nek, mivel a kiv\u00e1lt\u00e1sra pl. egy deviza hitel eset\u00e9n hat\u00e1rid\u0151k vannak megszabva. T\u00f6bb hitel egy\u00fcttes kiv\u00e1lt\u00e1sakor egy apr\u00f3 f\u00e9lre\u00e9rt\u00e9s, hiba miatt cs\u00faszhat az \u00faj hitel kihelyez\u00e9se, amikor viszont az \u00f6sszes kiv\u00e1ltand\u00f3 hitelr\u0151l \u00fajabb igazol\u00e1s bek\u00e9r\u00e9se sz\u00fcks\u00e9ges \u2013 ami ak\u00e1r \u00fajabb t\u00f6bb hetes munk\u00e1t, ut\u00e1naj\u00e1r\u00e1st jelent, arr\u00f3l nem besz\u00e9lve, hogy \u00d6nnek k\u00f6zben a r\u00e9gi hitelei t\u00f6rleszt\u00e9sei is ketyegnek. Fontos teh\u00e1t, b\u00e1rmely hitel felv\u00e9teln\u00e9l, de k\u00fcl\u00f6n\u00f6sen ad\u00f3ss\u00e1grendez\u00e9s eset\u00e9ben, hogy megfelel\u0151 ut\u00e1naj\u00e1r\u00e1ssal \u00e9s felk\u00e9sz\u00fclts\u00e9ggel kezdj\u00fcnk bele a folyamatba, illetve ig\u00e9nyelj\u00fck b\u00e1tran szak\u00e9rt\u0151 hitelk\u00f6zvet\u00edt\u0151k seg\u00edts\u00e9g\u00e9t!<\/p>\t\t\t\t\t\t\t\t<\/div>\n\t\t\t\t<\/div>\n\t\t\t\t\t<\/div>\n\t\t\t\t<\/div>\n\t\t\t\t<\/div>\n\t\t","protected":false},"excerpt":{"rendered":"<p>Mivel enn\u00e9l a hitelt\u00edpusn\u00e1l a megl\u00e9v\u0151 hitelek \u00f6sszevon\u00e1sa t\u00f6rt\u00e9nik egy jobb kond\u00edci\u00f3j\u00fa hitell\u00e9, itt mindegyik r\u00e9gi hiteln\u00e9l \u00e1tvizsg\u00e1lja a bank a hitelm\u00faltat. Ehhez t\u00f6bb h\u00f3napra visszamen\u0151leg (nem ritka az elm\u00falt 12 h\u00f3nap vizsg\u00e1lata sem) banksz\u00e1mla kivonatot k\u00e9rnek be, \u00e9s emellett az adott bank saj\u00e1t el\u0151\u00edr\u00e1sainak megfelel\u0151 igazol\u00e1st a probl\u00e9mamentess\u00e9gre vonatkoz\u00f3an. Term\u00e9szetesen az \u00f6sszes ad\u00f3ss\u00e1grendez\u00e9sbe bevont [&hellip;]<\/p>\n","protected":false},"author":1,"featured_media":0,"parent":0,"menu_order":0,"comment_status":"closed","ping_status":"closed","template":"elementor_header_footer","meta":{"footnotes":""},"class_list":["post-95","page","type-page","status-publish","hentry"],"_links":{"self":[{"href":"https:\/\/uj.okoshitel.hu\/index.php\/wp-json\/wp\/v2\/pages\/95","targetHints":{"allow":["GET"]}}],"collection":[{"href":"https:\/\/uj.okoshitel.hu\/index.php\/wp-json\/wp\/v2\/pages"}],"about":[{"href":"https:\/\/uj.okoshitel.hu\/index.php\/wp-json\/wp\/v2\/types\/page"}],"author":[{"embeddable":true,"href":"https:\/\/uj.okoshitel.hu\/index.php\/wp-json\/wp\/v2\/users\/1"}],"replies":[{"embeddable":true,"href":"https:\/\/uj.okoshitel.hu\/index.php\/wp-json\/wp\/v2\/comments?post=95"}],"version-history":[{"count":14,"href":"https:\/\/uj.okoshitel.hu\/index.php\/wp-json\/wp\/v2\/pages\/95\/revisions"}],"predecessor-version":[{"id":1385,"href":"https:\/\/uj.okoshitel.hu\/index.php\/wp-json\/wp\/v2\/pages\/95\/revisions\/1385"}],"wp:attachment":[{"href":"https:\/\/uj.okoshitel.hu\/index.php\/wp-json\/wp\/v2\/media?parent=95"}],"curies":[{"name":"wp","href":"https:\/\/api.w.org\/{rel}","templated":true}]}}