{"id":91,"date":"2024-05-14T13:10:16","date_gmt":"2024-05-14T13:10:16","guid":{"rendered":"https:\/\/uj.okoshitel.hu\/?page_id=91"},"modified":"2025-09-08T15:01:51","modified_gmt":"2025-09-08T15:01:51","slug":"adossagrendezo-hitel","status":"publish","type":"page","link":"https:\/\/uj.okoshitel.hu\/index.php\/adossagrendezo-hitel\/","title":{"rendered":"Ad\u00f3ss\u00e1grendez\u0151 hitel"},"content":{"rendered":"\t\t<div data-elementor-type=\"wp-page\" data-elementor-id=\"91\" class=\"elementor elementor-91\" data-elementor-post-type=\"page\">\n\t\t\t\t<div class=\"elementor-element elementor-element-a538556 e-flex e-con-boxed e-con e-parent\" data-id=\"a538556\" data-element_type=\"container\" data-settings=\"{&quot;background_background&quot;:&quot;gradient&quot;}\">\n\t\t\t\t\t<div class=\"e-con-inner\">\n\t\t\t\t<div class=\"elementor-element elementor-element-48f75c4 elementor-widget elementor-widget-heading\" data-id=\"48f75c4\" data-element_type=\"widget\" data-widget_type=\"heading.default\">\n\t\t\t\t\t<h1 class=\"elementor-heading-title elementor-size-default\">Ad\u00f3ss\u00e1grendez\u0151 hitel<\/h1>\t\t\t\t<\/div>\n\t\t\t\t<div class=\"elementor-element elementor-element-1beb55e elementor-widget elementor-widget-text-editor\" data-id=\"1beb55e\" data-element_type=\"widget\" data-widget_type=\"text-editor.default\">\n\t\t\t\t\t\t\t\t\t<p>Az ad\u00f3ss\u00e1grendez\u0151 hitel nagyon hasonl\u00edt a hitelkiv\u00e1lt\u00f3 hitelhez.<\/p>\t\t\t\t\t\t\t\t<\/div>\n\t\t\t\t\t<\/div>\n\t\t\t\t<\/div>\n\t\t<div class=\"elementor-element elementor-element-2bea268 e-flex e-con-boxed e-con e-parent\" data-id=\"2bea268\" data-element_type=\"container\">\n\t\t\t\t\t<div class=\"e-con-inner\">\n\t\t<div class=\"elementor-element elementor-element-a06d75f e-con-full e-flex e-con e-child\" data-id=\"a06d75f\" data-element_type=\"container\">\n\t\t\t\t<div class=\"elementor-element elementor-element-9f24a6d elementor-widget elementor-widget-text-editor\" data-id=\"9f24a6d\" data-element_type=\"widget\" data-widget_type=\"text-editor.default\">\n\t\t\t\t\t\t\t\t\t<p>A k\u00fcl\u00f6nbs\u00e9g abban rejlik, hogy m\u00edg a hitelkiv\u00e1lt\u00f3 hitel alatt egy vagy t\u00f6bb jelz\u00e1loghitel kiv\u00e1lt\u00e1s\u00e1t \u00e9rtj\u00fck, az ad\u00f3ss\u00e1grendez\u00e9s enn\u00e9l t\u00e1gabb fogalom, mert enn\u00e9l szinte b\u00e1rmilyen hitel kiv\u00e1lt\u00e1sa sz\u00f3ba j\u00f6het. Az ad\u00f3ss\u00e1grendez\u00e9st legink\u00e1bb akkor szokt\u00e1k haszn\u00e1lni, amennyiben m\u00e1r t\u00fal sokf\u00e9le hitel van egy h\u00e1ztart\u00e1sban vagy azok fizet\u00e9se meghaladja a h\u00e1ztart\u00e1s tehervisel\u0151 k\u00e9pess\u00e9g\u00e9t. Ekkor lehet\u0151s\u00e9g van az \u00f6sszes hitel \u00e9s k\u00f6lcs\u00f6n egy hitell\u00e9 alak\u00edt\u00e1s\u00e1ra az ad\u00f3ss\u00e1grendez\u00e9s keret\u00e9ben.<\/p>\t\t\t\t\t\t\t\t<\/div>\n\t\t\t\t<\/div>\n\t\t<div class=\"elementor-element elementor-element-8c8391d e-con-full e-flex e-con e-child\" data-id=\"8c8391d\" data-element_type=\"container\" data-settings=\"{&quot;background_background&quot;:&quot;gradient&quot;}\">\n\t\t\t\t<div class=\"elementor-element elementor-element-74dfd43 elementor-widget elementor-widget-n-accordion\" data-id=\"74dfd43\" data-element_type=\"widget\" data-settings=\"{&quot;default_state&quot;:&quot;all_collapsed&quot;,&quot;max_items_expended&quot;:&quot;one&quot;,&quot;n_accordion_animation_duration&quot;:{&quot;unit&quot;:&quot;ms&quot;,&quot;size&quot;:400,&quot;sizes&quot;:[]}}\" data-widget_type=\"nested-accordion.default\">\n\t\t\t\t\t\t\t<div class=\"e-n-accordion\" aria-label=\"Accordion. Open links with Enter or Space, close with Escape, and navigate with Arrow Keys\">\n\t\t\t\t\t\t<details id=\"e-n-accordion-item-1220\" class=\"e-n-accordion-item\" >\n\t\t\t\t<summary class=\"e-n-accordion-item-title\" data-accordion-index=\"1\" tabindex=\"0\" aria-expanded=\"false\" aria-controls=\"e-n-accordion-item-1220\" >\n\t\t\t\t\t<span class='e-n-accordion-item-title-header'><div class=\"e-n-accordion-item-title-text\"> C\u00e9lja <\/div><\/span>\n\t\t\t\t\t\t\t<span class='e-n-accordion-item-title-icon'>\n\t\t\t<span class='e-opened' ><svg aria-hidden=\"true\" class=\"e-font-icon-svg e-fas-minus\" viewBox=\"0 0 448 512\" xmlns=\"http:\/\/www.w3.org\/2000\/svg\"><path d=\"M416 208H32c-17.67 0-32 14.33-32 32v32c0 17.67 14.33 32 32 32h384c17.67 0 32-14.33 32-32v-32c0-17.67-14.33-32-32-32z\"><\/path><\/svg><\/span>\n\t\t\t<span class='e-closed'><svg aria-hidden=\"true\" class=\"e-font-icon-svg e-fas-plus\" viewBox=\"0 0 448 512\" xmlns=\"http:\/\/www.w3.org\/2000\/svg\"><path d=\"M416 208H272V64c0-17.67-14.33-32-32-32h-32c-17.67 0-32 14.33-32 32v144H32c-17.67 0-32 14.33-32 32v32c0 17.67 14.33 32 32 32h144v144c0 17.67 14.33 32 32 32h32c17.67 0 32-14.33 32-32V304h144c17.67 0 32-14.33 32-32v-32c0-17.67-14.33-32-32-32z\"><\/path><\/svg><\/span>\n\t\t<\/span>\n\n\t\t\t\t\t\t<\/summary>\n\t\t\t\t<div role=\"region\" aria-labelledby=\"e-n-accordion-item-1220\" class=\"elementor-element elementor-element-da6b565 e-con-full e-flex e-con e-child\" data-id=\"da6b565\" data-element_type=\"container\">\n\t\t<div role=\"region\" aria-labelledby=\"e-n-accordion-item-1220\" class=\"elementor-element elementor-element-b0702a3 e-flex e-con-boxed e-con e-child\" data-id=\"b0702a3\" data-element_type=\"container\">\n\t\t\t\t\t<div class=\"e-con-inner\">\n\t\t\t\t<div class=\"elementor-element elementor-element-36e80eb elementor-widget elementor-widget-text-editor\" data-id=\"36e80eb\" data-element_type=\"widget\" data-widget_type=\"text-editor.default\">\n\t\t\t\t\t\t\t\t\t<p>Az ad\u00f3ss\u00e1grendez\u00e9s c\u00e9lja teh\u00e1t alapvet\u0151en t\u00f6bbf\u00e9le megl\u00e9v\u0151 hitel \u00f6sszevon\u00e1sa egy jelz\u00e1loghitell\u00e9. A kiv\u00e1ltand\u00f3 hitelek k\u00f6z\u00f6tt lehet jelz\u00e1loghitel (pl.: lak\u00e1shitel, \u00e9p\u00edt\u00e9si hitel, szabad felhaszn\u00e1l\u00e1s\u00fa hitel) \u00e9s fogyaszt\u00e1si hitel is (szem\u00e9lyi k\u00f6lcs\u00f6n, hitelk\u00e1rtya, stb.). A c\u00e9l: ezeket egyetlen \u2013 jobb felt\u00e9teleket biztos\u00edt\u00f3 \u2013 hitellel kiv\u00e1ltani \u00fagy, hogy a havi t\u00f6rleszt\u0151-r\u00e9szlet nagys\u00e1g\u00e1t k\u00f6zben \u00f6sszess\u00e9g\u00e9ben cs\u00f6kkenteni tudjuk a h\u00e1ztart\u00e1s sz\u00e1m\u00e1ra.<\/p>\t\t\t\t\t\t\t\t<\/div>\n\t\t\t\t\t<\/div>\n\t\t\t\t<\/div>\n\t\t\t\t<\/div>\n\t\t\t\t\t<\/details>\n\t\t\t\t\t<\/div>\n\t\t\t\t\t\t<\/div>\n\t\t\t\t<div class=\"elementor-element elementor-element-e91356d elementor-widget elementor-widget-n-accordion\" data-id=\"e91356d\" data-element_type=\"widget\" data-settings=\"{&quot;default_state&quot;:&quot;all_collapsed&quot;,&quot;max_items_expended&quot;:&quot;one&quot;,&quot;n_accordion_animation_duration&quot;:{&quot;unit&quot;:&quot;ms&quot;,&quot;size&quot;:400,&quot;sizes&quot;:[]}}\" data-widget_type=\"nested-accordion.default\">\n\t\t\t\t\t\t\t<div class=\"e-n-accordion\" aria-label=\"Accordion. Open links with Enter or Space, close with Escape, and navigate with Arrow Keys\">\n\t\t\t\t\t\t<details id=\"e-n-accordion-item-2440\" class=\"e-n-accordion-item\" >\n\t\t\t\t<summary class=\"e-n-accordion-item-title\" data-accordion-index=\"1\" tabindex=\"0\" aria-expanded=\"false\" aria-controls=\"e-n-accordion-item-2440\" >\n\t\t\t\t\t<span class='e-n-accordion-item-title-header'><div class=\"e-n-accordion-item-title-text\"> Az ad\u00f3ss\u00e1grendez\u0151 hitel felv\u00e9tel\u00e9nek folyamata <\/div><\/span>\n\t\t\t\t\t\t\t<span class='e-n-accordion-item-title-icon'>\n\t\t\t<span class='e-opened' ><svg aria-hidden=\"true\" class=\"e-font-icon-svg e-fas-minus\" viewBox=\"0 0 448 512\" xmlns=\"http:\/\/www.w3.org\/2000\/svg\"><path d=\"M416 208H32c-17.67 0-32 14.33-32 32v32c0 17.67 14.33 32 32 32h384c17.67 0 32-14.33 32-32v-32c0-17.67-14.33-32-32-32z\"><\/path><\/svg><\/span>\n\t\t\t<span class='e-closed'><svg aria-hidden=\"true\" class=\"e-font-icon-svg e-fas-plus\" viewBox=\"0 0 448 512\" xmlns=\"http:\/\/www.w3.org\/2000\/svg\"><path d=\"M416 208H272V64c0-17.67-14.33-32-32-32h-32c-17.67 0-32 14.33-32 32v144H32c-17.67 0-32 14.33-32 32v32c0 17.67 14.33 32 32 32h144v144c0 17.67 14.33 32 32 32h32c17.67 0 32-14.33 32-32V304h144c17.67 0 32-14.33 32-32v-32c0-17.67-14.33-32-32-32z\"><\/path><\/svg><\/span>\n\t\t<\/span>\n\n\t\t\t\t\t\t<\/summary>\n\t\t\t\t<div role=\"region\" aria-labelledby=\"e-n-accordion-item-2440\" class=\"elementor-element elementor-element-61df1dd e-con-full e-flex e-con e-child\" data-id=\"61df1dd\" data-element_type=\"container\">\n\t\t<div role=\"region\" aria-labelledby=\"e-n-accordion-item-2440\" class=\"elementor-element elementor-element-6b1645c e-flex e-con-boxed e-con e-child\" data-id=\"6b1645c\" data-element_type=\"container\">\n\t\t\t\t\t<div class=\"e-con-inner\">\n\t\t\t\t<div class=\"elementor-element elementor-element-bbdcc36 elementor-widget elementor-widget-text-editor\" data-id=\"bbdcc36\" data-element_type=\"widget\" data-widget_type=\"text-editor.default\">\n\t\t\t\t\t\t\t\t\t<p>Mivel a bankok csak a j\u00f3 ad\u00f3sokb\u00f3l k\u00edv\u00e1nnak \u00e1llom\u00e1nyt \u00e9p\u00edteni, \u00e9rthet\u0151 m\u00f3don csak olyan \u00fcgyf\u00e9l hitelkiv\u00e1lt\u00e1si \u00e9s ad\u00f3ss\u00e1grendez\u0151 sz\u00e1nd\u00e9k\u00e1t fogadj\u00e1k, ahol a kor\u00e1bbi hiteleken tan\u00fas\u00edtott fizet\u00e9si magatart\u00e1s pozit\u00edv \u00e9s megfelel\u0151. K\u00e9sedelmes t\u00f6rleszt\u00e9s\u0171 \u00e9s probl\u00e9m\u00e1s hitelek kiv\u00e1lt\u00e1s\u00e1ra a legt\u00f6bb bankn\u00e1l \u00e1ltal\u00e1ban nincsen lehet\u0151s\u00e9g.<\/p><p>Ad\u00f3ss\u00e1grendez\u00e9s eset\u00e9n term\u00e9szetesen az \u00f6sszes kiv\u00e1ltand\u00f3 hitelen vizsg\u00e1lja a bank a hitelm\u00faltat, ami n\u00e9hol rendk\u00edv\u00fcli m\u00e9rt\u00e9k\u0171 bek\u00e9rend\u0151 dokument\u00e1ci\u00f3t \u00e9s hosszadalmas adminisztr\u00e1ci\u00f3t jelenthet.<\/p><p>Ett\u0151l eltekintve az ad\u00f3ss\u00e1grendez\u0151 hitel felv\u00e9tel\u00e9nek folyamata \u00e9s a saj\u00e1toss\u00e1gai szinte teljesen azonosak a hitelkiv\u00e1lt\u00f3 hitel\u00e9vel. Neh\u00e9zs\u00e9ge abban rejlik, hogy ak\u00e1r tucatnyi k\u00fcl\u00f6nb\u00f6z\u0151 szolg\u00e1ltat\u00f3n\u00e1l fenn\u00e1ll\u00f3 hitelt szab\u00e1lyosan leigazolni komoly kitart\u00e1st \u00e9s ut\u00e1nj\u00e1r\u00e1st ig\u00e9nyel.<\/p><p>Tov\u00e1bb\u00e1 neh\u00e9z amiatt is, mert min\u00e9l t\u00f6bb helyre tartozik valaki, ann\u00e1l nagyobb az es\u00e9lye annak, hogy itt vagy ott k\u00e9sedelembe esik (ezt h\u00edvj\u00e1k a bankok ad\u00f3ss\u00e1gspir\u00e1lnak). Emiatt van egy \u00edratlan bels\u0151 szab\u00e1ly minden bankban arr\u00f3l, hogy egy\u00e1ltal\u00e1n mennyi lehet a kiv\u00e1ltand\u00f3 hitelek darabsz\u00e1ma egy h\u00e1ztart\u00e1sban. K\u00f6zvet\u00edt\u0151k\u00e9nt is a legnehezebb t\u00edpus\u00fa \u00fcgyletek k\u00f6z\u00e9 tartozik az ad\u00f3ss\u00e1grendez\u00e9s, mert ritka az olyan h\u00e1ztart\u00e1s, ahol minden teljesen k\u00e9zben van tartva, m\u00e9gis rengeteg a hitel. \u00c1ltal\u00e1ban \u00e9ri valamilyen hat\u00e1s a h\u00e1ztart\u00e1st, pl. nagyon megemelkedik a t\u00f6rleszt\u0151, kiesik egy j\u00f6vedelem, \u00f6sszeveszik a p\u00e1r, s ut\u00e1na elindul egy er\u00f3zi\u00f3. Emiatt viszont szinte t\u00f6rv\u00e9nyszer\u0171ek a cs\u00fasz\u00e1sok \u00e9s az ilyen-olyan sz\u00e9ps\u00e9gfoltok.<\/p><p>Mindezen neh\u00e9zs\u00e9gek ellen\u00e9re az Okoshitel v\u00e1llalja ad\u00f3ss\u00e1grendez\u0151 hitelek k\u00f6zvet\u00edt\u00e9s\u00e9t \u00e9s lebonyol\u00edt\u00e1s\u00e1t is. Mindig nagy \u00f6r\u00f6m azt visszahallani, hogy m\u00e9g az utols\u00f3 pillanatban j\u00f6tt\u00fcnk \u00e9s seg\u00edtett\u00fcnk, mert k\u00fcl\u00f6nben ilyen-olyan baj \u00e9rte volna a h\u00e1zat! S t\u00e9nyleg, vannak az\u00e9rt olyan h\u00e1ztart\u00e1sok, amelyeknek egy j\u00f3l kiv\u00e1lasztott ad\u00f3ss\u00e1grendez\u0151 hitel az utols\u00f3 rem\u00e9nysugarat jelenti ugyan, de ha \u00f6sszej\u00f6n, akkor a hitelfelv\u00e9tel seg\u00edts\u00e9g\u00e9vel k\u00e9pesek rendezni soraikat.<\/p>\t\t\t\t\t\t\t\t<\/div>\n\t\t\t\t\t<\/div>\n\t\t\t\t<\/div>\n\t\t\t\t<\/div>\n\t\t\t\t\t<\/details>\n\t\t\t\t\t<\/div>\n\t\t\t\t\t\t<\/div>\n\t\t\t\t<\/div>\n\t\t\t\t\t<\/div>\n\t\t\t\t<\/div>\n\t\t\t\t<\/div>\n\t\t","protected":false},"excerpt":{"rendered":"<p>Az ad\u00f3ss\u00e1grendez\u0151 hitel nagyon hasonl\u00edt a hitelkiv\u00e1lt\u00f3 hitelhez. A k\u00fcl\u00f6nbs\u00e9g abban rejlik, hogy m\u00edg a hitelkiv\u00e1lt\u00f3 hitel alatt egy vagy t\u00f6bb jelz\u00e1loghitel kiv\u00e1lt\u00e1s\u00e1t \u00e9rtj\u00fck, az ad\u00f3ss\u00e1grendez\u00e9s enn\u00e9l t\u00e1gabb fogalom, mert enn\u00e9l szinte b\u00e1rmilyen hitel kiv\u00e1lt\u00e1sa sz\u00f3ba j\u00f6het. Az ad\u00f3ss\u00e1grendez\u00e9st legink\u00e1bb akkor szokt\u00e1k haszn\u00e1lni, amennyiben m\u00e1r t\u00fal sokf\u00e9le hitel van egy h\u00e1ztart\u00e1sban vagy azok fizet\u00e9se meghaladja [&hellip;]<\/p>\n","protected":false},"author":1,"featured_media":0,"parent":0,"menu_order":0,"comment_status":"closed","ping_status":"closed","template":"elementor_header_footer","meta":{"footnotes":""},"class_list":["post-91","page","type-page","status-publish","hentry"],"_links":{"self":[{"href":"https:\/\/uj.okoshitel.hu\/index.php\/wp-json\/wp\/v2\/pages\/91","targetHints":{"allow":["GET"]}}],"collection":[{"href":"https:\/\/uj.okoshitel.hu\/index.php\/wp-json\/wp\/v2\/pages"}],"about":[{"href":"https:\/\/uj.okoshitel.hu\/index.php\/wp-json\/wp\/v2\/types\/page"}],"author":[{"embeddable":true,"href":"https:\/\/uj.okoshitel.hu\/index.php\/wp-json\/wp\/v2\/users\/1"}],"replies":[{"embeddable":true,"href":"https:\/\/uj.okoshitel.hu\/index.php\/wp-json\/wp\/v2\/comments?post=91"}],"version-history":[{"count":11,"href":"https:\/\/uj.okoshitel.hu\/index.php\/wp-json\/wp\/v2\/pages\/91\/revisions"}],"predecessor-version":[{"id":1379,"href":"https:\/\/uj.okoshitel.hu\/index.php\/wp-json\/wp\/v2\/pages\/91\/revisions\/1379"}],"wp:attachment":[{"href":"https:\/\/uj.okoshitel.hu\/index.php\/wp-json\/wp\/v2\/media?parent=91"}],"curies":[{"name":"wp","href":"https:\/\/api.w.org\/{rel}","templated":true}]}}