{"id":81,"date":"2024-05-14T12:36:15","date_gmt":"2024-05-14T12:36:15","guid":{"rendered":"https:\/\/uj.okoshitel.hu\/?page_id=81"},"modified":"2026-03-10T16:42:56","modified_gmt":"2026-03-10T16:42:56","slug":"szabad-felhasznalasu-hitel-2","status":"publish","type":"page","link":"https:\/\/uj.okoshitel.hu\/index.php\/szabad-felhasznalasu-hitel-2\/","title":{"rendered":"Szabad felhaszn\u00e1l\u00e1s\u00fa hitel"},"content":{"rendered":"\t\t<div data-elementor-type=\"wp-page\" data-elementor-id=\"81\" class=\"elementor elementor-81\" data-elementor-post-type=\"page\">\n\t\t\t\t<div class=\"elementor-element elementor-element-a5b4a90 e-flex e-con-boxed e-con e-parent\" data-id=\"a5b4a90\" data-element_type=\"container\" data-settings=\"{&quot;background_background&quot;:&quot;gradient&quot;}\">\n\t\t\t\t\t<div class=\"e-con-inner\">\n\t\t\t\t<div class=\"elementor-element elementor-element-f5b9f83 elementor-widget elementor-widget-heading\" data-id=\"f5b9f83\" data-element_type=\"widget\" data-widget_type=\"heading.default\">\n\t\t\t\t\t<h1 class=\"elementor-heading-title elementor-size-default\">Szabad felhaszn\u00e1l\u00e1s\u00fa hitel<\/h1>\t\t\t\t<\/div>\n\t\t\t\t\t<\/div>\n\t\t\t\t<\/div>\n\t\t<div class=\"elementor-element elementor-element-758bcc8 e-flex e-con-boxed e-con e-parent\" data-id=\"758bcc8\" data-element_type=\"container\">\n\t\t\t\t\t<div class=\"e-con-inner\">\n\t\t<div class=\"elementor-element elementor-element-d3aaf7b e-con-full e-flex e-con e-child\" data-id=\"d3aaf7b\" data-element_type=\"container\">\n\t\t\t\t<div class=\"elementor-element elementor-element-94103c5 elementor-widget elementor-widget-image\" data-id=\"94103c5\" data-element_type=\"widget\" data-widget_type=\"image.default\">\n\t\t\t\t\t\t\t\t\t\t\t\t\t\t\t<img fetchpriority=\"high\" decoding=\"async\" width=\"790\" height=\"436\" src=\"https:\/\/uj.okoshitel.hu\/wp-content\/uploads\/2025\/08\/Reteg-14.jpg\" class=\"attachment-large size-large wp-image-720\" alt=\"\" srcset=\"https:\/\/uj.okoshitel.hu\/wp-content\/uploads\/2025\/08\/Reteg-14.jpg 790w, https:\/\/uj.okoshitel.hu\/wp-content\/uploads\/2025\/08\/Reteg-14-300x166.jpg 300w, https:\/\/uj.okoshitel.hu\/wp-content\/uploads\/2025\/08\/Reteg-14-768x424.jpg 768w\" sizes=\"(max-width: 790px) 100vw, 790px\" \/>\t\t\t\t\t\t\t\t\t\t\t\t\t\t\t<\/div>\n\t\t\t\t<div class=\"elementor-element elementor-element-e530e88 elementor-widget__width-initial elementor-widget elementor-widget-heading\" data-id=\"e530e88\" data-element_type=\"widget\" data-widget_type=\"heading.default\">\n\t\t\t\t\t<h2 class=\"elementor-heading-title elementor-size-default\">Mit\u0151l szabad felhaszn\u00e1l\u00e1s\u00fa ez a fajta jelz\u00e1loghitel?<\/h2>\t\t\t\t<\/div>\n\t\t\t\t<div class=\"elementor-element elementor-element-2c0bd63 elementor-widget elementor-widget-text-editor\" data-id=\"2c0bd63\" data-element_type=\"widget\" data-widget_type=\"text-editor.default\">\n\t\t\t\t\t\t\t\t\t<p>Legink\u00e1bb att\u00f3l, hogy a jelenlegi hazai szab\u00e1lyoz\u00e1s szerint t\u00e9nyleg semmilyen konkr\u00e9t hitelc\u00e9lt nem kell megjel\u00f6lnie, ha ilyen hitelt ig\u00e9nyel. Ausztri\u00e1ban p\u00e9ld\u00e1ul v\u00e9get vetettek ennek a szabads\u00e1gnak, mert ott csak meghat\u00e1rozott c\u00e9lra lehet jelz\u00e1loghitelt ig\u00e9nyelni azok ut\u00e1n, hogy n\u00e9h\u00e1nyan elkaszin\u00f3zt\u00e1k pillanatok alatt a csal\u00e1di vagyont.<\/p><p>Annak ellen\u00e9re, hogy teljesen k\u00f6tetlen, teh\u00e1t val\u00f3ban szabad felhaszn\u00e1l\u00e1s\u00fa az e c\u00e9lra felvett hitel felhaszn\u00e1l\u00e1sa, m\u00e9gis van p\u00e1r jellemz\u0151 m\u00f6g\u00f6ttes hitelc\u00e9l:<\/p><ol><li><strong>vehet bel\u0151le tart\u00f3s fogyaszt\u00e1si cikket (aut\u00f3t, yachtot stb.), ha \u00e9rdemesebb szabad felhaszn\u00e1l\u00e1s\u00fa hitellel finansz\u00edroztatnia azt, mint kifejezetten a v\u00e1s\u00e1rl\u00e1sra felvett hitelb\u0151l<\/strong><\/li><li><strong>felhaszn\u00e1lhatja rosszabb kond\u00edci\u00f3j\u00fa hitelek kiv\u00e1lt\u00e1s\u00e1ra<\/strong><\/li><li><strong>fel is \u00faj\u00edthatja bel\u0151le a lak\u00e1s\u00e1t, amennyiben annak fel\u00faj\u00edt\u00e1s el\u0151tti \u00e9rt\u00e9ke el\u00e9g a k\u00e9rt hitel\u00f6sszeghez<\/strong><\/li><li><strong>v\u00e9g\u00fcl az is gyakori, hogy \u00f6ner\u0151k\u00e9nt szolg\u00e1l egy m\u00e1sik ingatlan megv\u00e1s\u00e1rl\u00e1s\u00e1hoz.<\/strong><\/li><\/ol><p>B\u00e1r tartalmilag \u00e9s felt\u00e9teleiben a szabad felhaszn\u00e1l\u00e1s\u00fa hitellel azonos, megnevez\u00e9s\u00e9ben a legt\u00f6bb bankban valamilyen fant\u00e1zian\u00e9ven fut ez a hitelt\u00edpus, \u00fagy, mint szem\u00e9lyi k\u00f6lcs\u00f6n ingatlanfedezettel, jelz\u00e1loghitel stb.<\/p>\t\t\t\t\t\t\t\t<\/div>\n\t\t\t\t<div class=\"elementor-element elementor-element-10cc553 elementor-align-left elementor-widget elementor-widget-button\" data-id=\"10cc553\" data-element_type=\"widget\" data-widget_type=\"button.default\">\n\t\t\t\t\t\t\t\t\t\t<a class=\"elementor-button elementor-button-link elementor-size-sm\" href=\"\/index.php\/hitelkalkulator\/\">\n\t\t\t\t\t\t<span class=\"elementor-button-content-wrapper\">\n\t\t\t\t\t\t\t\t\t<span class=\"elementor-button-text\">Kalkul\u00e1lok!<\/span>\n\t\t\t\t\t<\/span>\n\t\t\t\t\t<\/a>\n\t\t\t\t\t\t\t\t<\/div>\n\t\t\t\t<\/div>\n\t\t<div class=\"elementor-element elementor-element-85cabda e-con-full e-flex e-con e-child\" data-id=\"85cabda\" data-element_type=\"container\" data-settings=\"{&quot;background_background&quot;:&quot;gradient&quot;}\">\n\t\t\t\t<div class=\"elementor-element elementor-element-be15888 elementor-widget__width-initial elementor-widget elementor-widget-heading\" data-id=\"be15888\" data-element_type=\"widget\" data-widget_type=\"heading.default\">\n\t\t\t\t\t<h2 class=\"elementor-heading-title elementor-size-default\">Miben k\u00fcl\u00f6nb\u00f6zik a szabad felhaszn\u00e1l\u00e1s\u00fa hitel a t\u00f6bbi jelz\u00e1loghitelt\u0151l?<\/h2>\t\t\t\t<\/div>\n\t\t\t\t<div class=\"elementor-element elementor-element-bf6347f elementor-widget elementor-widget-text-editor\" data-id=\"bf6347f\" data-element_type=\"widget\" data-widget_type=\"text-editor.default\">\n\t\t\t\t\t\t\t\t\t<p>a) a szabadfelhaszn\u00e1l\u00e1s\u00fa hitel eset\u00e9ben k\u00f6tetlen a hitelc\u00e9l<br \/>b) a szabadfelhaszn\u00e1l\u00e1s\u00fa hitel kamata kiv\u00e9tel n\u00e9lk\u00fcl mindenhol magasabb, mint ugyanazon bank lak\u00e1shitelein\u00e9l<br \/>c) a kamatk\u00fcl\u00f6nbs\u00e9g n\u00e9hol csek\u00e9ly, 0,5%\/\u00e9v, m\u00e1shol viszont jelent\u0151s is lehet, a szabadfelhaszn\u00e1l\u00e1s\u00fa hitel kamata ak\u00e1r \u00e9vi 5%-al is magasabb lehet<br \/>d) a szabadfelhaszn\u00e1l\u00e1s\u00fa hitel eset\u00e9ben \u00e1ltal\u00e1ban alacsonyabb a finansz\u00edroz\u00e1si h\u00e1nyad, azaz ugyanazon ingatlanra lak\u00e1sc\u00e9lra t\u00f6bbet tud felvenni, mint szabad felhaszn\u00e1l\u00e1s\u00fa c\u00e9lra<br \/>e) a szabadfelhaszn\u00e1l\u00e1s\u00fa hitel eset\u00e9ben a fedezeti oldalon emiatt el\u0151fordulhat olyan eset, hogy megvenni m\u00e9g meg tudn\u00e1 bankhitelb\u0151l az adott ingatlant, de szabad felhaszn\u00e1l\u00e1s\u00fat nem kapna r\u00e1 sehol sem, mert az elfogadhat\u00f3 fedezetek k\u00f6re is j\u00f3val sz\u0171kebb<\/p><p>f) ugyan\u00edgy igaz az is, hogy j\u00f6vedelem oldalon szigor\u00fabban sz\u00e1molnak a bankok, mint lak\u00e1sc\u00e9l\u00fa hitelekn\u00e9l, emiatt ugyanazon hitel\u00f6sszeghez nagyobb j\u00f6vedelmet kell igazolni a szabad felhaszn\u00e1l\u00e1s\u00fa hitelt\u00edpusn\u00e1l<\/p><p>g) szint\u00e9n gyakori, hogy a szabadfelhaszn\u00e1l\u00e1s\u00fa hitelt r\u00f6videbb futamid\u0151re adj\u00e1k, mint a lak\u00e1shitelt<\/p><p>h) n\u00e9h\u00e1ny bank, f\u0151leg akkor, amikor \u00e9ppen nem teng benne t\u00fal a hitelez\u00e9si kedv, kifejezetten tart\u00f3zkodik szabad felhaszn\u00e1l\u00e1s\u00fa hitel ny\u00fajt\u00e1s\u00e1t\u00f3l, amit legink\u00e1bb a magasra emelt kamattal jelez vagy n\u00e9h\u00e1ny a COVID \u00f3ta teljesen levette a palett\u00e1r\u00f3l<\/p><p>i) a szabadfelhaszn\u00e1l\u00e1s\u00fa hitelt\u00edpusn\u00e1l semmilyen t\u00e1mogatott hitel forma nem l\u00e9tezik<\/p><p>j) v\u00e9g\u00fcl fontos saj\u00e1toss\u00e1ga, hogy a m\u00e1s bankt\u00f3l elhozott lak\u00e1shitelek jellemz\u0151en jogi szempontb\u00f3l szabad felhaszn\u00e1l\u00e1s\u00fanak min\u0151s\u00fclnek a hitelkiv\u00e1lt\u00e1st k\u00f6vet\u0151en<\/p><p>k) dokument\u00e1ci\u00f3j\u00e1t tekintve a szabad felhaszn\u00e1l\u00e1s\u00fa jelz\u00e1loghitel a legegyszer\u0171bb hitelfajta, hiszen nincsen ad\u00e1sv\u00e9teli, \u00e9p\u00edt\u00e9si enged\u00e9ly, jellemz\u0151en hitelm\u00falt sem, amit dokument\u00e1lni kellene.<\/p>\t\t\t\t\t\t\t\t<\/div>\n\t\t\t\t<\/div>\n\t\t\t\t\t<\/div>\n\t\t\t\t<\/div>\n\t\t\t\t<\/div>\n\t\t","protected":false},"excerpt":{"rendered":"<p>Mit\u0151l szabad felhaszn\u00e1l\u00e1s\u00fa ez a fajta jelz\u00e1loghitel? Legink\u00e1bb att\u00f3l, hogy a jelenlegi hazai szab\u00e1lyoz\u00e1s szerint t\u00e9nyleg semmilyen konkr\u00e9t hitelc\u00e9lt nem kell megjel\u00f6lnie, ha ilyen hitelt ig\u00e9nyel. Ausztri\u00e1ban p\u00e9ld\u00e1ul v\u00e9get vetettek ennek a szabads\u00e1gnak, mert ott csak meghat\u00e1rozott c\u00e9lra lehet jelz\u00e1loghitelt ig\u00e9nyelni azok ut\u00e1n, hogy n\u00e9h\u00e1nyan elkaszin\u00f3zt\u00e1k pillanatok alatt a csal\u00e1di vagyont. Annak ellen\u00e9re, hogy teljesen [&hellip;]<\/p>\n","protected":false},"author":1,"featured_media":0,"parent":0,"menu_order":0,"comment_status":"closed","ping_status":"closed","template":"elementor_header_footer","meta":{"footnotes":""},"class_list":["post-81","page","type-page","status-publish","hentry"],"_links":{"self":[{"href":"https:\/\/uj.okoshitel.hu\/index.php\/wp-json\/wp\/v2\/pages\/81","targetHints":{"allow":["GET"]}}],"collection":[{"href":"https:\/\/uj.okoshitel.hu\/index.php\/wp-json\/wp\/v2\/pages"}],"about":[{"href":"https:\/\/uj.okoshitel.hu\/index.php\/wp-json\/wp\/v2\/types\/page"}],"author":[{"embeddable":true,"href":"https:\/\/uj.okoshitel.hu\/index.php\/wp-json\/wp\/v2\/users\/1"}],"replies":[{"embeddable":true,"href":"https:\/\/uj.okoshitel.hu\/index.php\/wp-json\/wp\/v2\/comments?post=81"}],"version-history":[{"count":23,"href":"https:\/\/uj.okoshitel.hu\/index.php\/wp-json\/wp\/v2\/pages\/81\/revisions"}],"predecessor-version":[{"id":2350,"href":"https:\/\/uj.okoshitel.hu\/index.php\/wp-json\/wp\/v2\/pages\/81\/revisions\/2350"}],"wp:attachment":[{"href":"https:\/\/uj.okoshitel.hu\/index.php\/wp-json\/wp\/v2\/media?parent=81"}],"curies":[{"name":"wp","href":"https:\/\/api.w.org\/{rel}","templated":true}]}}