{"id":79,"date":"2024-05-14T12:35:53","date_gmt":"2024-05-14T12:35:53","guid":{"rendered":"https:\/\/uj.okoshitel.hu\/?page_id=79"},"modified":"2024-05-16T13:04:48","modified_gmt":"2024-05-16T13:04:48","slug":"szabad-felhasznalasu-hitel","status":"publish","type":"page","link":"https:\/\/uj.okoshitel.hu\/index.php\/szabad-felhasznalasu-hitel\/","title":{"rendered":"Szabad felhaszn\u00e1l\u00e1s\u00fa hitel"},"content":{"rendered":"<p>[et_pb_section fb_built=&#8221;1&#8243; theme_builder_area=&#8221;post_content&#8221; _builder_version=&#8221;4.25.1&#8243; _module_preset=&#8221;default&#8221;][et_pb_row _builder_version=&#8221;4.25.1&#8243; _module_preset=&#8221;default&#8221; theme_builder_area=&#8221;post_content&#8221;][et_pb_column _builder_version=&#8221;4.25.1&#8243; _module_preset=&#8221;default&#8221; type=&#8221;4_4&#8243; theme_builder_area=&#8221;post_content&#8221;][et_pb_text _builder_version=&#8221;4.25.1&#8243; _module_preset=&#8221;default&#8221; theme_builder_area=&#8221;post_content&#8221; hover_enabled=&#8221;0&#8243; sticky_enabled=&#8221;0&#8243;]<\/p>\n<h1>Szabad felhaszn\u00e1l\u00e1s\u00fa hitel<\/h1>\n<p>&nbsp;<\/p>\n<h2>Mit\u0151l szabad felhaszn\u00e1l\u00e1s\u00fa ez a fajta jelz\u00e1loghitel?<\/h2>\n<p>Legink\u00e1bb att\u00f3l, hogy a jelenlegi hazai szab\u00e1lyoz\u00e1s szerint t\u00e9nyleg semmilyen konkr\u00e9t hitelc\u00e9lt nem kell megjel\u00f6lnie, ha ilyen hitelt ig\u00e9nyel. Ausztri\u00e1ban p\u00e9ld\u00e1ul v\u00e9get vetettek ennek a szabads\u00e1gnak, mert ott csak meghat\u00e1rozott c\u00e9lra lehet jelz\u00e1loghitelt ig\u00e9nyelni azok ut\u00e1n, hogy n\u00e9h\u00e1nyan elkaszin\u00f3zt\u00e1k pillanatok alatt a csal\u00e1di vagyont.<\/p>\n<p>Annak ellen\u00e9re, hogy teljesen k\u00f6tetlen, teh\u00e1t val\u00f3ban szabad felhaszn\u00e1l\u00e1s\u00fa az e c\u00e9lra felvett hitel, m\u00e9gis van p\u00e1r jellemz\u0151 m\u00f6g\u00f6ttes hitelc\u00e9l:<\/p>\n<ol>\n<li>vehet bel\u0151le tart\u00f3s fogyaszt\u00e1si cikket (aut\u00f3t, yachtot stb.), ha \u00e9rdemesebb szabad felhaszn\u00e1l\u00e1s\u00fa hitellel finansz\u00edroztatnia azt, mint kifejezetten a v\u00e1s\u00e1rl\u00e1sra felvett hitelb\u0151l<\/li>\n<li>felhaszn\u00e1lhatja rosszabb kond\u00edci\u00f3j\u00fa <a href=\"http:\/\/test.okoshitel.hu\/Hitel_kivaltas.html\">hitelek kiv\u00e1lt\u00e1s\u00e1ra<\/a><\/li>\n<li>fel is \u00faj\u00edthatja bel\u0151le a lak\u00e1s\u00e1t, amennyiben annak fel\u00faj\u00edt\u00e1s el\u0151tti \u00e9rt\u00e9ke el\u00e9g a k\u00e9rt hitel\u00f6sszeghez<\/li>\n<li>v\u00e9g\u00fcl az is gyakori, hogy \u00f6ner\u0151k\u00e9nt szolg\u00e1l egy m\u00e1sik ingatlan megv\u00e1s\u00e1rl\u00e1s\u00e1hoz.<\/li>\n<\/ol>\n<p>B\u00e1r tartalmilag ugyanaz, megnevez\u00e9s\u00e9ben a legt\u00f6bb bankban valamilyen fant\u00e1zian\u00e9ven fut ez a hitelt\u00edpus, \u00fagy mint szem\u00e9lyi k\u00f6lcs\u00f6n ingatlanfedezettel, jelz\u00e1loghitel, szabad felhaszn\u00e1l\u00e1s\u00fa k\u00f6lcs\u00f6n, gyorsk\u00f6lcs\u00f6n stb.<\/p>\n<p>&nbsp;<\/p>\n<p>&nbsp;<\/p>\n<h2>Miben k\u00fcl\u00f6nb\u00f6zik a szabad felhaszn\u00e1l\u00e1s\u00fa hitel a t\u00f6bbi jelz\u00e1loghitelt\u0151l?<\/h2>\n<p>A szabad felhaszn\u00e1l\u00e1s\u00fa hitel eset\u00e9ben:<\/p>\n<ol>\n<li>k\u00f6tetlen a hitelc\u00e9l<\/li>\n<li>kamata kiv\u00e9tel n\u00e9lk\u00fcl mindenhol magasabb, mint ugyanazon bank <a href=\"http:\/\/test.okoshitel.hu\/Lakashitel.html\">lak\u00e1shitelein\u00e9l<\/a><\/li>\n<li>a kamatk\u00fcl\u00f6nbs\u00e9g n\u00e9hol csek\u00e9ly, 0,5%\/\u00e9v, m\u00e1shol viszont jelent\u0151s is lehet, a szabad felhaszn\u00e1l\u00e1s\u00fa hitel kamata ak\u00e1r \u00e9vi 5%-al is magasabb lehet<\/li>\n<li>\u00e1ltal\u00e1ban alacsonyabb a finansz\u00edroz\u00e1si h\u00e1nyad, azaz ugyanazon ingatlanra lak\u00e1sc\u00e9lra t\u00f6bbet tud felvenni, mint szabad felhaszn\u00e1l\u00e1s\u00fa c\u00e9lra<\/li>\n<li>fedezeti oldalon emiatt el\u0151fordulhat olyan eset, hogy megvenni m\u00e9g tudn\u00e1 bankhitelb\u0151l az adott ingatlant, de szabad felhaszn\u00e1l\u00e1s\u00fat nem kapna r\u00e1 sehol sem, mert az elfogadhat\u00f3 fedezetek k\u00f6re is j\u00f3val sz\u0171kebb<\/li>\n<li>ugyan\u00edgy igaz az is, hogy j\u00f6vedelem oldalon szigor\u00fabban sz\u00e1molnak a bankok, mint <a href=\"http:\/\/test.okoshitel.hu\/Lakashitel.html\">l<\/a><a href=\"http:\/\/test.okoshitel.hu\/Lakashitel.html\">ak\u00e1sc\u00e9l\u00fa hitelekn\u00e9l<\/a>, emiatt ugyanazon hitel\u00f6sszeghez nagyobb j\u00f6vedelmet kell igazolni a szabad felhaszn\u00e1l\u00e1s\u00fa hitelt\u00edpusn\u00e1l<\/li>\n<li>szint\u00e9n gyakori, hogy r\u00f6videbb futamid\u0151re adj\u00e1k, mint a <a href=\"http:\/\/test.okoshitel.hu\/Lakashitel.html\">lak\u00e1shitelt<\/a><\/li>\n<li>n\u00e9h\u00e1ny bank, f\u0151leg akkor, amikor \u00e9ppen nem teng t\u00fal benne a hitelez\u00e9si kedv, kifejezetten tart\u00f3zkodik szabad felhaszn\u00e1l\u00e1s\u00fa hitel ny\u00fajt\u00e1s\u00e1t\u00f3l, amit legink\u00e1bb a magasra emelt kamattal jelez vagy eleve nincs is neki a palett\u00e1n ilyen term\u00e9k<\/li>\n<li>enn\u00e9l a hitelt\u00edpusn\u00e1l semmilyen t\u00e1mogatott hitel forma nem l\u00e9tezik<\/li>\n<li>v\u00e9g\u00fcl fontos saj\u00e1toss\u00e1ga, hogy a m\u00e1s bankt\u00f3l elhozott lak\u00e1shitelek jellemz\u0151en jogi szempontb\u00f3l szabad felhaszn\u00e1l\u00e1s\u00fanak min\u0151s\u00fclnek a <a href=\"http:\/\/test.okoshitel.hu\/Hitel_kivaltas.html\">hitelkiv\u00e1lt\u00e1st <\/a>k\u00f6vet\u0151en<\/li>\n<li>dokument\u00e1ci\u00f3j\u00e1t tekintve a szabad felhaszn\u00e1l\u00e1s\u00fa jelz\u00e1loghitel a legegyszer\u0171bb hitelfajta, hiszen nincsen ad\u00e1sv\u00e9teli, \u00e9p\u00edt\u00e9si enged\u00e9ly, jellemz\u0151en hitelm\u00falt sem, amit dokument\u00e1lni kellene.<\/li>\n<\/ol>\n<h1>\u00a0Ig\u00e9nyeljen szabad felhaszn\u00e1l\u00e1s\u00fa jelz\u00e1loghitelt most!<\/h1>\n<p>M\u00e1sra van sz\u00fcks\u00e9ge? N\u00e9zze meg a t\u00f6bbi el\u00e9rhet\u0151 hitel t\u00edpust is!:<\/p>\n<p><a href=\"http:\/\/test.okoshitel.hu\/Lakashitel.html\">Lak\u00e1shitel<\/a><\/p>\n<p><a href=\"http:\/\/test.okoshitel.hu\/Epitesi_hitel.html\">\u00c9p\u00edt\u00e9si hitel<\/a><\/p>\n<p><a href=\"http:\/\/test.okoshitel.hu\/Hitel_kivaltas.html\">Hitel kiv\u00e1lt\u00e1s<\/a><\/p>\n<p><a href=\"http:\/\/test.okoshitel.hu\/Adossagrendezo_hitel.html\">Ad\u00f3ss\u00e1grendez\u0151 hitel<\/a><\/p>\n<p>[\/et_pb_text][\/et_pb_column][\/et_pb_row][\/et_pb_section]<\/p>\n","protected":false},"excerpt":{"rendered":"<p>[et_pb_section fb_built=&#8221;1&#8243; theme_builder_area=&#8221;post_content&#8221; _builder_version=&#8221;4.25.1&#8243; _module_preset=&#8221;default&#8221;][et_pb_row _builder_version=&#8221;4.25.1&#8243; _module_preset=&#8221;default&#8221; theme_builder_area=&#8221;post_content&#8221;][et_pb_column _builder_version=&#8221;4.25.1&#8243; _module_preset=&#8221;default&#8221; type=&#8221;4_4&#8243; theme_builder_area=&#8221;post_content&#8221;][et_pb_text _builder_version=&#8221;4.25.1&#8243; _module_preset=&#8221;default&#8221; theme_builder_area=&#8221;post_content&#8221; hover_enabled=&#8221;0&#8243; sticky_enabled=&#8221;0&#8243;] Szabad felhaszn\u00e1l\u00e1s\u00fa hitel &nbsp; Mit\u0151l szabad felhaszn\u00e1l\u00e1s\u00fa ez a fajta jelz\u00e1loghitel? Legink\u00e1bb att\u00f3l, hogy a jelenlegi hazai szab\u00e1lyoz\u00e1s szerint t\u00e9nyleg semmilyen konkr\u00e9t hitelc\u00e9lt nem kell megjel\u00f6lnie, ha ilyen hitelt ig\u00e9nyel. Ausztri\u00e1ban p\u00e9ld\u00e1ul v\u00e9get vetettek ennek a szabads\u00e1gnak, mert [&hellip;]<\/p>\n","protected":false},"author":1,"featured_media":0,"parent":0,"menu_order":0,"comment_status":"closed","ping_status":"closed","template":"","meta":{"footnotes":""},"class_list":["post-79","page","type-page","status-publish","hentry"],"_links":{"self":[{"href":"https:\/\/uj.okoshitel.hu\/index.php\/wp-json\/wp\/v2\/pages\/79","targetHints":{"allow":["GET"]}}],"collection":[{"href":"https:\/\/uj.okoshitel.hu\/index.php\/wp-json\/wp\/v2\/pages"}],"about":[{"href":"https:\/\/uj.okoshitel.hu\/index.php\/wp-json\/wp\/v2\/types\/page"}],"author":[{"embeddable":true,"href":"https:\/\/uj.okoshitel.hu\/index.php\/wp-json\/wp\/v2\/users\/1"}],"replies":[{"embeddable":true,"href":"https:\/\/uj.okoshitel.hu\/index.php\/wp-json\/wp\/v2\/comments?post=79"}],"version-history":[{"count":3,"href":"https:\/\/uj.okoshitel.hu\/index.php\/wp-json\/wp\/v2\/pages\/79\/revisions"}],"predecessor-version":[{"id":153,"href":"https:\/\/uj.okoshitel.hu\/index.php\/wp-json\/wp\/v2\/pages\/79\/revisions\/153"}],"wp:attachment":[{"href":"https:\/\/uj.okoshitel.hu\/index.php\/wp-json\/wp\/v2\/media?parent=79"}],"curies":[{"name":"wp","href":"https:\/\/api.w.org\/{rel}","templated":true}]}}