{"id":55,"date":"2024-05-14T12:30:15","date_gmt":"2024-05-14T12:30:15","guid":{"rendered":"https:\/\/uj.okoshitel.hu\/?page_id=55"},"modified":"2026-01-09T10:46:49","modified_gmt":"2026-01-09T10:46:49","slug":"lakasbovitesi-hitel","status":"publish","type":"page","link":"https:\/\/uj.okoshitel.hu\/index.php\/lakasbovitesi-hitel\/","title":{"rendered":"Lak\u00e1sb\u0151v\u00edt\u00e9si hitel"},"content":{"rendered":"\t\t<div data-elementor-type=\"wp-page\" data-elementor-id=\"55\" class=\"elementor elementor-55\" data-elementor-post-type=\"page\">\n\t\t\t\t<div class=\"elementor-element elementor-element-fcbd260 e-flex e-con-boxed e-con e-parent\" data-id=\"fcbd260\" data-element_type=\"container\" data-settings=\"{&quot;background_background&quot;:&quot;gradient&quot;}\">\n\t\t\t\t\t<div class=\"e-con-inner\">\n\t\t\t\t<div class=\"elementor-element elementor-element-a82bfbe elementor-widget elementor-widget-heading\" data-id=\"a82bfbe\" data-element_type=\"widget\" data-widget_type=\"heading.default\">\n\t\t\t\t\t<h1 class=\"elementor-heading-title elementor-size-default\">Lak\u00e1sb\u0151v\u00edt\u00e9si hitel<\/h1>\t\t\t\t<\/div>\n\t\t\t\t<div class=\"elementor-element elementor-element-c4de552 elementor-widget elementor-widget-text-editor\" data-id=\"c4de552\" data-element_type=\"widget\" data-widget_type=\"text-editor.default\">\n\t\t\t\t\t\t\t\t\t<p>Minden, amit err\u0151l a t\u00edpus\u00fa hitelr\u0151l tudnia \u00e9rdemes!<\/p>\t\t\t\t\t\t\t\t<\/div>\n\t\t\t\t\t<\/div>\n\t\t\t\t<\/div>\n\t\t<div class=\"elementor-element elementor-element-7779d7b e-flex e-con-boxed e-con e-parent\" data-id=\"7779d7b\" data-element_type=\"container\" data-settings=\"{&quot;background_background&quot;:&quot;classic&quot;}\">\n\t\t\t\t\t<div class=\"e-con-inner\">\n\t\t<div class=\"elementor-element elementor-element-f157927 e-con-full e-flex e-con e-child\" data-id=\"f157927\" data-element_type=\"container\">\n\t\t\t\t<div class=\"elementor-element elementor-element-b9ffd47 elementor-widget elementor-widget-n-accordion\" data-id=\"b9ffd47\" data-element_type=\"widget\" data-settings=\"{&quot;default_state&quot;:&quot;all_collapsed&quot;,&quot;max_items_expended&quot;:&quot;one&quot;,&quot;n_accordion_animation_duration&quot;:{&quot;unit&quot;:&quot;ms&quot;,&quot;size&quot;:400,&quot;sizes&quot;:[]}}\" data-widget_type=\"nested-accordion.default\">\n\t\t\t\t\t\t\t<div class=\"e-n-accordion\" aria-label=\"Accordion. Open links with Enter or Space, close with Escape, and navigate with Arrow Keys\">\n\t\t\t\t\t\t<details id=\"e-n-accordion-item-1950\" class=\"e-n-accordion-item\" >\n\t\t\t\t<summary class=\"e-n-accordion-item-title\" data-accordion-index=\"1\" tabindex=\"0\" aria-expanded=\"false\" aria-controls=\"e-n-accordion-item-1950\" >\n\t\t\t\t\t<span class='e-n-accordion-item-title-header'><div class=\"e-n-accordion-item-title-text\"> Mi sz\u00e1m\u00edt lak\u00e1sb\u0151v\u00edt\u00e9snek hitelez\u00e9si szempontb\u00f3l? <\/div><\/span>\n\t\t\t\t\t\t\t<span class='e-n-accordion-item-title-icon'>\n\t\t\t<span class='e-opened' ><svg aria-hidden=\"true\" class=\"e-font-icon-svg e-fas-minus\" viewBox=\"0 0 448 512\" xmlns=\"http:\/\/www.w3.org\/2000\/svg\"><path d=\"M416 208H32c-17.67 0-32 14.33-32 32v32c0 17.67 14.33 32 32 32h384c17.67 0 32-14.33 32-32v-32c0-17.67-14.33-32-32-32z\"><\/path><\/svg><\/span>\n\t\t\t<span class='e-closed'><svg aria-hidden=\"true\" class=\"e-font-icon-svg e-fas-plus\" viewBox=\"0 0 448 512\" xmlns=\"http:\/\/www.w3.org\/2000\/svg\"><path d=\"M416 208H272V64c0-17.67-14.33-32-32-32h-32c-17.67 0-32 14.33-32 32v144H32c-17.67 0-32 14.33-32 32v32c0 17.67 14.33 32 32 32h144v144c0 17.67 14.33 32 32 32h32c17.67 0 32-14.33 32-32V304h144c17.67 0 32-14.33 32-32v-32c0-17.67-14.33-32-32-32z\"><\/path><\/svg><\/span>\n\t\t<\/span>\n\n\t\t\t\t\t\t<\/summary>\n\t\t\t\t<div role=\"region\" aria-labelledby=\"e-n-accordion-item-1950\" class=\"elementor-element elementor-element-6de97c4 e-con-full e-flex e-con e-child\" data-id=\"6de97c4\" data-element_type=\"container\">\n\t\t<div role=\"region\" aria-labelledby=\"e-n-accordion-item-1950\" class=\"elementor-element elementor-element-f6a6e84 e-flex e-con-boxed e-con e-child\" data-id=\"f6a6e84\" data-element_type=\"container\">\n\t\t\t\t\t<div class=\"e-con-inner\">\n\t\t\t\t<div class=\"elementor-element elementor-element-4be755a elementor-widget elementor-widget-text-editor\" data-id=\"4be755a\" data-element_type=\"widget\" data-widget_type=\"text-editor.default\">\n\t\t\t\t\t\t\t\t\t<ol><li>olyan, hat\u00f3s\u00e1gilag enged\u00e9lyezett \u00e9p\u00edt\u00e9si m\u0171velet, amir\u0151l az illet\u00e9kes \u00e9p\u00edt\u00e9s\u00fcgyi hat\u00f3s\u00e1g \u00e9rv\u00e9nyes \u00e9p\u00edt\u00e9si enged\u00e9lyt bocs\u00e1tott ki, \u00e9s az enged\u00e9ly joger\u0151re emelkedett, valamint<\/li><li>az \u00e9p\u00edt\u00e9si munka eredm\u00e9nyek\u00e9nt legal\u00e1bb egy \u00faj, minimum 12 n\u00e9gyzetm\u00e9tert meghalad\u00f3 (hasznos alapter\u00fclet\u0171) szoba kialak\u00edt\u00e1sra ker\u00fcl, valamint<\/li><li>az \u00e9p\u00fclet brutt\u00f3 alapter\u00fclete n\u00f6vekedik.<\/li><\/ol><p>\u00a0<\/p><p>A fentiekben meghat\u00e1rozott felt\u00e9teleknek egy\u00fcttesen kell teljes\u00fclni\u00fck ahhoz, hogy b\u0151v\u00edt\u00e9si c\u00e9llal\u00a0<strong>lak\u00e1shitelt<\/strong>\u00a0ig\u00e9nyelhessen. A lak\u00e1sb\u0151v\u00edt\u00e9shez teh\u00e1t az kev\u00e9s, hogy hozz\u00e1\u00e9p\u00edt egy m\u0171helyt vagy gar\u00e1zst a h\u00e1zhoz, mert nem alak\u00edt ki \u00faj lak\u00f3szob\u00e1t. Kev\u00e9s az is, hogy ha be\u00e9p\u00edti a tet\u0151teret, mert nem n\u0151 az \u00e9p\u00fclet brutt\u00f3 alapter\u00fclete stb.<\/p><p>Nagyon fontos tiszt\u00e1ban lennie azzal, hogy a teljes lak\u00e1sb\u0151v\u00edt\u00e9si hitelt csak akkor kaphatja meg, ha a b\u0151v\u00edtett \u00e9p\u00fclet megkapta a joger\u0151s haszn\u00e1latbav\u00e9teli enged\u00e9ly\u00e9t ill. hat\u00f3s\u00e1gi tudom\u00e1sulv\u00e9tele megt\u00f6rt\u00e9nt. Ez azt is jelenti, hogy a lak\u00e1sb\u0151v\u00edt\u00e9si hitelnek kifejezetten az a c\u00e9lja, hogy eljuttassa \u00d6nt a b\u0151v\u00edt\u00e9s befejez\u00e9s\u00e9ig.<\/p>\t\t\t\t\t\t\t\t<\/div>\n\t\t\t\t\t<\/div>\n\t\t\t\t<\/div>\n\t\t\t\t<\/div>\n\t\t\t\t\t<\/details>\n\t\t\t\t\t<\/div>\n\t\t\t\t\t\t<\/div>\n\t\t\t\t<div class=\"elementor-element elementor-element-a1387a3 elementor-widget elementor-widget-n-accordion\" data-id=\"a1387a3\" data-element_type=\"widget\" data-settings=\"{&quot;default_state&quot;:&quot;all_collapsed&quot;,&quot;max_items_expended&quot;:&quot;one&quot;,&quot;n_accordion_animation_duration&quot;:{&quot;unit&quot;:&quot;ms&quot;,&quot;size&quot;:400,&quot;sizes&quot;:[]}}\" data-widget_type=\"nested-accordion.default\">\n\t\t\t\t\t\t\t<div class=\"e-n-accordion\" aria-label=\"Accordion. Open links with Enter or Space, close with Escape, and navigate with Arrow Keys\">\n\t\t\t\t\t\t<details id=\"e-n-accordion-item-1690\" class=\"e-n-accordion-item\" >\n\t\t\t\t<summary class=\"e-n-accordion-item-title\" data-accordion-index=\"1\" tabindex=\"0\" aria-expanded=\"false\" aria-controls=\"e-n-accordion-item-1690\" >\n\t\t\t\t\t<span class='e-n-accordion-item-title-header'><div class=\"e-n-accordion-item-title-text\"> Mit kell tudnia a lak\u00e1sb\u0151v\u00edt\u00e9si hitelr\u0151l? <\/div><\/span>\n\t\t\t\t\t\t\t<span class='e-n-accordion-item-title-icon'>\n\t\t\t<span class='e-opened' ><svg aria-hidden=\"true\" class=\"e-font-icon-svg e-fas-minus\" viewBox=\"0 0 448 512\" xmlns=\"http:\/\/www.w3.org\/2000\/svg\"><path d=\"M416 208H32c-17.67 0-32 14.33-32 32v32c0 17.67 14.33 32 32 32h384c17.67 0 32-14.33 32-32v-32c0-17.67-14.33-32-32-32z\"><\/path><\/svg><\/span>\n\t\t\t<span class='e-closed'><svg aria-hidden=\"true\" class=\"e-font-icon-svg e-fas-plus\" viewBox=\"0 0 448 512\" xmlns=\"http:\/\/www.w3.org\/2000\/svg\"><path d=\"M416 208H272V64c0-17.67-14.33-32-32-32h-32c-17.67 0-32 14.33-32 32v144H32c-17.67 0-32 14.33-32 32v32c0 17.67 14.33 32 32 32h144v144c0 17.67 14.33 32 32 32h32c17.67 0 32-14.33 32-32V304h144c17.67 0 32-14.33 32-32v-32c0-17.67-14.33-32-32-32z\"><\/path><\/svg><\/span>\n\t\t<\/span>\n\n\t\t\t\t\t\t<\/summary>\n\t\t\t\t<div role=\"region\" aria-labelledby=\"e-n-accordion-item-1690\" class=\"elementor-element elementor-element-4345b75 e-con-full e-flex e-con e-child\" data-id=\"4345b75\" data-element_type=\"container\">\n\t\t<div role=\"region\" aria-labelledby=\"e-n-accordion-item-1690\" class=\"elementor-element elementor-element-7d41af3 e-flex e-con-boxed e-con e-child\" data-id=\"7d41af3\" data-element_type=\"container\">\n\t\t\t\t\t<div class=\"e-con-inner\">\n\t\t\t\t<div class=\"elementor-element elementor-element-0d4bd06 elementor-widget elementor-widget-text-editor\" data-id=\"0d4bd06\" data-element_type=\"widget\" data-widget_type=\"text-editor.default\">\n\t\t\t\t\t\t\t\t\t<ol><li>A lak\u00e1sb\u0151v\u00edt\u00e9si hitel a\u00a0<strong>lak\u00e1shitelek\u00a0<\/strong>k\u00f6z\u00e9 tartozik, \u00edgy kond\u00edci\u00f3it tekintve azonos pl. egy\u00a0<strong>lak\u00e1sv\u00e1s\u00e1rl\u00e1si hitel<\/strong>\u00a0kond\u00edci\u00f3ival.<\/li><li>L\u00e9tezik piaci \u00e9s t\u00e1mogatott lak\u00e1sb\u0151v\u00edt\u00e9si hitel is. B\u00e1r a legt\u00f6bb bank egy\u00a0<strong>szabad felhaszn\u00e1l\u00e1s\u00fa hitellel<\/strong>k\u00edn\u00e1lja meg, ha ebben a t\u00e9mak\u00f6rben \u00e9rdekl\u0151dik egy fi\u00f3kban, ezt m\u00e9gsem aj\u00e1nljuk \u00d6nnek, mivel a k\u00e9t hitelt\u00edpus k\u00f6z\u00f6tt \u00e1raz\u00e1sban \u00e9s b\u00edr\u00e1lati felt\u00e9telekben jelent\u0151s k\u00fcl\u00f6nbs\u00e9gek vannak.<\/li><li>Ezen fel\u00fcl az sem mindegy, hogy az ingatlana jelenlegi \u00e9rt\u00e9ke alapj\u00e1n biztos\u00edtja a lak\u00e1sb\u0151v\u00edt\u00e9sre sz\u00e1nt lak\u00e1shitelt a bank (ami ann\u00e1l fontosabb szempont, min\u00e9l kisebb \u00e9rt\u00e9k\u0171 a jelenlegi ingatlan \u00e9s min\u00e9l jelent\u0151sebb \u00e9rt\u00e9kn\u00f6veked\u00e9s k\u00f6vetkezik be a lak\u00e1sb\u0151v\u00edt\u00e9ssel) vagy annak j\u00f6vend\u0151beli \u00e9rt\u00e9ke alapj\u00e1n.<\/li><li>A lak\u00e1sb\u0151v\u00edt\u00e9si hitelt a bankok \u00fan. el\u0151finansz\u00edroz\u00e1si form\u00e1ban adj\u00e1k. Ez annyit jelent, hogy el\u0151re adj\u00e1k oda a p\u00e9nzt \u00e9s ut\u00f3lag kell \u00d6nnek leigazolnia azt, hogy b\u0151v\u00edt\u00e9sre ford\u00edtotta a lak\u00e1sb\u0151v\u00edt\u00e9si hitel teljes \u00f6sszeg\u00e9t.<\/li><li>A lak\u00e1sb\u0151v\u00edt\u00e9s \u00e9p\u00edt\u00e9si enged\u00e9ly ill. bejelent\u00e9s k\u00f6teles munk\u00e1kat jelent, a joger\u0151s \u00e9p\u00edt\u00e9si enged\u00e9ly ill. bejelent\u00e9s beny\u00fajt\u00e1sa ez\u00e9rt minden bank eset\u00e9ben a k\u00f6lcs\u00f6n ig\u00e9nyl\u00e9s\u00e9nek el\u0151felt\u00e9tele.<\/li><li>Fontos, hogy a lak\u00e1sb\u0151v\u00edt\u00e9si hitel \u00f6sszege nem haladhatja meg a k\u00f6lts\u00e9gvet\u00e9sben szerepl\u0151 lak\u00e1sb\u0151v\u00edt\u00e9si \u00f6sszk\u00f6lts\u00e9get.<\/li><li>Maga a foly\u00f3s\u00edt\u00e1s az\u00a0<strong>\u00e9p\u00edt\u00e9si hitelhez<\/strong>hasonl\u00f3an szakaszos, azaz t\u00f6bb r\u00e9szletben adja oda a bank, ahogy halad el\u0151re a lak\u00e1sb\u0151v\u00edt\u00e9s.<\/li><li>Lak\u00e1sb\u0151v\u00edt\u00e9si t\u00e1mogat\u00e1s eset\u00e9ben felt\u00e9tlen\u00fcl sz\u00fcks\u00e9ges sz\u00e1ml\u00e1val igazolnia a munk\u00e1k, ill. anyagok egy bizonyos r\u00e9sz\u00e9t.<\/li><li>Szinte minden bankn\u00e1l jellemz\u0151 egy bizonyos r\u00e9sz (a lak\u00e1sb\u0151v\u00edt\u00e9si hitel\u00f6sszeg 5-10%-a) visszatart\u00e1sa a hitel\u00f6sszegb\u0151l, melynek foly\u00f3s\u00edt\u00e1s\u00e1ra csak a joger\u0151s haszn\u00e1latba v\u00e9teli enged\u00e9ly ill. hat\u00f3s\u00e1gi tudom\u00e1sul v\u00e9tel bemutat\u00e1sakor ker\u00fcl sor.<\/li><li>Csak olyan munk\u00e1kat tud finansz\u00edrozni a bank, amelyek m\u00e9g az \u00e9rt\u00e9kbecsl\u0151 els\u0151 l\u00e1togat\u00e1sa alkalm\u00e1val nem k\u00e9sz\u00fcltek el. Vagyis az \u00e9p\u00edt\u00e9si hitelhez hasonl\u00f3an itt is csak a h\u00e1tral\u00e9v\u0151 munk\u00e1k finansz\u00edrozhat\u00f3ak, emiatt id\u0151ben kell a k\u00e9relmet beadni, ide\u00e1lis esetben m\u00e9g a munk\u00e1k megkezd\u00e9se el\u0151tt.<\/li><\/ol>\t\t\t\t\t\t\t\t<\/div>\n\t\t\t\t\t<\/div>\n\t\t\t\t<\/div>\n\t\t\t\t<\/div>\n\t\t\t\t\t<\/details>\n\t\t\t\t\t<\/div>\n\t\t\t\t\t\t<\/div>\n\t\t\t\t<div class=\"elementor-element elementor-element-3d6aae9 elementor-widget elementor-widget-n-accordion\" data-id=\"3d6aae9\" data-element_type=\"widget\" data-settings=\"{&quot;default_state&quot;:&quot;all_collapsed&quot;,&quot;max_items_expended&quot;:&quot;one&quot;,&quot;n_accordion_animation_duration&quot;:{&quot;unit&quot;:&quot;ms&quot;,&quot;size&quot;:400,&quot;sizes&quot;:[]}}\" data-widget_type=\"nested-accordion.default\">\n\t\t\t\t\t\t\t<div class=\"e-n-accordion\" aria-label=\"Accordion. Open links with Enter or Space, close with Escape, and navigate with Arrow Keys\">\n\t\t\t\t\t\t<details id=\"e-n-accordion-item-6440\" class=\"e-n-accordion-item\" >\n\t\t\t\t<summary class=\"e-n-accordion-item-title\" data-accordion-index=\"1\" tabindex=\"0\" aria-expanded=\"false\" aria-controls=\"e-n-accordion-item-6440\" >\n\t\t\t\t\t<span class='e-n-accordion-item-title-header'><div class=\"e-n-accordion-item-title-text\"> Akkor mi\u00e9rt aj\u00e1nlj\u00e1k a fi\u00f3kok lak\u00e1sb\u0151v\u00edt\u00e9sre els\u0151sorban a szabad felhaszn\u00e1l\u00e1s\u00fa hiteleiket? <\/div><\/span>\n\t\t\t\t\t\t\t<span class='e-n-accordion-item-title-icon'>\n\t\t\t<span class='e-opened' ><svg aria-hidden=\"true\" class=\"e-font-icon-svg e-fas-minus\" viewBox=\"0 0 448 512\" xmlns=\"http:\/\/www.w3.org\/2000\/svg\"><path d=\"M416 208H32c-17.67 0-32 14.33-32 32v32c0 17.67 14.33 32 32 32h384c17.67 0 32-14.33 32-32v-32c0-17.67-14.33-32-32-32z\"><\/path><\/svg><\/span>\n\t\t\t<span class='e-closed'><svg aria-hidden=\"true\" class=\"e-font-icon-svg e-fas-plus\" viewBox=\"0 0 448 512\" xmlns=\"http:\/\/www.w3.org\/2000\/svg\"><path d=\"M416 208H272V64c0-17.67-14.33-32-32-32h-32c-17.67 0-32 14.33-32 32v144H32c-17.67 0-32 14.33-32 32v32c0 17.67 14.33 32 32 32h144v144c0 17.67 14.33 32 32 32h32c17.67 0 32-14.33 32-32V304h144c17.67 0 32-14.33 32-32v-32c0-17.67-14.33-32-32-32z\"><\/path><\/svg><\/span>\n\t\t<\/span>\n\n\t\t\t\t\t\t<\/summary>\n\t\t\t\t<div role=\"region\" aria-labelledby=\"e-n-accordion-item-6440\" class=\"elementor-element elementor-element-b7c9350 e-con-full e-flex e-con e-child\" data-id=\"b7c9350\" data-element_type=\"container\">\n\t\t<div role=\"region\" aria-labelledby=\"e-n-accordion-item-6440\" class=\"elementor-element elementor-element-9b49782 e-flex e-con-boxed e-con e-child\" data-id=\"9b49782\" data-element_type=\"container\">\n\t\t\t\t\t<div class=\"e-con-inner\">\n\t\t\t\t<div class=\"elementor-element elementor-element-c7dd13d elementor-widget elementor-widget-text-editor\" data-id=\"c7dd13d\" data-element_type=\"widget\" data-widget_type=\"text-editor.default\">\n\t\t\t\t\t\t\t\t\t<p>Ezt els\u0151sorban t\u0151l\u00fck kellene megk\u00e9rdezni, mi mindenesetre \u00f6sszegy\u0171jt\u00f6tt\u00fcnk p\u00e1r lehets\u00e9ges okot:<\/p><ol><li>Mert az adott bankban nincsen m\u00e1s, csak\u00a0<strong>szabad felhaszn\u00e1l\u00e1s\u00fa hitel\u00a0<\/strong>ilyen esetekre. \u00c1ltal\u00e1ban ez a helyzet, ezen ne lep\u0151dj\u00f6n meg, ha \u00e9rdekl\u0151dni kezd!<\/li><li>J\u00f3val egyszer\u0171bb a dokument\u00e1ci\u00f3ja, hiszen a lak\u00e1sb\u0151v\u00edt\u00e9si hitelhez minden olyan plusz dokumentumot is le kell adni, mint amit egy\u00a0<strong>\u00e9p\u00edt\u00e9si hitelhez\u00a0<\/strong>(pl. joger\u0151s \u00e9p\u00edt\u00e9si enged\u00e9ly, tervdokument\u00e1ci\u00f3, k\u00f6lts\u00e9gvet\u00e9s stb.), a\u00a0<a href=\"https:\/\/www.okoshitel.hu\/Szabadfelhasznalasu_hitel\/Szabad_felhasznalasu_jelzaloghitel.html\"><strong>szabad felhaszn\u00e1l\u00e1s\u00fa jelz\u00e1loghiteln\u00e9l<\/strong><\/a>\u00a0ezek mind kimaradhatnak.<\/li><li>Nem ismerik el\u00e9gg\u00e9 a fi\u00f3kban. M\u00e9g azokban a bankokban is sokszor tal\u00e1lkoztunk azzal a gyakorlattal, hogy ink\u00e1bb aj\u00e1nlott\u00e1k a szabad felhaszn\u00e1l\u00e1s\u00fa hitel\u00fcket, mint a lak\u00e1sb\u0151v\u00edt\u00e9si c\u00e9l\u00fa hitelt, mert nem ismert\u00e9k el\u00e9gg\u00e9, ahol lett volna b\u0151v\u00edt\u00e9si c\u00e9l\u00fa hitelkonstrukci\u00f3juk is.<\/li><li>Vagyis a negyedik ok, hogy el\u00e9g ritka a gyakorlatban.<\/li><\/ol>\t\t\t\t\t\t\t\t<\/div>\n\t\t\t\t\t<\/div>\n\t\t\t\t<\/div>\n\t\t\t\t<\/div>\n\t\t\t\t\t<\/details>\n\t\t\t\t\t<\/div>\n\t\t\t\t\t\t<\/div>\n\t\t\t\t<div class=\"elementor-element elementor-element-5aa5ea0 elementor-widget elementor-widget-n-accordion\" data-id=\"5aa5ea0\" data-element_type=\"widget\" data-settings=\"{&quot;default_state&quot;:&quot;all_collapsed&quot;,&quot;max_items_expended&quot;:&quot;one&quot;,&quot;n_accordion_animation_duration&quot;:{&quot;unit&quot;:&quot;ms&quot;,&quot;size&quot;:400,&quot;sizes&quot;:[]}}\" data-widget_type=\"nested-accordion.default\">\n\t\t\t\t\t\t\t<div class=\"e-n-accordion\" aria-label=\"Accordion. Open links with Enter or Space, close with Escape, and navigate with Arrow Keys\">\n\t\t\t\t\t\t<details id=\"e-n-accordion-item-9500\" class=\"e-n-accordion-item\" >\n\t\t\t\t<summary class=\"e-n-accordion-item-title\" data-accordion-index=\"1\" tabindex=\"0\" aria-expanded=\"false\" aria-controls=\"e-n-accordion-item-9500\" >\n\t\t\t\t\t<span class='e-n-accordion-item-title-header'><div class=\"e-n-accordion-item-title-text\"> Mi\u00e9rt \u00e9rdemes \u00d6nnek m\u00e9gis kifejezetten lak\u00e1sb\u0151v\u00edt\u00e9si hitelt keresnie? <\/div><\/span>\n\t\t\t\t\t\t\t<span class='e-n-accordion-item-title-icon'>\n\t\t\t<span class='e-opened' ><svg aria-hidden=\"true\" class=\"e-font-icon-svg e-fas-minus\" viewBox=\"0 0 448 512\" xmlns=\"http:\/\/www.w3.org\/2000\/svg\"><path d=\"M416 208H32c-17.67 0-32 14.33-32 32v32c0 17.67 14.33 32 32 32h384c17.67 0 32-14.33 32-32v-32c0-17.67-14.33-32-32-32z\"><\/path><\/svg><\/span>\n\t\t\t<span class='e-closed'><svg aria-hidden=\"true\" class=\"e-font-icon-svg e-fas-plus\" viewBox=\"0 0 448 512\" xmlns=\"http:\/\/www.w3.org\/2000\/svg\"><path d=\"M416 208H272V64c0-17.67-14.33-32-32-32h-32c-17.67 0-32 14.33-32 32v144H32c-17.67 0-32 14.33-32 32v32c0 17.67 14.33 32 32 32h144v144c0 17.67 14.33 32 32 32h32c17.67 0 32-14.33 32-32V304h144c17.67 0 32-14.33 32-32v-32c0-17.67-14.33-32-32-32z\"><\/path><\/svg><\/span>\n\t\t<\/span>\n\n\t\t\t\t\t\t<\/summary>\n\t\t\t\t<div role=\"region\" aria-labelledby=\"e-n-accordion-item-9500\" class=\"elementor-element elementor-element-0f86712 e-con-full e-flex e-con e-child\" data-id=\"0f86712\" data-element_type=\"container\">\n\t\t<div role=\"region\" aria-labelledby=\"e-n-accordion-item-9500\" class=\"elementor-element elementor-element-05da38a e-flex e-con-boxed e-con e-child\" data-id=\"05da38a\" data-element_type=\"container\">\n\t\t\t\t\t<div class=\"e-con-inner\">\n\t\t\t\t<div class=\"elementor-element elementor-element-19e5ee2 elementor-widget elementor-widget-text-editor\" data-id=\"19e5ee2\" data-element_type=\"widget\" data-widget_type=\"text-editor.default\">\n\t\t\t\t\t\t\t\t\t<p>Erre t\u00f6bbf\u00e9le okot is fel tudunk sorolni:<\/p><ol><li>erre a c\u00e9lra el\u00e9rhet\u0151\u00a0<strong>lak\u00e1sb\u0151v\u00edt\u00e9si t\u00e1mogat\u00e1s\u00a0<\/strong>forma is, azaz alacsonyabb j\u00f3val a kamat (CSOK Plusz, Falusi CSOK). Ez igaz akkor is, ha a t\u00e1mogatott form\u00e1t valami miatt nem tudja ig\u00e9nybe venni \u00e9s piaci kamatoz\u00e1s\u00fa\u00a0<strong>lak\u00e1sc\u00e9l\u00fa hitelb\u0151l<\/strong>\u00a0tudj\u00e1k a lak\u00e1sb\u0151v\u00edt\u00e9st \u00d6nnek megfinansz\u00edrozni.<\/li><li>ha\u00a0<strong>szabad felhaszn\u00e1l\u00e1s\u00fa hitellel\u00a0<\/strong>oldja meg, akkor elesik a lak\u00e1stakar\u00e9kok r\u00e9v\u00e9n el\u00e9rhet\u0151 megtakar\u00edt\u00e1si id\u0151szak v\u00e9gi b\u00f3nuszokt\u00f3l<\/li><li>nagyobb \u00f6sszeget tud felvenni a v\u00e1rhat\u00f3 \u00e9rt\u00e9k alap\u00fa finansz\u00edroz\u00e1s miatt.<\/li><\/ol>\t\t\t\t\t\t\t\t<\/div>\n\t\t\t\t\t<\/div>\n\t\t\t\t<\/div>\n\t\t\t\t<\/div>\n\t\t\t\t\t<\/details>\n\t\t\t\t\t<\/div>\n\t\t\t\t\t\t<\/div>\n\t\t\t\t<div class=\"elementor-element elementor-element-9852e90 elementor-widget elementor-widget-n-accordion\" data-id=\"9852e90\" data-element_type=\"widget\" data-settings=\"{&quot;default_state&quot;:&quot;all_collapsed&quot;,&quot;max_items_expended&quot;:&quot;one&quot;,&quot;n_accordion_animation_duration&quot;:{&quot;unit&quot;:&quot;ms&quot;,&quot;size&quot;:400,&quot;sizes&quot;:[]}}\" data-widget_type=\"nested-accordion.default\">\n\t\t\t\t\t\t\t<div class=\"e-n-accordion\" aria-label=\"Accordion. Open links with Enter or Space, close with Escape, and navigate with Arrow Keys\">\n\t\t\t\t\t\t<details id=\"e-n-accordion-item-1590\" class=\"e-n-accordion-item\" >\n\t\t\t\t<summary class=\"e-n-accordion-item-title\" data-accordion-index=\"1\" tabindex=\"0\" aria-expanded=\"false\" aria-controls=\"e-n-accordion-item-1590\" >\n\t\t\t\t\t<span class='e-n-accordion-item-title-header'><div class=\"e-n-accordion-item-title-text\"> Milyen form\u00e1kban val\u00f3sulhat meg a lak\u00e1sb\u0151v\u00edt\u00e9s? <\/div><\/span>\n\t\t\t\t\t\t\t<span class='e-n-accordion-item-title-icon'>\n\t\t\t<span class='e-opened' ><svg aria-hidden=\"true\" class=\"e-font-icon-svg e-fas-minus\" viewBox=\"0 0 448 512\" xmlns=\"http:\/\/www.w3.org\/2000\/svg\"><path d=\"M416 208H32c-17.67 0-32 14.33-32 32v32c0 17.67 14.33 32 32 32h384c17.67 0 32-14.33 32-32v-32c0-17.67-14.33-32-32-32z\"><\/path><\/svg><\/span>\n\t\t\t<span class='e-closed'><svg aria-hidden=\"true\" class=\"e-font-icon-svg e-fas-plus\" viewBox=\"0 0 448 512\" xmlns=\"http:\/\/www.w3.org\/2000\/svg\"><path d=\"M416 208H272V64c0-17.67-14.33-32-32-32h-32c-17.67 0-32 14.33-32 32v144H32c-17.67 0-32 14.33-32 32v32c0 17.67 14.33 32 32 32h144v144c0 17.67 14.33 32 32 32h32c17.67 0 32-14.33 32-32V304h144c17.67 0 32-14.33 32-32v-32c0-17.67-14.33-32-32-32z\"><\/path><\/svg><\/span>\n\t\t<\/span>\n\n\t\t\t\t\t\t<\/summary>\n\t\t\t\t<div role=\"region\" aria-labelledby=\"e-n-accordion-item-1590\" class=\"elementor-element elementor-element-360a7d6 e-con-full e-flex e-con e-child\" data-id=\"360a7d6\" data-element_type=\"container\">\n\t\t<div role=\"region\" aria-labelledby=\"e-n-accordion-item-1590\" class=\"elementor-element elementor-element-86be165 e-flex e-con-boxed e-con e-child\" data-id=\"86be165\" data-element_type=\"container\">\n\t\t\t\t\t<div class=\"e-con-inner\">\n\t\t\t\t<div class=\"elementor-element elementor-element-02624f6 elementor-widget elementor-widget-text-editor\" data-id=\"02624f6\" data-element_type=\"widget\" data-widget_type=\"text-editor.default\">\n\t\t\t\t\t\t\t\t\t<p>A lak\u00e1sb\u0151v\u00edt\u00e9s kivitelez\u00e9s szempontj\u00e1b\u00f3l az al\u00e1bbi m\u00f3dokon t\u00f6rt\u00e9nhet:<\/p><ol><li>szervezett kivitelez\u00e9s, ahol az \u00d6n megb\u00edz\u00e1sa alapj\u00e1n kivitelez\u0151 c\u00e9g v\u00e9gzi a munk\u00e1latokat. A megb\u00edz\u00e1s t\u00f6rt\u00e9nhet a teljes \u00e9p\u00edt\u00e9si munk\u00e1latokra, valamint csak egyes r\u00e9szmunk\u00e1latokra vonatkoz\u00f3an is.<\/li><li>h\u00e1zilagos kivitelez\u00e9s: az \u00e9p\u00edt\u00e9si munk\u00e1latokat \u00d6n v\u00e9gzi el (nem v\u00e1s\u00e1rolt szolg\u00e1ltat\u00e1s).<\/li><li>vegyes kivitelez\u00e9s: a szervezett \u00e9s a h\u00e1zilagos kivitelez\u00e9s egy\u00fcttes alkalmaz\u00e1sa.<\/li><\/ol>\t\t\t\t\t\t\t\t<\/div>\n\t\t\t\t\t<\/div>\n\t\t\t\t<\/div>\n\t\t\t\t<\/div>\n\t\t\t\t\t<\/details>\n\t\t\t\t\t<\/div>\n\t\t\t\t\t\t<\/div>\n\t\t\t\t<\/div>\n\t\t\t\t\t<\/div>\n\t\t\t\t<\/div>\n\t\t\t\t<\/div>\n\t\t","protected":false},"excerpt":{"rendered":"<p>Minden, amit err\u0151l a t\u00edpus\u00fa hitelr\u0151l tudnia \u00e9rdemes! Mi sz\u00e1m\u00edt lak\u00e1sb\u0151v\u00edt\u00e9snek hitelez\u00e9si szempontb\u00f3l? olyan, hat\u00f3s\u00e1gilag enged\u00e9lyezett \u00e9p\u00edt\u00e9si m\u0171velet, amir\u0151l az illet\u00e9kes \u00e9p\u00edt\u00e9s\u00fcgyi hat\u00f3s\u00e1g \u00e9rv\u00e9nyes \u00e9p\u00edt\u00e9si enged\u00e9lyt bocs\u00e1tott ki, \u00e9s az enged\u00e9ly joger\u0151re emelkedett, valamint az \u00e9p\u00edt\u00e9si munka eredm\u00e9nyek\u00e9nt legal\u00e1bb egy \u00faj, minimum 12 n\u00e9gyzetm\u00e9tert meghalad\u00f3 (hasznos alapter\u00fclet\u0171) szoba kialak\u00edt\u00e1sra ker\u00fcl, valamint az \u00e9p\u00fclet brutt\u00f3 alapter\u00fclete [&hellip;]<\/p>\n","protected":false},"author":1,"featured_media":0,"parent":0,"menu_order":0,"comment_status":"closed","ping_status":"closed","template":"elementor_header_footer","meta":{"footnotes":""},"class_list":["post-55","page","type-page","status-publish","hentry"],"_links":{"self":[{"href":"https:\/\/uj.okoshitel.hu\/index.php\/wp-json\/wp\/v2\/pages\/55","targetHints":{"allow":["GET"]}}],"collection":[{"href":"https:\/\/uj.okoshitel.hu\/index.php\/wp-json\/wp\/v2\/pages"}],"about":[{"href":"https:\/\/uj.okoshitel.hu\/index.php\/wp-json\/wp\/v2\/types\/page"}],"author":[{"embeddable":true,"href":"https:\/\/uj.okoshitel.hu\/index.php\/wp-json\/wp\/v2\/users\/1"}],"replies":[{"embeddable":true,"href":"https:\/\/uj.okoshitel.hu\/index.php\/wp-json\/wp\/v2\/comments?post=55"}],"version-history":[{"count":20,"href":"https:\/\/uj.okoshitel.hu\/index.php\/wp-json\/wp\/v2\/pages\/55\/revisions"}],"predecessor-version":[{"id":1790,"href":"https:\/\/uj.okoshitel.hu\/index.php\/wp-json\/wp\/v2\/pages\/55\/revisions\/1790"}],"wp:attachment":[{"href":"https:\/\/uj.okoshitel.hu\/index.php\/wp-json\/wp\/v2\/media?parent=55"}],"curies":[{"name":"wp","href":"https:\/\/api.w.org\/{rel}","templated":true}]}}