{"id":35,"date":"2024-05-14T12:26:27","date_gmt":"2024-05-14T12:26:27","guid":{"rendered":"https:\/\/uj.okoshitel.hu\/?page_id=35"},"modified":"2025-09-08T12:32:15","modified_gmt":"2025-09-08T12:32:15","slug":"jogi-informaciok","status":"publish","type":"page","link":"https:\/\/uj.okoshitel.hu\/index.php\/jogi-informaciok\/","title":{"rendered":"Jogi inform\u00e1ci\u00f3k"},"content":{"rendered":"\t\t<div data-elementor-type=\"wp-page\" data-elementor-id=\"35\" class=\"elementor elementor-35\" data-elementor-post-type=\"page\">\n\t\t\t\t<div class=\"elementor-element elementor-element-fb28f20 e-flex e-con-boxed e-con e-parent\" data-id=\"fb28f20\" data-element_type=\"container\" data-settings=\"{&quot;background_background&quot;:&quot;gradient&quot;}\">\n\t\t\t\t\t<div class=\"e-con-inner\">\n\t\t\t\t<div class=\"elementor-element elementor-element-02faddb elementor-widget elementor-widget-heading\" data-id=\"02faddb\" data-element_type=\"widget\" data-widget_type=\"heading.default\">\n\t\t\t\t\t<h1 class=\"elementor-heading-title elementor-size-default\">Jogi inform\u00e1ci\u00f3k<\/h1>\t\t\t\t<\/div>\n\t\t\t\t<div class=\"elementor-element elementor-element-6d50652 elementor-widget elementor-widget-text-editor\" data-id=\"6d50652\" data-element_type=\"widget\" data-widget_type=\"text-editor.default\">\n\t\t\t\t\t\t\t\t\t<p>Az al\u00e1bbiakban \u00f6sszegy\u0171jt\u00f6tt\u00fck a lakoss\u00e1gi jelz\u00e1loghitelez\u00e9ssel kapcsolatos legfontosabb t\u00f6rv\u00e9nyeket, korm\u00e1nyrendeleteket, p\u00e9nz\u00fcgyminiszteri\/nemzetgazdas\u00e1gi miniszteri rendeleteket, korm\u00e1nyhat\u00e1rozatokat \u00e9s MNB (PSZ\u00c1F) rendeleteket.<\/p>\t\t\t\t\t\t\t\t<\/div>\n\t\t\t\t\t<\/div>\n\t\t\t\t<\/div>\n\t\t<div class=\"elementor-element elementor-element-84c1492 e-flex e-con-boxed e-con e-parent\" data-id=\"84c1492\" data-element_type=\"container\" data-settings=\"{&quot;background_background&quot;:&quot;classic&quot;}\">\n\t\t\t\t\t<div class=\"e-con-inner\">\n\t\t\t\t<div class=\"elementor-element elementor-element-3e43a9b elementor-widget elementor-widget-text-editor\" data-id=\"3e43a9b\" data-element_type=\"widget\" data-widget_type=\"text-editor.default\">\n\t\t\t\t\t\t\t\t\t<p>1959. \u00e9vi IV. t\u00f6rv\u00e9ny a Polg\u00e1ri T\u00f6rv\u00e9nyk\u00f6nyvr\u0151l;<br \/>1996. \u00e9vi CXII. t\u00f6rv\u00e9ny. a hitelint\u00e9zetekr\u0151l \u00e9s p\u00e9nz\u00fcgyi v\u00e1llalkoz\u00e1sokr\u00f3l;<br \/>1996. \u00e9vi CXIII. t\u00f6rv\u00e9ny a lak\u00e1stakar\u00e9k-p\u00e9nzt\u00e1rakr\u00f3l;<br \/>1997. \u00e9vi XXX. t\u00f6rv\u00e9ny a jelz\u00e1log-hitelint\u00e9zetr\u0151l \u00e9s jelz\u00e1loglev\u00e9lr\u0151l;<br \/>1994. \u00e9vi LIII. t\u00f6rv\u00e9ny a b\u00edr\u00f3s\u00e1gi v\u00e9grehajt\u00e1sr\u00f3l;<br \/>1995. \u00e9vi CXVII. t\u00f6rv\u00e9ny a szem\u00e9lyi j\u00f6vedelemad\u00f3r\u00f3l;<br \/>1996. \u00e9vi CXII. t\u00f6rv\u00e9ny a hitelint\u00e9zetekr\u0151l \u00e9s a p\u00e9nz\u00fcgyi v\u00e1llalkoz\u00e1sokr\u00f3l;<br \/>12\/2001. (I.31.) Korm\u00e1nyrendelet a lak\u00e1sc\u00e9l\u00fa \u00e1llami t\u00e1mogat\u00e1sokr\u00f3l;<br \/>1991-\u00e9vi XLI. t\u00f6rv\u00e9ny a k\u00f6zjegyz\u0151kr\u0151l;<br \/>14\/1991. (XI.26.) IM rendelet a k\u00f6zjegyz\u0151i d\u00edjszab\u00e1sr\u00f3l;<br \/>1997. \u00e9vi CXLI. t\u00f6rv\u00e9ny az ingatlan-nyilv\u00e1ntart\u00e1sr\u00f3l;<br \/>47\/1997. (III. 12.) Korm. rendelet a lak\u00e1s-takar\u00e9kp\u00e9nzt\u00e1r \u00e1ltal\u00e1nos szerz\u0151d\u00e9si felt\u00e9teleir\u0151l;<br \/>109\/1999 (XII.29.) Korm. az ingatlan-nyilv\u00e1ntart\u00e1sr\u00f3l sz\u00f3l\u00f3 t\u00f6rv\u00e9ny v\u00e9grehajt\u00e1sr\u00f3l;<br \/>168\/1999 (XI.24.) Korm\u00e1nyrendelet a szem\u00e9lyazonos\u00edt\u00f3 igazolv\u00e1ny kiad\u00e1s\u00e1r\u00f3l \u00e9s nyilv\u00e1ntart\u00e1s\u00e1r\u00f3l;<br \/>25\/1997. (VIII.1.) PM rendelet a term\u0151f\u00f6ldnek nem min\u0151s\u00fcl\u0151 ingatlanok hitelbiztos\u00edt\u00e9ki \u00e9rt\u00e9k\u00e9nek meghat\u00e1roz\u00e1s\u00e1ra vonatkoz\u00f3 m\u00f3dszertani elvekr\u0151l;<br \/>2001. \u00e9vi XCIII. t\u00f6rv\u00e9ny a devizakorl\u00e1toz\u00e1sok megsz\u00fcntet\u00e9s\u00e9r\u0151l, valamint egyes kapcsol\u00f3d\u00f3 t\u00f6rv\u00e9nyek m\u00f3dos\u00edt\u00e1s\u00e1r\u00f3l;<br \/>7\/1996.(I.18.) Korm. rendelet a k\u00fclf\u00f6ldiek ingatlanszerz\u00e9s\u00e9r\u0151l;<br \/>1994. \u00e9vi LV. t\u00f6rv\u00e9ny a term\u0151f\u00f6ldr\u0151l;<br \/>170\/2001.(IX.26.) Korm. rendelet a k\u00fclf\u00f6ldiek beutaz\u00e1s\u00e1r\u00f3l \u00e9s tart\u00f3zkod\u00e1s\u00e1r\u00f3l;<br \/>1992. \u00e9vi XXXIII. tv.) K\u00f6zalkalmazottak jog\u00e1ll\u00e1s\u00e1r\u00f3l sz\u00f3l\u00f3 t\u00f6rv\u00e9ny;<br \/>2000. \u00e9vi C. t\u00f6rv\u00e9ny a sz\u00e1mvitelr\u0151l<br \/>261\/2000. (XII. 26.) Korm. rendelet a biztos\u00edt\u00f3k jelz\u00e1loghitelez\u00e9si tev\u00e9kenys\u00e9ge megkezd\u00e9s\u00e9hez \u00e9s folytat\u00e1s\u00e1hoz sz\u00fcks\u00e9ges szem\u00e9lyi \u00e9s t\u00e1rgyi felt\u00e9telekr\u0151l;<br \/>250\/2000. (XII. 24.) Korm. rendelet a hitelint\u00e9zetek \u00e9s a p\u00e9nz\u00fcgyi v\u00e1llalkoz\u00e1sok \u00e9ves besz\u00e1mol\u00f3 k\u00e9sz\u00edt\u00e9si \u00e9s k\u00f6nyvvezet\u00e9si k\u00f6telezetts\u00e9g\u00e9nek saj\u00e1toss\u00e1gair\u00f3l;<br \/>4\/2005 (I. 12.) Korm. rendelet a fiatalok lak\u00e1sk\u00f6lcs\u00f6n\u00e9hez kapcsol\u00f3d\u00f3 \u00e1llami kezess\u00e9gv\u00e1llal\u00e1sr\u00f3l;<br \/>2006. \u00e9vi IV. t\u00f6rv\u00e9ny a gazdas\u00e1gi t\u00e1rsas\u00e1gokr\u00f3l;<br \/>2007. \u00e9vi CLXXX. t\u00f6rv\u00e9ny az Eur\u00f3pai Uni\u00f3 \u00e1ltal elrendelt p\u00e9nz\u00fcgyi \u00e9s vagyoni korl\u00e1toz\u00f3 int\u00e9zked\u00e9sek v\u00e9grehajt\u00e1s\u00e1r\u00f3l, valamint ehhez kapcsol\u00f3d\u00f3an egyes t\u00f6rv\u00e9nyek m\u00f3dos\u00edt\u00e1s\u00e1r\u00f3l;<br \/>2007. \u00e9vi CXXXVI. t\u00f6rv\u00e9ny a p\u00e9nzmos\u00e1s \u00e9s a terrorizmus finansz\u00edroz\u00e1sa megel\u0151z\u00e9s\u00e9r\u0151l \u00e9s megakad\u00e1lyoz\u00e1s\u00e1r\u00f3l;<br \/>381\/2007. (XII. 23.) Korm. rendelet a hitelint\u00e9zet partnerkock\u00e1zat\u00e1nak kezel\u00e9s\u00e9r\u0151l;<br \/>234\/2007. (IX. 4.) Korm. rendelet a hitelint\u00e9zetek nyilv\u00e1noss\u00e1gra hozatali k\u00f6vetelm\u00e9ny\u00e9nek teljes\u00edt\u00e9s\u00e9r\u0151l ;<br \/>197\/2007. (VII. 20.) Korm. rendelet az ingatlan\u00e9rt\u00e9kel\u00e9st v\u00e9gz\u0151 term\u00e9szetes szem\u00e9ly \u00e9s szervezet felel\u0151ss\u00e9gbiztos\u00edt\u00e1si szerz\u0151d\u00e9s\u00e9nek minim\u00e1lis tartalmi k\u00f6vetelm\u00e9nyeire vonatkoz\u00f3 r\u00e9szletes szab\u00e1lyokr\u00f3l;<br \/>196\/2007. (VII. 30.) Korm. rendelet a hitelez\u00e9si kock\u00e1zat kezel\u00e9s\u00e9r\u0151l \u00e9s t\u0151kek\u00f6vetelm\u00e9ny\u00e9r\u0151l;<br \/>2008. \u00e9vi CIV. t\u00f6rv\u00e9ny a p\u00e9nz\u00fcgyi k\u00f6zvet\u00edt\u0151rendszer stabilit\u00e1s\u00e1nak er\u0151s\u00edt\u00e9s\u00e9r\u0151l;<br \/>28\/2008. (X. 10.) PM rendelet a p\u00e9nzmos\u00e1s \u00e9s a terrorizmus finansz\u00edroz\u00e1sa megel\u0151z\u00e9s\u00e9r\u0151l \u00e9s megakad\u00e1lyoz\u00e1s\u00e1r\u00f3l sz\u00f3l\u00f3 2007. \u00e9vi CXXXVI. t\u00f6rv\u00e9nyben (Pmt.) meghat\u00e1rozottakkal egyen\u00e9rt\u00e9k\u0171 k\u00f6vetelm\u00e9nyeket alkalmaz\u00f3 harmadik orsz\u00e1gokr\u00f3l;<br \/>2009. \u00e9vi CLXII. t\u00f6rv\u00e9ny a fogyaszt\u00f3nak ny\u00fajtott hitelr\u0151l;<br \/>2009. \u00e9vi IV. t\u00f6rv\u00e9ny a lak\u00e1sc\u00e9l\u00fa k\u00f6lcs\u00f6n\u00f6kre vonatkoz\u00f3 \u00e1llami k\u00e9szfizet\u0151 kezess\u00e9gr\u0151l;<br \/>361\/2009. (XII. 30.) Korm. rendelet a k\u00f6r\u00fcltekint\u0151 lakoss\u00e1gi hitelez\u00e9s felt\u00e9teleir\u0151l \u00e9s a hitelk\u00e9pess\u00e9g vizsg\u00e1lat\u00e1r\u00f3l;<br \/>154\/2009. (VII. 23.) Korm. rendelet a lak\u00e1sc\u00e9l\u00fa k\u00f6lcs\u00f6n\u00f6kre vonatkoz\u00f3 \u00e1llami k\u00e9szfizet\u0151 kezess\u00e9g ig\u00e9nybev\u00e9tel\u00e9nek \u00e9s bev\u00e1lt\u00e1s\u00e1nak r\u00e9szletes szab\u00e1lyair\u00f3l;<br \/>153\/2009. (VII. 23.) Korm. rendelet a p\u00e9nz\u00fcgyi szektorban \u00e9rv\u00e9nyes\u00fcl\u0151 fogyaszt\u00f3v\u00e9delem hat\u00e9konys\u00e1g\u00e1nak n\u00f6vel\u00e9s\u00e9hez sz\u00fcks\u00e9ges egyes k\u00e9rd\u00e9sekr\u0151l;<br \/>136\/2009. (VI. 24.) Korm. rendelet a kr\u00edzishelyzetbe ker\u00fclt szem\u00e9lyek t\u00e1mogat\u00e1s\u00e1r\u00f3l;<br \/>2010. \u00e9vi CLVIII. t\u00f6rv\u00e9ny a P\u00e9nz\u00fcgyi Szervezetek \u00c1llami Fel\u00fcgyelet\u00e9r\u0151l;<br \/>2010. \u00e9vi XCVI. t\u00f6rv\u00e9ny egyes p\u00e9nz\u00fcgyi t\u00e1rgy\u00fa t\u00f6rv\u00e9nyeknek a neh\u00e9z helyzetbe ker\u00fclt lak\u00e1sc\u00e9l\u00fa hitelt felvev\u0151 fogyaszt\u00f3k megseg\u00edt\u00e9se \u00e9rdek\u00e9ben sz\u00fcks\u00e9ges m\u00f3dos\u00edt\u00e1s\u00e1r\u00f3l<br \/>275\/2010. (XII. 15.) Korm. rendelet a szerz\u0151d\u00e9sekben el\u0151\u00edrt kamat egyoldal\u00fa m\u00f3dos\u00edt\u00e1s\u00e1nak felt\u00e9teleir\u0151l;<br \/>18\/2010. (IV. 29.) PM rendelet a p\u00e9nz\u00fcgyi szolg\u00e1ltat\u00e1s k\u00f6zvet\u00edt\u0151i hat\u00f3s\u00e1gi k\u00e9pz\u00e9s k\u00f6vetelm\u00e9nyrendszer\u00e9r\u0151l \u00e9s a hat\u00f3s\u00e1gi vizsg\u00e1r\u00f3l;<br \/>2011. \u00e9vi CXXII. t\u00f6rv\u00e9ny a k\u00f6zponti hitelinform\u00e1ci\u00f3s rendszerr\u0151l;<br \/>2011. \u00e9vi CXLVIII. t\u00f6rv\u00e9ny a k\u00f6lcs\u00f6n\u00f6k kamatai \u00e9s a teljes hiteld\u00edj mutat\u00f3 korl\u00e1toz\u00e1sa, valamint az \u00e1tl\u00e1that\u00f3 \u00e1raz\u00e1s biztos\u00edt\u00e1sa \u00e9rdek\u00e9ben az egyes p\u00e9nz\u00fcgyi t\u00e1rgy\u00fa t\u00f6rv\u00e9nyek m\u00f3dos\u00edt\u00e1s\u00e1r\u00f3l<br \/>2011. \u00e9vi LXXV. t\u00f6rv\u00e9ny a devizak\u00f6lcs\u00f6n\u00f6k t\u00f6rleszt\u00e9si \u00e1rfolyam\u00e1nak r\u00f6gz\u00edt\u00e9s\u00e9r\u0151l \u00e9s a lak\u00f3ingatlanok k\u00e9nyszer\u00e9rt\u00e9kes\u00edt\u00e9s\u00e9nek rendj\u00e9r\u0151l;<br \/>256\/2011. (XII. 6.) Korm. rendelet lak\u00e1s\u00e9p\u00edt\u00e9si t\u00e1mogat\u00e1sr\u00f3l<br \/>341\/2011. (XII. 29.) Korm. rendelet az otthonteremt\u00e9si kamatt\u00e1mogat\u00e1sr\u00f3l<br \/>366\/2011. (XII. 30.) Korm. rendelet a hitelint\u00e9zetek likvidit\u00e1si szintj\u00e9nek meghat\u00e1roz\u00e1s\u00e1r\u00f3l, valamint devizapoz\u00edci\u00f3beli lej\u00e1rati \u00f6sszhangj\u00e1nak szab\u00e1lyoz\u00e1s\u00e1r\u00f3l;<br \/>26\/2011. (XI. 24.) PSZ\u00c1F rendelet a hitelint\u00e9zetek \u00e9s p\u00e9nz\u00fcgyi v\u00e1llalkoz\u00e1sok \u00e1ltal forgalmazott term\u00e9kek meghat\u00e1rozott k\u00f6r\u00e9re vonatkoz\u00f3 adatszolg\u00e1ltat\u00e1si k\u00f6telezetts\u00e9gr\u0151l;<br \/>57\/2012. (III. 30.) Korm. rendelet a devizak\u00f6lcs\u00f6n\u00f6k t\u00f6rleszt\u00e9si \u00e1rfolyam\u00e1nak r\u00f6gz\u00edt\u00e9s\u00e9t \u00e9rint\u0151 megt\u00e9r\u00edt\u00e9sr\u0151l \u00e9s a k\u00f6zszf\u00e9r\u00e1ban dolgoz\u00f3k t\u00e1mogat\u00e1s\u00e1r\u00f3l;<br \/>16\/2012. (X. 16.) PSZ\u00c1F rendelet a p\u00e9nz\u00fcgyi v\u00e1llalkoz\u00e1sok \u00e9s p\u00e9nzpiaci alkuszok \u00e1ltal a P\u00e9nz\u00fcgyi Szervezetek \u00c1llami Fel\u00fcgyelete r\u00e9sz\u00e9re szolg\u00e1ltatand\u00f3 adatok k\u00f6r\u00e9r\u0151l \u00e9s az adatszolg\u00e1ltat\u00e1s m\u00f3dj\u00e1r\u00f3l sz\u00f3l\u00f3 20\/2011. (X. 20.) PSZ\u00c1F rendelet m\u00f3dos\u00edt\u00e1s\u00e1r\u00f3l;<br \/>15\/2012. (X. 16.) PSZ\u00c1F rendelet a hitelint\u00e9zetek adatszolg\u00e1ltat\u00e1si k\u00f6telezetts\u00e9g\u00e9r\u0151l sz\u00f3l\u00f3 19\/2011. (X. 20.) PSZ\u00c1F rendelet m\u00f3dos\u00edt\u00e1s\u00e1r\u00f3l;<br \/>4\/2012. (IX. 7.) PSZ\u00c1F rendelet a hitelint\u00e9zetek \u00e9s p\u00e9nz\u00fcgyi v\u00e1llalkoz\u00e1sok \u00e1ltal forgalmazott term\u00e9kek meghat\u00e1rozott k\u00f6r\u00e9re vonatkoz\u00f3 adatszolg\u00e1ltat\u00e1si k\u00f6telezetts\u00e9gr\u0151l sz\u00f3l\u00f3 26\/2011. (XI. 24.) PSZ\u00c1F rendelet m\u00f3dos\u00edt\u00e1s\u00e1r\u00f3l;<br \/>2\/2012. (VII. 26.) PSZ\u00c1F rendelet a hitelint\u00e9zetek \u00e1ltal forgalmazott sz\u00e1mlaterm\u00e9kek meghat\u00e1rozott k\u00f6r\u00e9re vonatkoz\u00f3 adatszolg\u00e1ltat\u00e1si k\u00f6telezetts\u00e9gr\u0151l;<br \/>1\/2012. (II. 23.) PSZ\u00c1F rendelet a fel\u00fcgyeleti d\u00edj megfizet\u00e9s\u00e9nek, kisz\u00e1m\u00edt\u00e1s\u00e1nak m\u00f3dj\u00e1r\u00f3l \u00e9s felt\u00e9teleir\u0151l;<br \/>2014. \u00e9vi XL. t\u00f6rv\u00e9ny a K\u00fari\u00e1nak a p\u00e9nz\u00fcgyi int\u00e9zm\u00e9nyek fogyaszt\u00f3i k\u00f6lcs\u00f6nszerz\u0151d\u00e9seire vonatkoz\u00f3 jogegys\u00e9gi hat\u00e1rozat\u00e1val kapcsolatos egyes k\u00e9rd\u00e9sek rendez\u00e9s\u00e9r\u0151l sz\u00f3l\u00f3 2014. \u00e9vi XXXVIII. t\u00f6rv\u00e9nyben r\u00f6gz\u00edtett elsz\u00e1mol\u00e1s szab\u00e1lyair\u00f3l \u00e9s egyes egy\u00e9b rendelkez\u00e9sekr\u0151l (elsz\u00e1moltat\u00e1si t\u00f6rv\u00e9ny)<br \/>2014. \u00e9vi XXXVIII. t\u00f6rv\u00e9ny a K\u00fari\u00e1nak a p\u00e9nz\u00fcgyi int\u00e9zm\u00e9nyek fogyaszt\u00f3i k\u00f6lcs\u00f6nszerz\u0151d\u00e9seire vonatkoz\u00f3 jogegys\u00e9gi hat\u00e1rozat\u00e1val kapcsolatos egyes k\u00e9rd\u00e9sek rendez\u00e9s\u00e9r\u0151l<br \/>2014. \u00e9vi LXVII. t\u00f6rv\u00e9ny az egyes fogyaszt\u00f3i k\u00f6lcs\u00f6nszerz\u0151d\u00e9sek devizanem\u00e9nek m\u00f3dosul\u00e1s\u00e1val \u00e9s a kamatszab\u00e1lyokkal kapcsolatos k\u00e9rd\u00e9sek rendez\u00e9s\u00e9r\u0151l (A forintos\u00edt\u00e1si t\u00f6rv\u00e9ny)<br \/>2014. \u00e9vi LXXVIII. t\u00f6rv\u00e9ny a fogyaszt\u00f3nak ny\u00fajtott hitelr\u0151l sz\u00f3l\u00f3 2009. \u00e9vi CLXII. t\u00f6rv\u00e9ny \u00e9s egyes kapcsol\u00f3d\u00f3 t\u00f6rv\u00e9nyek m\u00f3dos\u00edt\u00e1s\u00e1r\u00f3l (A fair bankokr\u00f3l sz\u00f3l\u00f3 t\u00f6rv\u00e9ny)<br \/>32\/2014. (IX. 10.) MNB rendelet a j\u00f6vedelemar\u00e1nyos t\u00f6rleszt\u0151r\u00e9szlet \u00e9s a hitelfedezeti ar\u00e1nyok szab\u00e1lyoz\u00e1s\u00e1r\u00f3l;<br \/>42\/2014 (XI. 7.) MNB rendelet \u0430 p\u00e9nz\u00fcgyi int\u00e9zm\u00e9nyek fogyaszt\u00f3i k\u00f6lcs\u00f6nszerz\u0151d\u00e9seinek \u00e9rv\u00e9nytelen szerz\u0151d\u00e9ses kik\u00f6t\u00e9seire tekintettel sz\u00fcks\u00e9ges elsz\u00e1mol\u00e1s m\u00f3dszertan\u00e1nak \u00e1ltal\u00e1nos szab\u00e1lyair\u00f3l<br \/>54\/2014. (XII. 10.) MNB rendelet \u0430 p\u00e9nz\u00fcgyi int\u00e9zm\u00e9nyek fogyaszt\u00f3i k\u00f6lcs\u00f6nszerz\u0151d\u00e9seinek \u00e9rv\u00e9nytelen szerz\u0151d\u00e9ses kik\u00f6t\u00e9seire tekintettel sz\u00fcks\u00e9ges elsz\u00e1mol\u00e1s m\u00f3dszertan\u00e1nak k\u00fcl\u00f6n\u00f6s szab\u00e1lyair\u00f3l<br \/>55\/2014. (XII. 10.) MNB rendelet \u0430 p\u00e9nz\u00fcgyi int\u00e9zm\u00e9nyek fogyaszt\u00f3i k\u00f6lcs\u00f6nszerz\u0151d\u00e9seinek \u00e9rv\u00e9nytelen<br \/>331\/2014. (XII. 18.) Korm. rendelet A csal\u00e1dok otthonteremt\u00e9si kedvezm\u00e9ny\u00e9vel \u00f6sszef\u00fcgg\u00e9sben az egyes korm\u00e1nyrendeletek m\u00f3dos\u00edt\u00e1s\u00e1r\u00f3l (Otthonteremt\u0151 t\u00e1mogatott hitel ig\u00e9nyl\u00e9si hat\u00e1ridej\u00e9nek meghosszabb\u00edt\u00e1s\u00e1r\u00f3l \u00e9s az \u00faj szocpolr\u00f3l sz\u00f3l\u00f3 rendelet)<\/p>\t\t\t\t\t\t\t\t<\/div>\n\t\t\t\t\t<\/div>\n\t\t\t\t<\/div>\n\t\t\t\t<\/div>\n\t\t","protected":false},"excerpt":{"rendered":"<p>Az al\u00e1bbiakban \u00f6sszegy\u0171jt\u00f6tt\u00fck a lakoss\u00e1gi jelz\u00e1loghitelez\u00e9ssel kapcsolatos legfontosabb t\u00f6rv\u00e9nyeket, korm\u00e1nyrendeleteket, p\u00e9nz\u00fcgyminiszteri\/nemzetgazdas\u00e1gi miniszteri rendeleteket, korm\u00e1nyhat\u00e1rozatokat \u00e9s MNB (PSZ\u00c1F) rendeleteket. 1959. \u00e9vi IV. t\u00f6rv\u00e9ny a Polg\u00e1ri T\u00f6rv\u00e9nyk\u00f6nyvr\u0151l;1996. \u00e9vi CXII. t\u00f6rv\u00e9ny. a hitelint\u00e9zetekr\u0151l \u00e9s p\u00e9nz\u00fcgyi v\u00e1llalkoz\u00e1sokr\u00f3l;1996. \u00e9vi CXIII. t\u00f6rv\u00e9ny a lak\u00e1stakar\u00e9k-p\u00e9nzt\u00e1rakr\u00f3l;1997. \u00e9vi XXX. t\u00f6rv\u00e9ny a jelz\u00e1log-hitelint\u00e9zetr\u0151l \u00e9s jelz\u00e1loglev\u00e9lr\u0151l;1994. \u00e9vi LIII. t\u00f6rv\u00e9ny a b\u00edr\u00f3s\u00e1gi v\u00e9grehajt\u00e1sr\u00f3l;1995. \u00e9vi CXVII. t\u00f6rv\u00e9ny a [&hellip;]<\/p>\n","protected":false},"author":1,"featured_media":0,"parent":0,"menu_order":0,"comment_status":"closed","ping_status":"closed","template":"elementor_header_footer","meta":{"footnotes":""},"class_list":["post-35","page","type-page","status-publish","hentry"],"_links":{"self":[{"href":"https:\/\/uj.okoshitel.hu\/index.php\/wp-json\/wp\/v2\/pages\/35","targetHints":{"allow":["GET"]}}],"collection":[{"href":"https:\/\/uj.okoshitel.hu\/index.php\/wp-json\/wp\/v2\/pages"}],"about":[{"href":"https:\/\/uj.okoshitel.hu\/index.php\/wp-json\/wp\/v2\/types\/page"}],"author":[{"embeddable":true,"href":"https:\/\/uj.okoshitel.hu\/index.php\/wp-json\/wp\/v2\/users\/1"}],"replies":[{"embeddable":true,"href":"https:\/\/uj.okoshitel.hu\/index.php\/wp-json\/wp\/v2\/comments?post=35"}],"version-history":[{"count":15,"href":"https:\/\/uj.okoshitel.hu\/index.php\/wp-json\/wp\/v2\/pages\/35\/revisions"}],"predecessor-version":[{"id":1294,"href":"https:\/\/uj.okoshitel.hu\/index.php\/wp-json\/wp\/v2\/pages\/35\/revisions\/1294"}],"wp:attachment":[{"href":"https:\/\/uj.okoshitel.hu\/index.php\/wp-json\/wp\/v2\/media?parent=35"}],"curies":[{"name":"wp","href":"https:\/\/api.w.org\/{rel}","templated":true}]}}