{"id":27,"date":"2024-05-14T12:24:56","date_gmt":"2024-05-14T12:24:56","guid":{"rendered":"https:\/\/uj.okoshitel.hu\/?page_id=27"},"modified":"2025-09-08T08:38:50","modified_gmt":"2025-09-08T08:38:50","slug":"kotelezo-olvasmany-hitelfelvetel-elott","status":"publish","type":"page","link":"https:\/\/uj.okoshitel.hu\/index.php\/kotelezo-olvasmany-hitelfelvetel-elott\/","title":{"rendered":"K\u00f6telez\u0151 olvasm\u00e1ny hitelfelv\u00e9tel el\u0151tt"},"content":{"rendered":"\t\t<div data-elementor-type=\"wp-page\" data-elementor-id=\"27\" class=\"elementor elementor-27\" data-elementor-post-type=\"page\">\n\t\t\t\t<div class=\"elementor-element elementor-element-7964e9c e-flex e-con-boxed e-con e-parent\" data-id=\"7964e9c\" data-element_type=\"container\" data-settings=\"{&quot;background_background&quot;:&quot;gradient&quot;}\">\n\t\t\t\t\t<div class=\"e-con-inner\">\n\t\t\t\t<div class=\"elementor-element elementor-element-ea5406c elementor-widget elementor-widget-heading\" data-id=\"ea5406c\" data-element_type=\"widget\" data-widget_type=\"heading.default\">\n\t\t\t\t\t<h1 class=\"elementor-heading-title elementor-size-default\">K\u00f6telez\u0151 olvasm\u00e1ny hitelfelv\u00e9tel el\u0151tt<\/h1>\t\t\t\t<\/div>\n\t\t\t\t<div class=\"elementor-element elementor-element-b86e6e5 elementor-widget elementor-widget-text-editor\" data-id=\"b86e6e5\" data-element_type=\"widget\" data-widget_type=\"text-editor.default\">\n\t\t\t\t\t\t\t\t\t<p>Ne vegyen fel hitelt, miel\u0151tt nem olvasta el tan\u00e1csainkat!<\/p>\t\t\t\t\t\t\t\t<\/div>\n\t\t\t\t\t<\/div>\n\t\t\t\t<\/div>\n\t\t<div class=\"elementor-element elementor-element-97d6ef8 e-flex e-con-boxed e-con e-parent\" data-id=\"97d6ef8\" data-element_type=\"container\">\n\t\t\t\t\t<div class=\"e-con-inner\">\n\t\t\t\t<div class=\"elementor-element elementor-element-e228a08 elementor-widget elementor-widget-heading\" data-id=\"e228a08\" data-element_type=\"widget\" data-widget_type=\"heading.default\">\n\t\t\t\t\t<h2 class=\"elementor-heading-title elementor-size-default\">Amennyiben \u00d6n hitelfelv\u00e9tel el\u0151tt \u00e1ll, vagy hitelkiv\u00e1lt\u00e1sban gondolkozik, ak\u00e1r v\u00e1lasztott m\u00e1r hiteltan\u00e1csad\u00f3t, ak\u00e1r egyed\u00fcl v\u00e1g bele, tanulm\u00e1nyozza \u00e1t ingyenes felk\u00e9sz\u00edt\u0151 anyagainkat!<\/h2>\t\t\t\t<\/div>\n\t\t\t\t\t<\/div>\n\t\t\t\t<\/div>\n\t\t<div class=\"elementor-element elementor-element-a736aaa e-flex e-con-boxed e-con e-parent\" data-id=\"a736aaa\" data-element_type=\"container\">\n\t\t\t\t\t<div class=\"e-con-inner\">\n\t\t<div class=\"elementor-element elementor-element-27a6e6c e-con-full e-flex e-con e-child\" data-id=\"27a6e6c\" data-element_type=\"container\">\n\t\t\t\t<div class=\"elementor-element elementor-element-eff77d9 elementor-view-default elementor-widget elementor-widget-icon\" data-id=\"eff77d9\" data-element_type=\"widget\" data-widget_type=\"icon.default\">\n\t\t\t\t\t\t\t<div class=\"elementor-icon-wrapper\">\n\t\t\t<div class=\"elementor-icon\">\n\t\t\t<svg aria-hidden=\"true\" class=\"e-font-icon-svg e-fas-star\" viewBox=\"0 0 576 512\" xmlns=\"http:\/\/www.w3.org\/2000\/svg\"><path d=\"M259.3 17.8L194 150.2 47.9 171.5c-26.2 3.8-36.7 36.1-17.7 54.6l105.7 103-25 145.5c-4.5 26.3 23.2 46 46.4 33.7L288 439.6l130.7 68.7c23.2 12.2 50.9-7.4 46.4-33.7l-25-145.5 105.7-103c19-18.5 8.5-50.8-17.7-54.6L382 150.2 316.7 17.8c-11.7-23.6-45.6-23.9-57.4 0z\"><\/path><\/svg>\t\t\t<\/div>\n\t\t<\/div>\n\t\t\t\t\t\t<\/div>\n\t\t\t\t<div class=\"elementor-element elementor-element-99da5d9 elementor-widget elementor-widget-heading\" data-id=\"99da5d9\" data-element_type=\"widget\" data-widget_type=\"heading.default\">\n\t\t\t\t\t<h3 class=\"elementor-heading-title elementor-size-default\">TOP10 tan\u00e1csunk<\/h3>\t\t\t\t<\/div>\n\t\t\t\t<div class=\"elementor-element elementor-element-882f6ef elementor-widget elementor-widget-text-editor\" data-id=\"882f6ef\" data-element_type=\"widget\" data-widget_type=\"text-editor.default\">\n\t\t\t\t\t\t\t\t\t<p>T\u00f6bb \u00e9ves tan\u00e1csad\u00f3i tapasztalatunk \u00e9s t\u00f6bb sz\u00e1z, sikeresen megval\u00f3s\u00edtott \u00fcgylet\u00fcnk alapj\u00e1n \u00f6sszegy\u0171jt\u00f6tt\u00fck a 10 legfontosabb \u00e1ltal\u00e1nos tan\u00e1csunkat. Ezeket a feliratkoz\u00e1st k\u00f6vet\u0151en \u00d6n azonnal megkapja e-mailben.<\/p>\t\t\t\t\t\t\t\t<\/div>\n\t\t\t\t<\/div>\n\t\t<div class=\"elementor-element elementor-element-f8d9206 e-con-full e-flex e-con e-child\" data-id=\"f8d9206\" data-element_type=\"container\">\n\t\t\t\t<div class=\"elementor-element elementor-element-7839360 elementor-view-default elementor-widget elementor-widget-icon\" data-id=\"7839360\" data-element_type=\"widget\" data-widget_type=\"icon.default\">\n\t\t\t\t\t\t\t<div class=\"elementor-icon-wrapper\">\n\t\t\t<div class=\"elementor-icon\">\n\t\t\t<svg aria-hidden=\"true\" class=\"e-font-icon-svg e-fas-book-open\" viewBox=\"0 0 576 512\" xmlns=\"http:\/\/www.w3.org\/2000\/svg\"><path d=\"M542.22 32.05c-54.8 3.11-163.72 14.43-230.96 55.59-4.64 2.84-7.27 7.89-7.27 13.17v363.87c0 11.55 12.63 18.85 23.28 13.49 69.18-34.82 169.23-44.32 218.7-46.92 16.89-.89 30.02-14.43 30.02-30.66V62.75c.01-17.71-15.35-31.74-33.77-30.7zM264.73 87.64C197.5 46.48 88.58 35.17 33.78 32.05 15.36 31.01 0 45.04 0 62.75V400.6c0 16.24 13.13 29.78 30.02 30.66 49.49 2.6 149.59 12.11 218.77 46.95 10.62 5.35 23.21-1.94 23.21-13.46V100.63c0-5.29-2.62-10.14-7.27-12.99z\"><\/path><\/svg>\t\t\t<\/div>\n\t\t<\/div>\n\t\t\t\t\t\t<\/div>\n\t\t\t\t<div class=\"elementor-element elementor-element-2efef53 elementor-widget elementor-widget-heading\" data-id=\"2efef53\" data-element_type=\"widget\" data-widget_type=\"heading.default\">\n\t\t\t\t\t<h3 class=\"elementor-heading-title elementor-size-default\">Ingyenes mini felk\u00e9sz\u00edt\u0151 tanulm\u00e1ny<\/h3>\t\t\t\t<\/div>\n\t\t\t\t<div class=\"elementor-element elementor-element-6970997 elementor-widget elementor-widget-text-editor\" data-id=\"6970997\" data-element_type=\"widget\" data-widget_type=\"text-editor.default\">\n\t\t\t\t\t\t\t\t\t<p>Ha m\u00e9lyebben bele\u00e1sn\u00e1 mag\u00e1t a t\u00e9m\u00e1ba, akkor Ingyenes mini felk\u00e9sz\u00edt\u0151 tanulm\u00e1nyunkat aj\u00e1nljuk figyelm\u00e9be, melyben hosszabban olvashat a leggyakoribb buktat\u00f3kr\u00f3l, illetve azokr\u00f3l a technik\u00e1kr\u00f3l, amelyekkel elker\u00fclheti egy rossz term\u00e9k, egy rossz \u00fcgyint\u00e9z\u0151 vagy egy rossz tan\u00e1csad\u00f3 okozta kellemetlens\u00e9geket. Ezt a tanulm\u00e1nyunkat is ingyen let\u00f6ltheti azonnal a kapott e-mailben.<\/p><p>Olvassa el tippjeinket, melyek m\u00e1r az els\u0151 l\u00e9p\u00e9sekkor is seg\u00edtenek, hogy ne legyen hossz\u00fa \u00e9vekre \u00e1ldozata egy olyan d\u00f6nt\u00e9snek, mely az els\u0151 pillanatban kecsegtet\u0151nek, egyszer\u0171nek, olcs\u00f3nak t\u0171nhet!<\/p>\t\t\t\t\t\t\t\t<\/div>\n\t\t\t\t<\/div>\n\t\t<div class=\"elementor-element elementor-element-f3f518d e-con-full e-flex e-con e-child\" data-id=\"f3f518d\" data-element_type=\"container\">\n\t\t\t\t<div class=\"elementor-element elementor-element-25255e9 elementor-view-default elementor-widget elementor-widget-icon\" data-id=\"25255e9\" data-element_type=\"widget\" data-widget_type=\"icon.default\">\n\t\t\t\t\t\t\t<div class=\"elementor-icon-wrapper\">\n\t\t\t<div class=\"elementor-icon\">\n\t\t\t<svg aria-hidden=\"true\" class=\"e-font-icon-svg e-far-paper-plane\" viewBox=\"0 0 512 512\" xmlns=\"http:\/\/www.w3.org\/2000\/svg\"><path d=\"M440 6.5L24 246.4c-34.4 19.9-31.1 70.8 5.7 85.9L144 379.6V464c0 46.4 59.2 65.5 86.6 28.6l43.8-59.1 111.9 46.2c5.9 2.4 12.1 3.6 18.3 3.6 8.2 0 16.3-2.1 23.6-6.2 12.8-7.2 21.6-20 23.9-34.5l59.4-387.2c6.1-40.1-36.9-68.8-71.5-48.9zM192 464v-64.6l36.6 15.1L192 464zm212.6-28.7l-153.8-63.5L391 169.5c10.7-15.5-9.5-33.5-23.7-21.2L155.8 332.6 48 288 464 48l-59.4 387.3z\"><\/path><\/svg>\t\t\t<\/div>\n\t\t<\/div>\n\t\t\t\t\t\t<\/div>\n\t\t\t\t<div class=\"elementor-element elementor-element-e8d171d elementor-widget elementor-widget-heading\" data-id=\"e8d171d\" data-element_type=\"widget\" data-widget_type=\"heading.default\">\n\t\t\t\t\t<h3 class=\"elementor-heading-title elementor-size-default\">Online hitelfelv\u00e9teli felk\u00e9sz\u00edt\u0151 tanfolyam<\/h3>\t\t\t\t<\/div>\n\t\t\t\t<div class=\"elementor-element elementor-element-cefc05a elementor-widget elementor-widget-text-editor\" data-id=\"cefc05a\" data-element_type=\"widget\" data-widget_type=\"text-editor.default\">\n\t\t\t\t\t\t\t\t\t<p>V\u00e9g\u00fcl, ha m\u00e9g tov\u00e1bb szeretne elm\u00e9lyedni a jelz\u00e1loghitelez\u00e9s t\u00e9mak\u00f6r\u00e9ben, akkor figyelm\u00e9be aj\u00e1nljuk Online 26 r\u00e9szes hitelfelv\u00e9teli felk\u00e9sz\u00edt\u0151 tanfolyamunkat!<\/p><p>Ebben r\u00e9szletesen kibontunk olyan t\u00e9m\u00e1kat, melyekkel csak szak\u00e9rt\u0151k vagy nagy tapasztalattal rendelkez\u0151 tan\u00e1csad\u00f3k, p\u00e9nz\u00fcgyi szakemberek tal\u00e1lkozhatnak. Ezek hozz\u00e1seg\u00edthetik \u00d6nt az adott pillanatban az \u00d6n sz\u00e1m\u00e1ra el\u00e9rhet\u0151 legjobb term\u00e9khez. A tanfolyam 26 r\u00e9sz\u00e9t ide kattintva elolvashatja!<\/p>\t\t\t\t\t\t\t\t<\/div>\n\t\t\t\t<\/div>\n\t\t\t\t\t<\/div>\n\t\t\t\t<\/div>\n\t\t<div class=\"elementor-element elementor-element-500d866 e-flex e-con-boxed e-con e-parent\" data-id=\"500d866\" data-element_type=\"container\">\n\t\t\t\t\t<div class=\"e-con-inner\">\n\t\t<div class=\"elementor-element elementor-element-2d172d1 e-con-full e-flex e-con e-child\" data-id=\"2d172d1\" data-element_type=\"container\" data-settings=\"{&quot;background_background&quot;:&quot;gradient&quot;}\">\n\t\t\t\t<div class=\"elementor-element elementor-element-b2ac30e elementor-widget__width-initial elementor-widget elementor-widget-heading\" data-id=\"b2ac30e\" data-element_type=\"widget\" data-widget_type=\"heading.default\">\n\t\t\t\t\t<h4 class=\"elementor-heading-title elementor-size-default\">Amennyiben \u00d6n ig\u00e9nyli ingyenes felk\u00e9sz\u00edt\u0151 anyagainkat, email c\u00edm\u00e9nek \u00e9s nev\u00e9nek megad\u00e1s\u00e1val jelezze azt fel\u00e9nk:<\/h4>\t\t\t\t<\/div>\n\t\t\t\t<div class=\"elementor-element elementor-element-53c8f13 elementor-button-align-stretch elementor-widget elementor-widget-form\" data-id=\"53c8f13\" data-element_type=\"widget\" data-settings=\"{&quot;button_width&quot;:&quot;30&quot;,&quot;step_next_label&quot;:&quot;K\\u00f6vetkez\\u0151&quot;,&quot;step_previous_label&quot;:&quot;El\\u0151z\\u0151&quot;,&quot;step_type&quot;:&quot;number_text&quot;,&quot;step_icon_shape&quot;:&quot;circle&quot;}\" data-widget_type=\"form.default\">\n\t\t\t\t\t\t\t<form class=\"elementor-form\" method=\"post\" name=\"\u00daj \u0171rlap\" aria-label=\"\u00daj \u0171rlap\">\n\t\t\t<input type=\"hidden\" name=\"post_id\" value=\"27\"\/>\n\t\t\t<input type=\"hidden\" name=\"form_id\" value=\"53c8f13\"\/>\n\t\t\t<input type=\"hidden\" name=\"referer_title\" value=\"K\u00f6telez\u0151 olvasm\u00e1ny hitelfelv\u00e9tel el\u0151tt\" \/>\n\n\t\t\t\t\t\t\t<input type=\"hidden\" name=\"queried_id\" value=\"27\"\/>\n\t\t\t\n\t\t\t<div class=\"elementor-form-fields-wrapper elementor-labels-\">\n\t\t\t\t\t\t\t\t<div class=\"elementor-field-type-text elementor-field-group elementor-column elementor-field-group-name elementor-col-50\">\n\t\t\t\t\t\t\t\t\t\t\t\t<label for=\"form-field-name\" class=\"elementor-field-label elementor-screen-only\">\n\t\t\t\t\t\t\t\tN\u00e9v\t\t\t\t\t\t\t<\/label>\n\t\t\t\t\t\t\t\t\t\t\t\t\t\t<input size=\"1\" type=\"text\" name=\"form_fields[name]\" id=\"form-field-name\" class=\"elementor-field elementor-size-md  elementor-field-textual\" placeholder=\"N\u00e9v\">\n\t\t\t\t\t\t\t\t\t\t\t<\/div>\n\t\t\t\t\t\t\t\t<div class=\"elementor-field-type-email elementor-field-group elementor-column elementor-field-group-email elementor-col-50 elementor-field-required\">\n\t\t\t\t\t\t\t\t\t\t\t\t<label for=\"form-field-email\" class=\"elementor-field-label elementor-screen-only\">\n\t\t\t\t\t\t\t\tEmail\t\t\t\t\t\t\t<\/label>\n\t\t\t\t\t\t\t\t\t\t\t\t\t\t<input size=\"1\" type=\"email\" name=\"form_fields[email]\" id=\"form-field-email\" class=\"elementor-field elementor-size-md  elementor-field-textual\" placeholder=\"Email\" required=\"required\">\n\t\t\t\t\t\t\t\t\t\t\t<\/div>\n\t\t\t\t\t\t\t\t<div class=\"elementor-field-type-textarea elementor-field-group elementor-column elementor-field-group-message elementor-col-100\">\n\t\t\t\t\t\t\t\t\t\t\t\t<label for=\"form-field-message\" class=\"elementor-field-label elementor-screen-only\">\n\t\t\t\t\t\t\t\t\u00dczenet\t\t\t\t\t\t\t<\/label>\n\t\t\t\t\t\t<textarea class=\"elementor-field-textual elementor-field  elementor-size-md\" name=\"form_fields[message]\" id=\"form-field-message\" rows=\"4\" placeholder=\"\u00dczenet\"><\/textarea>\t\t\t\t<\/div>\n\t\t\t\t\t\t\t\t<div class=\"elementor-field-group elementor-column elementor-field-type-submit elementor-col-30 e-form__buttons\">\n\t\t\t\t\t<button class=\"elementor-button elementor-size-sm\" type=\"submit\">\n\t\t\t\t\t\t<span class=\"elementor-button-content-wrapper\">\n\t\t\t\t\t\t\t\t\t\t\t\t\t\t\t\t\t\t\t\t\t\t<span class=\"elementor-button-text\">K\u00fcld\u00e9s<\/span>\n\t\t\t\t\t\t\t\t\t\t\t\t\t<\/span>\n\t\t\t\t\t<\/button>\n\t\t\t\t<\/div>\n\t\t\t<\/div>\n\t\t<\/form>\n\t\t\t\t\t\t<\/div>\n\t\t\t\t<\/div>\n\t\t\t\t\t<\/div>\n\t\t\t\t<\/div>\n\t\t\t\t<\/div>\n\t\t","protected":false},"excerpt":{"rendered":"<p>Ne vegyen fel hitelt, miel\u0151tt nem olvasta el tan\u00e1csainkat! Amennyiben \u00d6n hitelfelv\u00e9tel el\u0151tt \u00e1ll, vagy hitelkiv\u00e1lt\u00e1sban gondolkozik, ak\u00e1r v\u00e1lasztott m\u00e1r hiteltan\u00e1csad\u00f3t, ak\u00e1r egyed\u00fcl v\u00e1g bele, tanulm\u00e1nyozza \u00e1t ingyenes felk\u00e9sz\u00edt\u0151 anyagainkat! TOP10 tan\u00e1csunk T\u00f6bb \u00e9ves tan\u00e1csad\u00f3i tapasztalatunk \u00e9s t\u00f6bb sz\u00e1z, sikeresen megval\u00f3s\u00edtott \u00fcgylet\u00fcnk alapj\u00e1n \u00f6sszegy\u0171jt\u00f6tt\u00fck a 10 legfontosabb \u00e1ltal\u00e1nos tan\u00e1csunkat. Ezeket a feliratkoz\u00e1st k\u00f6vet\u0151en \u00d6n azonnal [&hellip;]<\/p>\n","protected":false},"author":1,"featured_media":0,"parent":0,"menu_order":0,"comment_status":"closed","ping_status":"closed","template":"elementor_header_footer","meta":{"footnotes":""},"class_list":["post-27","page","type-page","status-publish","hentry"],"_links":{"self":[{"href":"https:\/\/uj.okoshitel.hu\/index.php\/wp-json\/wp\/v2\/pages\/27","targetHints":{"allow":["GET"]}}],"collection":[{"href":"https:\/\/uj.okoshitel.hu\/index.php\/wp-json\/wp\/v2\/pages"}],"about":[{"href":"https:\/\/uj.okoshitel.hu\/index.php\/wp-json\/wp\/v2\/types\/page"}],"author":[{"embeddable":true,"href":"https:\/\/uj.okoshitel.hu\/index.php\/wp-json\/wp\/v2\/users\/1"}],"replies":[{"embeddable":true,"href":"https:\/\/uj.okoshitel.hu\/index.php\/wp-json\/wp\/v2\/comments?post=27"}],"version-history":[{"count":15,"href":"https:\/\/uj.okoshitel.hu\/index.php\/wp-json\/wp\/v2\/pages\/27\/revisions"}],"predecessor-version":[{"id":1278,"href":"https:\/\/uj.okoshitel.hu\/index.php\/wp-json\/wp\/v2\/pages\/27\/revisions\/1278"}],"wp:attachment":[{"href":"https:\/\/uj.okoshitel.hu\/index.php\/wp-json\/wp\/v2\/media?parent=27"}],"curies":[{"name":"wp","href":"https:\/\/api.w.org\/{rel}","templated":true}]}}