{"id":23,"date":"2024-05-14T12:24:15","date_gmt":"2024-05-14T12:24:15","guid":{"rendered":"https:\/\/uj.okoshitel.hu\/?page_id=23"},"modified":"2026-03-10T16:44:12","modified_gmt":"2026-03-10T16:44:12","slug":"okoshitel-hitelkozvetites","status":"publish","type":"page","link":"https:\/\/uj.okoshitel.hu\/index.php\/okoshitel-hitelkozvetites\/","title":{"rendered":"Okoshitel hitelk\u00f6zvet\u00edt\u00e9s"},"content":{"rendered":"\t\t<div data-elementor-type=\"wp-page\" data-elementor-id=\"23\" class=\"elementor elementor-23\" data-elementor-post-type=\"page\">\n\t\t\t\t<div class=\"elementor-element elementor-element-65d344b e-flex e-con-boxed e-con e-parent\" data-id=\"65d344b\" data-element_type=\"container\" data-settings=\"{&quot;background_background&quot;:&quot;gradient&quot;}\">\n\t\t\t\t\t<div class=\"e-con-inner\">\n\t\t\t\t<div class=\"elementor-element elementor-element-1c312c8 elementor-widget elementor-widget-heading\" data-id=\"1c312c8\" data-element_type=\"widget\" data-widget_type=\"heading.default\">\n\t\t\t\t\t<h1 class=\"elementor-heading-title elementor-size-default\">Okoshitel hitelk\u00f6zvet\u00edt\u00e9s<\/h1>\t\t\t\t<\/div>\n\t\t\t\t<div class=\"elementor-element elementor-element-4447887 elementor-widget elementor-widget-text-editor\" data-id=\"4447887\" data-element_type=\"widget\" data-widget_type=\"text-editor.default\">\n\t\t\t\t\t\t\t\t\t<p>C\u00e9lunk, hogy \u00fcgyfeleink sz\u00e1m\u00e1ra a hitelpiaci \u00e1tl\u00e1that\u00f3bb\u00e1, a hitelfelv\u00e9tel pedig k\u00f6nnyebb\u00e9 v\u00e1ljon.<\/p>\t\t\t\t\t\t\t\t<\/div>\n\t\t\t\t<div class=\"elementor-element elementor-element-61a0789 elementor-align-left elementor-widget elementor-widget-button\" data-id=\"61a0789\" data-element_type=\"widget\" data-widget_type=\"button.default\">\n\t\t\t\t\t\t\t\t\t\t<a class=\"elementor-button elementor-button-link elementor-size-sm\" href=\"\/index.php\/kapcsolat\/\">\n\t\t\t\t\t\t<span class=\"elementor-button-content-wrapper\">\n\t\t\t\t\t\t\t\t\t<span class=\"elementor-button-text\">Kapcsolatfelv\u00e9tel<\/span>\n\t\t\t\t\t<\/span>\n\t\t\t\t\t<\/a>\n\t\t\t\t\t\t\t\t<\/div>\n\t\t\t\t\t<\/div>\n\t\t\t\t<\/div>\n\t\t<div class=\"elementor-element elementor-element-ac8502c e-flex e-con-boxed e-con e-parent\" data-id=\"ac8502c\" data-element_type=\"container\">\n\t\t\t\t\t<div class=\"e-con-inner\">\n\t\t<div class=\"elementor-element elementor-element-d3d92a0 e-con-full e-flex e-con e-child\" data-id=\"d3d92a0\" data-element_type=\"container\">\n\t\t\t\t<div class=\"elementor-element elementor-element-2d3ea4a elementor-widget__width-initial elementor-widget elementor-widget-heading\" data-id=\"2d3ea4a\" data-element_type=\"widget\" data-widget_type=\"heading.default\">\n\t\t\t\t\t<h3 class=\"elementor-heading-title elementor-size-default\">Seg\u00edt\u00fcnk, hogy \u00d6n magabiztosabban hozzon megalapozott d\u00f6nt\u00e9seket a hitelfelv\u00e9tel kapcs\u00e1n.<\/h3>\t\t\t\t<\/div>\n\t\t\t\t<div class=\"elementor-element elementor-element-2db87da elementor-widget elementor-widget-text-editor\" data-id=\"2db87da\" data-element_type=\"widget\" data-widget_type=\"text-editor.default\">\n\t\t\t\t\t\t\t\t\t<p>Egy j\u00f3 hiteltan\u00e1csad\u00f3 c\u00e9g megv\u00e1laszt\u00e1s\u00e1val<\/p><ul><li>a banki aj\u00e1nlatok sokas\u00e1ga \u00e1tl\u00e1that\u00f3bb\u00e1,<\/li><li>az \u00fcgymenet sikeress\u00e9ge kisz\u00e1m\u00edthat\u00f3bb\u00e1,<\/li><li>az \u00fcgyint\u00e9z\u00e9s gyorsabb\u00e1 \u00e9s rugalmasabb\u00e1 v\u00e1lik.<\/li><\/ul>\t\t\t\t\t\t\t\t<\/div>\n\t\t\t\t<\/div>\n\t\t<div class=\"elementor-element elementor-element-4cc0e52 e-con-full e-flex e-con e-child\" data-id=\"4cc0e52\" data-element_type=\"container\" data-settings=\"{&quot;background_background&quot;:&quot;gradient&quot;}\">\n\t\t\t\t<div class=\"elementor-element elementor-element-cc226ae elementor-widget__width-initial elementor-widget elementor-widget-heading\" data-id=\"cc226ae\" data-element_type=\"widget\" data-widget_type=\"heading.default\">\n\t\t\t\t\t<h2 class=\"elementor-heading-title elementor-size-default\">Tudjuk, hogy a hitelfelv\u00e9tel egy komoly, a csal\u00e1dok \u00e9let\u00e9re is kihat\u00f3, hossz\u00fa t\u00e1v\u00fa p\u00e9nz\u00fcgyi d\u00f6nt\u00e9s.<\/h2>\t\t\t\t<\/div>\n\t\t\t\t<div class=\"elementor-element elementor-element-2c91055 elementor-widget elementor-widget-text-editor\" data-id=\"2c91055\" data-element_type=\"widget\" data-widget_type=\"text-editor.default\">\n\t\t\t\t\t\t\t\t\t<p>Feladatunknak tartjuk, hogy \u00fcgyfeleinket a hitelig\u00e9nyl\u00e9s \u00e9s a hitelez\u00e9s alatt, majd azt k\u00f6vet\u0151en is ell\u00e1ssuk kell\u0151 inform\u00e1ci\u00f3val a hitelpiaci aj\u00e1nlatok, v\u00e1ltoz\u00e1sok, esem\u00e9nyek kapcs\u00e1n.<\/p>\t\t\t\t\t\t\t\t<\/div>\n\t\t\t\t<\/div>\n\t\t\t\t\t<\/div>\n\t\t\t\t<\/div>\n\t\t<div class=\"elementor-element elementor-element-87b2946 e-flex e-con-boxed e-con e-parent\" data-id=\"87b2946\" data-element_type=\"container\">\n\t\t\t\t\t<div class=\"e-con-inner\">\n\t\t\t\t<div class=\"elementor-element elementor-element-c1a5504 elementor-widget elementor-widget-heading\" data-id=\"c1a5504\" data-element_type=\"widget\" data-widget_type=\"heading.default\">\n\t\t\t\t\t<h3 class=\"elementor-heading-title elementor-size-default\">Tudjon meg t\u00f6bbet az al\u00e1bbi hitelterm\u00e9kekr\u0151l:<\/h3>\t\t\t\t<\/div>\n\t\t<div class=\"elementor-element elementor-element-f9502a0 e-con-full e-flex e-con e-child\" data-id=\"f9502a0\" data-element_type=\"container\">\n\t\t\t\t<div class=\"elementor-element elementor-element-faf2869 elementor-align-left elementor-widget elementor-widget-button\" data-id=\"faf2869\" data-element_type=\"widget\" data-widget_type=\"button.default\">\n\t\t\t\t\t\t\t\t\t\t<a class=\"elementor-button elementor-button-link elementor-size-sm\" href=\"\/index.php\/lakashitel\/\">\n\t\t\t\t\t\t<span class=\"elementor-button-content-wrapper\">\n\t\t\t\t\t\t\t\t\t<span class=\"elementor-button-text\">Lak\u00e1shitel<\/span>\n\t\t\t\t\t<\/span>\n\t\t\t\t\t<\/a>\n\t\t\t\t\t\t\t\t<\/div>\n\t\t\t\t<div class=\"elementor-element elementor-element-61ffdd6 elementor-align-left elementor-widget elementor-widget-button\" data-id=\"61ffdd6\" data-element_type=\"widget\" data-widget_type=\"button.default\">\n\t\t\t\t\t\t\t\t\t\t<a class=\"elementor-button elementor-button-link elementor-size-sm\" href=\"\/index.php\/epitesi-hitel\/\">\n\t\t\t\t\t\t<span class=\"elementor-button-content-wrapper\">\n\t\t\t\t\t\t\t\t\t<span class=\"elementor-button-text\">\u00c9p\u00edt\u00e9si hitel<\/span>\n\t\t\t\t\t<\/span>\n\t\t\t\t\t<\/a>\n\t\t\t\t\t\t\t\t<\/div>\n\t\t\t\t<div class=\"elementor-element elementor-element-6a55add elementor-align-left elementor-widget elementor-widget-button\" data-id=\"6a55add\" data-element_type=\"widget\" data-widget_type=\"button.default\">\n\t\t\t\t\t\t\t\t\t\t<a class=\"elementor-button elementor-button-link elementor-size-sm\" href=\"\/index.php\/szabad-felhasznalasu-hitel-2\/\">\n\t\t\t\t\t\t<span class=\"elementor-button-content-wrapper\">\n\t\t\t\t\t\t\t\t\t<span class=\"elementor-button-text\">Szabadfelhaszn\u00e1l\u00e1s\u00fa hitel<\/span>\n\t\t\t\t\t<\/span>\n\t\t\t\t\t<\/a>\n\t\t\t\t\t\t\t\t<\/div>\n\t\t\t\t<div class=\"elementor-element elementor-element-2ce4e1e elementor-align-left elementor-widget elementor-widget-button\" data-id=\"2ce4e1e\" data-element_type=\"widget\" data-widget_type=\"button.default\">\n\t\t\t\t\t\t\t\t\t\t<a class=\"elementor-button elementor-button-link elementor-size-sm\" href=\"\/index.php\/hitelkivaltas\/\">\n\t\t\t\t\t\t<span class=\"elementor-button-content-wrapper\">\n\t\t\t\t\t\t\t\t\t<span class=\"elementor-button-text\">Hitel kiv\u00e1lt\u00e1s<\/span>\n\t\t\t\t\t<\/span>\n\t\t\t\t\t<\/a>\n\t\t\t\t\t\t\t\t<\/div>\n\t\t\t\t<div class=\"elementor-element elementor-element-2329f21 elementor-align-left elementor-widget elementor-widget-button\" data-id=\"2329f21\" data-element_type=\"widget\" data-widget_type=\"button.default\">\n\t\t\t\t\t\t\t\t\t\t<a class=\"elementor-button elementor-button-link elementor-size-sm\" href=\"\/index.php\/adossagrendezo-hitel\/\">\n\t\t\t\t\t\t<span class=\"elementor-button-content-wrapper\">\n\t\t\t\t\t\t\t\t\t<span class=\"elementor-button-text\">Ad\u00f3ss\u00e1grendez\u0151 hitel<\/span>\n\t\t\t\t\t<\/span>\n\t\t\t\t\t<\/a>\n\t\t\t\t\t\t\t\t<\/div>\n\t\t\t\t<\/div>\n\t\t\t\t\t<\/div>\n\t\t\t\t<\/div>\n\t\t\t\t<\/div>\n\t\t","protected":false},"excerpt":{"rendered":"<p>C\u00e9lunk, hogy \u00fcgyfeleink sz\u00e1m\u00e1ra a hitelpiaci \u00e1tl\u00e1that\u00f3bb\u00e1, a hitelfelv\u00e9tel pedig k\u00f6nnyebb\u00e9 v\u00e1ljon. Kapcsolatfelv\u00e9tel Seg\u00edt\u00fcnk, hogy \u00d6n magabiztosabban hozzon megalapozott d\u00f6nt\u00e9seket a hitelfelv\u00e9tel kapcs\u00e1n. Egy j\u00f3 hiteltan\u00e1csad\u00f3 c\u00e9g megv\u00e1laszt\u00e1s\u00e1val a banki aj\u00e1nlatok sokas\u00e1ga \u00e1tl\u00e1that\u00f3bb\u00e1, az \u00fcgymenet sikeress\u00e9ge kisz\u00e1m\u00edthat\u00f3bb\u00e1, az \u00fcgyint\u00e9z\u00e9s gyorsabb\u00e1 \u00e9s rugalmasabb\u00e1 v\u00e1lik. Tudjuk, hogy a hitelfelv\u00e9tel egy komoly, a csal\u00e1dok \u00e9let\u00e9re is kihat\u00f3, hossz\u00fa [&hellip;]<\/p>\n","protected":false},"author":1,"featured_media":0,"parent":0,"menu_order":0,"comment_status":"closed","ping_status":"closed","template":"elementor_header_footer","meta":{"footnotes":""},"class_list":["post-23","page","type-page","status-publish","hentry"],"_links":{"self":[{"href":"https:\/\/uj.okoshitel.hu\/index.php\/wp-json\/wp\/v2\/pages\/23","targetHints":{"allow":["GET"]}}],"collection":[{"href":"https:\/\/uj.okoshitel.hu\/index.php\/wp-json\/wp\/v2\/pages"}],"about":[{"href":"https:\/\/uj.okoshitel.hu\/index.php\/wp-json\/wp\/v2\/types\/page"}],"author":[{"embeddable":true,"href":"https:\/\/uj.okoshitel.hu\/index.php\/wp-json\/wp\/v2\/users\/1"}],"replies":[{"embeddable":true,"href":"https:\/\/uj.okoshitel.hu\/index.php\/wp-json\/wp\/v2\/comments?post=23"}],"version-history":[{"count":27,"href":"https:\/\/uj.okoshitel.hu\/index.php\/wp-json\/wp\/v2\/pages\/23\/revisions"}],"predecessor-version":[{"id":2356,"href":"https:\/\/uj.okoshitel.hu\/index.php\/wp-json\/wp\/v2\/pages\/23\/revisions\/2356"}],"wp:attachment":[{"href":"https:\/\/uj.okoshitel.hu\/index.php\/wp-json\/wp\/v2\/media?parent=23"}],"curies":[{"name":"wp","href":"https:\/\/api.w.org\/{rel}","templated":true}]}}