{"id":1674,"date":"2026-01-05T09:11:58","date_gmt":"2026-01-05T09:11:58","guid":{"rendered":"https:\/\/uj.okoshitel.hu\/?page_id=1674"},"modified":"2026-01-05T09:14:31","modified_gmt":"2026-01-05T09:14:31","slug":"esettanulmanyok","status":"publish","type":"page","link":"https:\/\/uj.okoshitel.hu\/index.php\/esettanulmanyok\/","title":{"rendered":"Esettanulm\u00e1nyok"},"content":{"rendered":"\t\t<div data-elementor-type=\"wp-page\" data-elementor-id=\"1674\" class=\"elementor elementor-1674\" data-elementor-post-type=\"page\">\n\t\t\t\t<div class=\"elementor-element elementor-element-eba357f e-flex e-con-boxed e-con e-parent\" data-id=\"eba357f\" data-element_type=\"container\" data-settings=\"{&quot;background_background&quot;:&quot;classic&quot;}\">\n\t\t\t\t\t<div class=\"e-con-inner\">\n\t\t\t\t<div class=\"elementor-element elementor-element-366a8e0 elementor-widget elementor-widget-heading\" data-id=\"366a8e0\" data-element_type=\"widget\" data-widget_type=\"heading.default\">\n\t\t\t\t\t<h1 class=\"elementor-heading-title elementor-size-default\">Esettanulm\u00e1nyok<\/h1>\t\t\t\t<\/div>\n\t\t\t\t<div class=\"elementor-element elementor-element-16f7459 elementor-grid-2 elementor-grid-tablet-2 elementor-grid-mobile-1 elementor-widget elementor-widget-loop-grid\" data-id=\"16f7459\" data-element_type=\"widget\" data-settings=\"{&quot;template_id&quot;:866,&quot;columns&quot;:2,&quot;_skin&quot;:&quot;post&quot;,&quot;columns_tablet&quot;:&quot;2&quot;,&quot;columns_mobile&quot;:&quot;1&quot;,&quot;edit_handle_selector&quot;:&quot;[data-elementor-type=\\&quot;loop-item\\&quot;]&quot;,&quot;row_gap&quot;:{&quot;unit&quot;:&quot;px&quot;,&quot;size&quot;:&quot;&quot;,&quot;sizes&quot;:[]},&quot;row_gap_tablet&quot;:{&quot;unit&quot;:&quot;px&quot;,&quot;size&quot;:&quot;&quot;,&quot;sizes&quot;:[]},&quot;row_gap_mobile&quot;:{&quot;unit&quot;:&quot;px&quot;,&quot;size&quot;:&quot;&quot;,&quot;sizes&quot;:[]}}\" data-widget_type=\"loop-grid.post\">\n\t\t\t\t<div class=\"elementor-widget-container\">\n\t\t\t\t\t\t\t<div class=\"elementor-loop-container elementor-grid\" role=\"list\">\n\t\t<style id=\"loop-866\">.elementor-866 .elementor-element.elementor-element-538d402{--display:flex;--flex-direction:column;--container-widget-width:100%;--container-widget-height:initial;--container-widget-flex-grow:0;--container-widget-align-self:initial;--flex-wrap-mobile:wrap;--padding-top:0px;--padding-bottom:0px;--padding-left:0px;--padding-right:0px;}.elementor-widget-theme-post-featured-image .widget-image-caption{color:var( --e-global-color-text );font-family:var( --e-global-typography-text-font-family ), Sans-serif;font-weight:var( --e-global-typography-text-font-weight );}.elementor-widget-post-info .elementor-icon-list-item:not(:last-child):after{border-color:var( --e-global-color-text );}.elementor-widget-post-info .elementor-icon-list-icon i{color:var( --e-global-color-primary );}.elementor-widget-post-info .elementor-icon-list-icon svg{fill:var( --e-global-color-primary );}.elementor-widget-post-info .elementor-icon-list-text, .elementor-widget-post-info .elementor-icon-list-text a{color:var( --e-global-color-secondary );}.elementor-widget-post-info .elementor-icon-list-item{font-family:var( --e-global-typography-text-font-family ), Sans-serif;font-weight:var( --e-global-typography-text-font-weight );}.elementor-866 .elementor-element.elementor-element-9ec97b1{background-color:var( --e-global-color-53421ac );padding:5px 25px 5px 25px;border-radius:8px 8px 8px 8px;}.elementor-866 .elementor-element.elementor-element-9ec97b1.elementor-element{--align-self:flex-start;}.elementor-866 .elementor-element.elementor-element-9ec97b1 .elementor-icon-list-icon{width:14px;}.elementor-866 .elementor-element.elementor-element-9ec97b1 .elementor-icon-list-icon i{font-size:14px;}.elementor-866 .elementor-element.elementor-element-9ec97b1 .elementor-icon-list-icon svg{--e-icon-list-icon-size:14px;}.elementor-866 .elementor-element.elementor-element-9ec97b1 .elementor-icon-list-text, .elementor-866 .elementor-element.elementor-element-9ec97b1 .elementor-icon-list-text a{color:var( --e-global-color-bcb8019 );}.elementor-866 .elementor-element.elementor-element-9ec97b1 .elementor-icon-list-item{font-family:\"Roboto\", Sans-serif;font-size:13px;font-weight:800;}.elementor-widget-theme-post-title .elementor-heading-title{font-family:var( --e-global-typography-primary-font-family ), Sans-serif;font-weight:var( --e-global-typography-primary-font-weight );color:var( --e-global-color-primary );}.elementor-866 .elementor-element.elementor-element-298ef89 .elementor-heading-title{font-family:\"Roboto\", Sans-serif;font-weight:800;line-height:1.3em;color:var( --e-global-color-b998deb );}.elementor-widget-theme-post-excerpt{font-family:var( --e-global-typography-text-font-family ), Sans-serif;font-weight:var( --e-global-typography-text-font-weight );color:var( --e-global-color-text );}.elementor-866 .elementor-element.elementor-element-6904b25{font-family:\"Roboto\", Sans-serif;font-size:14px;font-weight:400;color:#111111;}.elementor-widget-button .elementor-button{background-color:var( --e-global-color-accent );font-family:var( --e-global-typography-accent-font-family ), Sans-serif;font-weight:var( --e-global-typography-accent-font-weight );}.elementor-866 .elementor-element.elementor-element-e9467d5 .elementor-button{background-color:#FFFFFF00;font-family:\"Roboto\", Sans-serif;font-size:14px;font-weight:800;text-transform:uppercase;fill:var( --e-global-color-53421ac );color:var( --e-global-color-53421ac );padding:0px 0px 0px 0px;}<\/style>\t\t<div data-elementor-type=\"loop-item\" data-elementor-id=\"866\" class=\"elementor elementor-866 e-loop-item e-loop-item-1666 post-1666 post type-post status-publish format-standard has-post-thumbnail hentry category-esettanulmany\" data-elementor-post-type=\"elementor_library\" data-custom-edit-handle=\"1\">\n\t\t\t<div class=\"elementor-element elementor-element-538d402 e-flex e-con-boxed e-con e-parent\" data-id=\"538d402\" data-element_type=\"container\">\n\t\t\t\t\t<div class=\"e-con-inner\">\n\t\t\t\t<div class=\"elementor-element elementor-element-a98ac15 elementor-widget elementor-widget-theme-post-featured-image elementor-widget-image\" data-id=\"a98ac15\" data-element_type=\"widget\" data-widget_type=\"theme-post-featured-image.default\">\n\t\t\t\t\t\t\t\t\t\t\t\t\t\t\t\t<a href=\"https:\/\/uj.okoshitel.hu\/index.php\/2026\/01\/05\/mit-szamit-a-telepules-a-jelzaloghitelezesben\/\">\n\t\t\t\t\t\t\t<img fetchpriority=\"high\" decoding=\"async\" width=\"800\" height=\"533\" src=\"https:\/\/uj.okoshitel.hu\/wp-content\/uploads\/2026\/01\/telepules-jelzalog.jpg\" class=\"attachment-large size-large wp-image-1667\" alt=\"\" srcset=\"https:\/\/uj.okoshitel.hu\/wp-content\/uploads\/2026\/01\/telepules-jelzalog.jpg 1000w, https:\/\/uj.okoshitel.hu\/wp-content\/uploads\/2026\/01\/telepules-jelzalog-300x200.jpg 300w, https:\/\/uj.okoshitel.hu\/wp-content\/uploads\/2026\/01\/telepules-jelzalog-768x511.jpg 768w\" sizes=\"(max-width: 800px) 100vw, 800px\" \/>\t\t\t\t\t\t\t\t<\/a>\n\t\t\t\t\t\t\t\t\t\t\t\t\t\t\t<\/div>\n\t\t\t\t<div class=\"elementor-element elementor-element-9ec97b1 elementor-widget elementor-widget-post-info\" data-id=\"9ec97b1\" data-element_type=\"widget\" data-widget_type=\"post-info.default\">\n\t\t\t\t\t\t\t<ul class=\"elementor-inline-items elementor-icon-list-items elementor-post-info\">\n\t\t\t\t\t\t\t\t<li class=\"elementor-icon-list-item elementor-repeater-item-97a80cc elementor-inline-item\" itemprop=\"datePublished\">\n\t\t\t\t\t\t\t\t\t\t\t\t\t<span class=\"elementor-icon-list-text elementor-post-info__item elementor-post-info__item--type-date\">\n\t\t\t\t\t\t\t\t\t\t<time>2026.01.05<\/time>\t\t\t\t\t<\/span>\n\t\t\t\t\t\t\t\t<\/li>\n\t\t\t\t<\/ul>\n\t\t\t\t\t\t<\/div>\n\t\t\t\t<div class=\"elementor-element elementor-element-298ef89 elementor-widget elementor-widget-theme-post-title elementor-page-title elementor-widget-heading\" data-id=\"298ef89\" data-element_type=\"widget\" data-widget_type=\"theme-post-title.default\">\n\t\t\t\t\t<h6 class=\"elementor-heading-title elementor-size-default\"><a href=\"https:\/\/uj.okoshitel.hu\/index.php\/2026\/01\/05\/mit-szamit-a-telepules-a-jelzaloghitelezesben\/\">Mit sz\u00e1m\u00edt a telep\u00fcl\u00e9s a jelz\u00e1loghitelez\u00e9sben?<\/a><\/h6>\t\t\t\t<\/div>\n\t\t\t\t<div class=\"elementor-element elementor-element-e9467d5 elementor-widget elementor-widget-button\" data-id=\"e9467d5\" data-element_type=\"widget\" data-widget_type=\"button.default\">\n\t\t\t\t\t\t\t\t\t\t<a class=\"elementor-button elementor-button-link elementor-size-sm\" href=\"https:\/\/uj.okoshitel.hu\/index.php\/2026\/01\/05\/mit-szamit-a-telepules-a-jelzaloghitelezesben\/\">\n\t\t\t\t\t\t<span class=\"elementor-button-content-wrapper\">\n\t\t\t\t\t\t\t\t\t<span class=\"elementor-button-text\">Elolvasom a cikket<\/span>\n\t\t\t\t\t<\/span>\n\t\t\t\t\t<\/a>\n\t\t\t\t\t\t\t\t<\/div>\n\t\t\t\t\t<\/div>\n\t\t\t\t<\/div>\n\t\t\t\t<\/div>\n\t\t\t\t<div data-elementor-type=\"loop-item\" data-elementor-id=\"866\" class=\"elementor elementor-866 e-loop-item e-loop-item-1658 post-1658 post type-post status-publish format-standard has-post-thumbnail hentry category-esettanulmany\" data-elementor-post-type=\"elementor_library\" data-custom-edit-handle=\"1\">\n\t\t\t<div class=\"elementor-element elementor-element-538d402 e-flex e-con-boxed e-con e-parent\" data-id=\"538d402\" data-element_type=\"container\">\n\t\t\t\t\t<div class=\"e-con-inner\">\n\t\t\t\t<div class=\"elementor-element elementor-element-a98ac15 elementor-widget elementor-widget-theme-post-featured-image elementor-widget-image\" data-id=\"a98ac15\" data-element_type=\"widget\" data-widget_type=\"theme-post-featured-image.default\">\n\t\t\t\t\t\t\t\t\t\t\t\t\t\t\t\t<a href=\"https:\/\/uj.okoshitel.hu\/index.php\/2026\/01\/05\/miert-nem-mindegy-hol-probalkozik-a-tamogatott-hitel-felvetelevel\/\">\n\t\t\t\t\t\t\t<img decoding=\"async\" width=\"800\" height=\"519\" src=\"https:\/\/uj.okoshitel.hu\/wp-content\/uploads\/2026\/01\/hitel-felvetele-1024x664.webp\" class=\"attachment-large size-large wp-image-1659\" alt=\"\" srcset=\"https:\/\/uj.okoshitel.hu\/wp-content\/uploads\/2026\/01\/hitel-felvetele-1024x664.webp 1024w, https:\/\/uj.okoshitel.hu\/wp-content\/uploads\/2026\/01\/hitel-felvetele-300x194.webp 300w, https:\/\/uj.okoshitel.hu\/wp-content\/uploads\/2026\/01\/hitel-felvetele-768x498.webp 768w, https:\/\/uj.okoshitel.hu\/wp-content\/uploads\/2026\/01\/hitel-felvetele.webp 1125w\" sizes=\"(max-width: 800px) 100vw, 800px\" \/>\t\t\t\t\t\t\t\t<\/a>\n\t\t\t\t\t\t\t\t\t\t\t\t\t\t\t<\/div>\n\t\t\t\t<div class=\"elementor-element elementor-element-9ec97b1 elementor-widget elementor-widget-post-info\" data-id=\"9ec97b1\" data-element_type=\"widget\" data-widget_type=\"post-info.default\">\n\t\t\t\t\t\t\t<ul class=\"elementor-inline-items elementor-icon-list-items elementor-post-info\">\n\t\t\t\t\t\t\t\t<li class=\"elementor-icon-list-item elementor-repeater-item-97a80cc elementor-inline-item\" itemprop=\"datePublished\">\n\t\t\t\t\t\t\t\t\t\t\t\t\t<span class=\"elementor-icon-list-text elementor-post-info__item elementor-post-info__item--type-date\">\n\t\t\t\t\t\t\t\t\t\t<time>2026.01.05<\/time>\t\t\t\t\t<\/span>\n\t\t\t\t\t\t\t\t<\/li>\n\t\t\t\t<\/ul>\n\t\t\t\t\t\t<\/div>\n\t\t\t\t<div class=\"elementor-element elementor-element-298ef89 elementor-widget elementor-widget-theme-post-title elementor-page-title elementor-widget-heading\" data-id=\"298ef89\" data-element_type=\"widget\" data-widget_type=\"theme-post-title.default\">\n\t\t\t\t\t<h6 class=\"elementor-heading-title elementor-size-default\"><a href=\"https:\/\/uj.okoshitel.hu\/index.php\/2026\/01\/05\/miert-nem-mindegy-hol-probalkozik-a-tamogatott-hitel-felvetelevel\/\">Mi\u00e9rt nem mindegy, hol pr\u00f3b\u00e1lkozik a t\u00e1mogatott hitel felv\u00e9tel\u00e9vel?<\/a><\/h6>\t\t\t\t<\/div>\n\t\t\t\t<div class=\"elementor-element elementor-element-e9467d5 elementor-widget elementor-widget-button\" data-id=\"e9467d5\" data-element_type=\"widget\" data-widget_type=\"button.default\">\n\t\t\t\t\t\t\t\t\t\t<a class=\"elementor-button elementor-button-link elementor-size-sm\" href=\"https:\/\/uj.okoshitel.hu\/index.php\/2026\/01\/05\/miert-nem-mindegy-hol-probalkozik-a-tamogatott-hitel-felvetelevel\/\">\n\t\t\t\t\t\t<span class=\"elementor-button-content-wrapper\">\n\t\t\t\t\t\t\t\t\t<span class=\"elementor-button-text\">Elolvasom a cikket<\/span>\n\t\t\t\t\t<\/span>\n\t\t\t\t\t<\/a>\n\t\t\t\t\t\t\t\t<\/div>\n\t\t\t\t\t<\/div>\n\t\t\t\t<\/div>\n\t\t\t\t<\/div>\n\t\t\t\t<\/div>\n\t\t\n\t\t\t\t\t\t<\/div>\n\t\t\t\t<\/div>\n\t\t\t\t\t<\/div>\n\t\t\t\t<\/div>\n\t\t\t\t<\/div>\n\t\t","protected":false},"excerpt":{"rendered":"","protected":false},"author":4,"featured_media":0,"parent":0,"menu_order":0,"comment_status":"closed","ping_status":"closed","template":"elementor_header_footer","meta":{"footnotes":""},"class_list":["post-1674","page","type-page","status-publish","hentry"],"_links":{"self":[{"href":"https:\/\/uj.okoshitel.hu\/index.php\/wp-json\/wp\/v2\/pages\/1674","targetHints":{"allow":["GET"]}}],"collection":[{"href":"https:\/\/uj.okoshitel.hu\/index.php\/wp-json\/wp\/v2\/pages"}],"about":[{"href":"https:\/\/uj.okoshitel.hu\/index.php\/wp-json\/wp\/v2\/types\/page"}],"author":[{"embeddable":true,"href":"https:\/\/uj.okoshitel.hu\/index.php\/wp-json\/wp\/v2\/users\/4"}],"replies":[{"embeddable":true,"href":"https:\/\/uj.okoshitel.hu\/index.php\/wp-json\/wp\/v2\/comments?post=1674"}],"version-history":[{"count":10,"href":"https:\/\/uj.okoshitel.hu\/index.php\/wp-json\/wp\/v2\/pages\/1674\/revisions"}],"predecessor-version":[{"id":1684,"href":"https:\/\/uj.okoshitel.hu\/index.php\/wp-json\/wp\/v2\/pages\/1674\/revisions\/1684"}],"wp:attachment":[{"href":"https:\/\/uj.okoshitel.hu\/index.php\/wp-json\/wp\/v2\/media?parent=1674"}],"curies":[{"name":"wp","href":"https:\/\/api.w.org\/{rel}","templated":true}]}}