{"id":1576,"date":"2025-11-05T15:11:39","date_gmt":"2025-11-05T15:11:39","guid":{"rendered":"https:\/\/uj.okoshitel.hu\/?page_id=1576"},"modified":"2026-01-09T10:35:17","modified_gmt":"2026-01-09T10:35:17","slug":"rolunk","status":"publish","type":"page","link":"https:\/\/uj.okoshitel.hu\/index.php\/rolunk\/","title":{"rendered":"R\u00f3lunk"},"content":{"rendered":"\t\t<div data-elementor-type=\"wp-page\" data-elementor-id=\"1576\" class=\"elementor elementor-1576\" data-elementor-post-type=\"page\">\n\t\t\t\t<div class=\"elementor-element elementor-element-d6e01ae e-flex e-con-boxed e-con e-parent\" data-id=\"d6e01ae\" data-element_type=\"container\" data-settings=\"{&quot;background_background&quot;:&quot;gradient&quot;}\">\n\t\t\t\t\t<div class=\"e-con-inner\">\n\t\t\t\t<div class=\"elementor-element elementor-element-9f5b72c elementor-widget elementor-widget-heading\" data-id=\"9f5b72c\" data-element_type=\"widget\" data-widget_type=\"heading.default\">\n\t\t\t\t\t<h1 class=\"elementor-heading-title elementor-size-default\">R\u00f3lunk<\/h1>\t\t\t\t<\/div>\n\t\t\t\t\t<\/div>\n\t\t\t\t<\/div>\n\t\t<div class=\"elementor-element elementor-element-98e95a0 e-flex e-con-boxed e-con e-parent\" data-id=\"98e95a0\" data-element_type=\"container\">\n\t\t\t\t\t<div class=\"e-con-inner\">\n\t\t<div class=\"elementor-element elementor-element-188a86f e-con-full e-flex e-con e-child\" data-id=\"188a86f\" data-element_type=\"container\">\n\t\t\t\t<div class=\"elementor-element elementor-element-f9ba01c elementor-widget elementor-widget-text-editor\" data-id=\"f9ba01c\" data-element_type=\"widget\" data-widget_type=\"text-editor.default\">\n\t\t\t\t\t\t\t\t\t<p>Egy kis szem\u00e9lyes t\u00f6rt\u00e9net: 2006-ban, els\u0151 lak\u00e1sunk megv\u00e1s\u00e1rl\u00e1sakor azt gondoltam, hogy mi sem egyszer\u0171bb k\u00f6zgazd\u00e1szk\u00e9nt, mintsem le\u00fclni a g\u00e9p el\u00e9 egy nyugodt szombat d\u00e9lut\u00e1n, v\u00e9gig n\u00e9zni a banki honlapokat \u00e9s kiv\u00e1lasztani, amelyik a legjobbnak t\u0171nik. \u00cdgy is t\u00f6rt\u00e9nt, \u00e1m este 11 k\u00f6r\u00fcl d\u00fch\u00f6ngve hagytam abba a b\u00f6ng\u00e9sz\u00e9st, mert ah\u00e1ny honlapot n\u00e9ztem meg, annyif\u00e9le m\u00f3don \u00edrtak a n\u00e1luk el\u00e9rhet\u0151 lehet\u0151s\u00e9gekr\u0151l, nem ugyanazokat a fogalmakat haszn\u00e1lt\u00e1k vagy ugyanazon sz\u00f3 alatt m\u00e1st \u00e9rtettek. R\u00e1ad\u00e1sul egy tapodtat sem jutottam k\u00f6zelebb annak a k\u00e9rd\u00e9snek a megv\u00e1laszol\u00e1s\u00e1hoz, hogy v\u00e9gs\u0151 soron nek\u00fcnk, a mi felt\u00e9teleinkkel, arra az ingatlanra, amit szerett\u00fcnk volna megvenni, t\u00e9nyleg fog-e m\u0171k\u00f6dni a dolog vagy sem.<\/p><p>Ezek ut\u00e1n \u00f6r\u00f6mmel fogadtuk a beruh\u00e1z\u00f3 c\u00e9g \u00e1ltal javasolt hitelk\u00f6zvet\u00edt\u0151 bevon\u00e1s\u00e1t a folyamatba. Az akkori t\u00e1mogatott Ft hitelt szerett\u00fck volna felvenni az FHB-n\u00e1l, mert szerinte j\u00f3l kezelik az \u00faj \u00e9p\u00edt\u00e9s\u0171 lak\u00e1sok v\u00e1s\u00e1rl\u00e1s\u00e1t t\u00e1mogatott hitelekkel finansz\u00edrozva. Csak azt nem mondta, hogy az aktu\u00e1lis k\u00e9sz\u00fclts\u00e9gi fok szerinti \u00e9rt\u00e9k\u00fck alapj\u00e1n hat\u00e1rozz\u00e1k meg az el\u00e9rhet\u0151 hitel\u00f6sszeget, s nem a k\u00e9sz \u00e1llapotuk szerint, ami n\u00e1lunk nem volt elegend\u0151. Pedig csak azt kellett volna megk\u00e9rdeznie a bankt\u00f3l, hogy nem lehet-e a lak\u00e1s elk\u00e9sz\u00fcl\u00e9sekor egy friss szeml\u00e9t k\u00e9rni \u00e9s m\u00e1r az akkori \u00e9rt\u00e9k alapj\u00e1n k\u00e9rni a hitel\u00f6sszeget. Helyette javasolta az Erste devizahitel\u00e9t, mondv\u00e1n, ott ilyen gond nem lesz. Nem is lett a felv\u00e9telkor, csak ut\u00e1na. Tragikus volt az \u00fcgyf\u00e9lkezel\u00e9s a fi\u00f3kban, el\u00e9rhetetlenek voltak az ott dolgoz\u00f3k \u00e9s \u00fagy akart\u00e1k al\u00e1\u00edratni a szerz\u0151d\u00e9st, hogy alig hagytak id\u0151t \u00e1tn\u00e9zni el\u0151tte.<\/p>\t\t\t\t\t\t\t\t<\/div>\n\t\t\t\t<\/div>\n\t\t<div class=\"elementor-element elementor-element-1772a34 e-con-full e-flex e-con e-child\" data-id=\"1772a34\" data-element_type=\"container\">\n\t\t\t\t<div class=\"elementor-element elementor-element-ca8286d elementor-widget elementor-widget-image\" data-id=\"ca8286d\" data-element_type=\"widget\" data-widget_type=\"image.default\">\n\t\t\t\t\t\t\t\t\t\t\t\t\t\t\t<img fetchpriority=\"high\" decoding=\"async\" width=\"800\" height=\"323\" src=\"https:\/\/uj.okoshitel.hu\/wp-content\/uploads\/2024\/08\/happy-emotional-spouses-reading-letter-kitchen-interior-1024x413.jpg\" class=\"attachment-large size-large wp-image-251\" alt=\"\" srcset=\"https:\/\/uj.okoshitel.hu\/wp-content\/uploads\/2024\/08\/happy-emotional-spouses-reading-letter-kitchen-interior-1024x413.jpg 1024w, https:\/\/uj.okoshitel.hu\/wp-content\/uploads\/2024\/08\/happy-emotional-spouses-reading-letter-kitchen-interior-300x121.jpg 300w, https:\/\/uj.okoshitel.hu\/wp-content\/uploads\/2024\/08\/happy-emotional-spouses-reading-letter-kitchen-interior-768x310.jpg 768w, https:\/\/uj.okoshitel.hu\/wp-content\/uploads\/2024\/08\/happy-emotional-spouses-reading-letter-kitchen-interior-1536x620.jpg 1536w, https:\/\/uj.okoshitel.hu\/wp-content\/uploads\/2024\/08\/happy-emotional-spouses-reading-letter-kitchen-interior-2048x827.jpg 2048w, https:\/\/uj.okoshitel.hu\/wp-content\/uploads\/2024\/08\/happy-emotional-spouses-reading-letter-kitchen-interior-1080x436.jpg 1080w, https:\/\/uj.okoshitel.hu\/wp-content\/uploads\/2024\/08\/happy-emotional-spouses-reading-letter-kitchen-interior-1280x517.jpg 1280w, https:\/\/uj.okoshitel.hu\/wp-content\/uploads\/2024\/08\/happy-emotional-spouses-reading-letter-kitchen-interior-980x396.jpg 980w, https:\/\/uj.okoshitel.hu\/wp-content\/uploads\/2024\/08\/happy-emotional-spouses-reading-letter-kitchen-interior-480x194.jpg 480w\" sizes=\"(max-width: 800px) 100vw, 800px\" \/>\t\t\t\t\t\t\t\t\t\t\t\t\t\t\t<\/div>\n\t\t\t\t<div class=\"elementor-element elementor-element-a2415d9 elementor-widget elementor-widget-text-editor\" data-id=\"a2415d9\" data-element_type=\"widget\" data-widget_type=\"text-editor.default\">\n\t\t\t\t\t\t\t\t\t<p>Mivel az el\u0151tt nem sokkal v\u00e9geztem a jogon, gondoltam, megteszem r\u00e9szletes \u00e9szrev\u00e9teleim a kapott szerz\u0151d\u00e9s-tervezetekkel kapcsolatban. Ebb\u0151l h\u00e1rom hetes huzavona lett, mert nem nagyon akartak semmin sem v\u00e1ltoztatni, \u00edgy csak apr\u00f3 m\u00f3dos\u00edt\u00e1sokat siker\u00fclt el\u00e9rn\u00fcnk. Pedig az \u00e9let minket igazolt, az a sok csapda, ami a sz\u00f6vegb\u0151l k\u00f6vetkezett a kamat \u00e9s az \u00e1rfolyam r\u00e1nk gyakorolt potenci\u00e1lis hat\u00e1s\u00e1t illet\u0151en, az mind megval\u00f3sult, s megel\u0151zhet\u0151 lett volna a t\u00e1mogatott Ft hitellel, de legal\u00e1bb m\u00e9rs\u00e9kelhet\u0151 lett volna nem egyoldal\u00faan a bank sz\u00e1m\u00e1ra kedvez\u0151 szerz\u0151d\u00e9ses felt\u00e9telekkel is.<\/p><p>Mindezek ellen\u00e9re nagyon megtetszett ez a ter\u00fclet \u00e9s l\u00e1tva ezt a b\u00e9n\u00e1z\u00e1st, kedvet kaptam ahhoz, hogy kipr\u00f3b\u00e1ljam magam rajta, mert azt gondoltam, hogy ezt enn\u00e9l csak jobban lehet csin\u00e1lni. Mindezt a megel\u0151z\u0151 7 \u00e9v, nagyv\u00e1llalati \u00e9rt\u00e9kes\u00edt\u00e9sben elt\u00f6lt\u00f6tt tapasztalat\u00e1ra alapoztam. Azt persze nem tudhattam 2006-ban, amikor ezt eld\u00f6nt\u00f6ttem, s 2007-ben, amikor elkezdtem, hogy ut\u00e1na milyen m\u00e9ly v\u00e1ls\u00e1g j\u00f6n, de szerencs\u00e9re el\u00e9g \u00f3vatosan \u00e9p\u00edtettem fel mindent ahhoz, hogy t\u00fal\u00e9lj\u00fck a megpr\u00f3b\u00e1ltat\u00e1sokat \u00e9s lassan 20 \u00e9v eltelt\u00e9vel \u00fagy tudjak visszatekinteni erre az id\u0151szakra, hogy az \u00f6sszess\u00e9g\u00e9ben az\u00e9rt meg\u00e9rte, minden neh\u00e9zs\u00e9g \u00e9s akad\u00e1ly ellen\u00e9re, amit az \u00e9let g\u00f6rd\u00edtett el\u00e9nk.<\/p>\t\t\t\t\t\t\t\t<\/div>\n\t\t\t\t<\/div>\n\t\t\t\t\t<\/div>\n\t\t\t\t<\/div>\n\t\t<div class=\"elementor-element elementor-element-b65e643 e-flex e-con-boxed e-con e-parent\" data-id=\"b65e643\" data-element_type=\"container\" data-settings=\"{&quot;background_background&quot;:&quot;gradient&quot;}\">\n\t\t\t\t\t<div class=\"e-con-inner\">\n\t\t<div class=\"elementor-element elementor-element-e12f04d e-grid e-con-full e-con e-child\" data-id=\"e12f04d\" data-element_type=\"container\">\n\t\t<div class=\"elementor-element elementor-element-dd81c87 e-con-full e-flex e-con e-child\" data-id=\"dd81c87\" data-element_type=\"container\">\n\t\t\t\t<div class=\"elementor-element elementor-element-96886e5 elementor-view-default elementor-widget elementor-widget-icon\" data-id=\"96886e5\" data-element_type=\"widget\" data-widget_type=\"icon.default\">\n\t\t\t\t\t\t\t<div class=\"elementor-icon-wrapper\">\n\t\t\t<div class=\"elementor-icon\">\n\t\t\t<svg aria-hidden=\"true\" class=\"e-font-icon-svg e-far-calendar-alt\" viewBox=\"0 0 448 512\" xmlns=\"http:\/\/www.w3.org\/2000\/svg\"><path d=\"M148 288h-40c-6.6 0-12-5.4-12-12v-40c0-6.6 5.4-12 12-12h40c6.6 0 12 5.4 12 12v40c0 6.6-5.4 12-12 12zm108-12v-40c0-6.6-5.4-12-12-12h-40c-6.6 0-12 5.4-12 12v40c0 6.6 5.4 12 12 12h40c6.6 0 12-5.4 12-12zm96 0v-40c0-6.6-5.4-12-12-12h-40c-6.6 0-12 5.4-12 12v40c0 6.6 5.4 12 12 12h40c6.6 0 12-5.4 12-12zm-96 96v-40c0-6.6-5.4-12-12-12h-40c-6.6 0-12 5.4-12 12v40c0 6.6 5.4 12 12 12h40c6.6 0 12-5.4 12-12zm-96 0v-40c0-6.6-5.4-12-12-12h-40c-6.6 0-12 5.4-12 12v40c0 6.6 5.4 12 12 12h40c6.6 0 12-5.4 12-12zm192 0v-40c0-6.6-5.4-12-12-12h-40c-6.6 0-12 5.4-12 12v40c0 6.6 5.4 12 12 12h40c6.6 0 12-5.4 12-12zm96-260v352c0 26.5-21.5 48-48 48H48c-26.5 0-48-21.5-48-48V112c0-26.5 21.5-48 48-48h48V12c0-6.6 5.4-12 12-12h40c6.6 0 12 5.4 12 12v52h128V12c0-6.6 5.4-12 12-12h40c6.6 0 12 5.4 12 12v52h48c26.5 0 48 21.5 48 48zm-48 346V160H48v298c0 3.3 2.7 6 6 6h340c3.3 0 6-2.7 6-6z\"><\/path><\/svg>\t\t\t<\/div>\n\t\t<\/div>\n\t\t\t\t\t\t<\/div>\n\t\t\t\t<div class=\"elementor-element elementor-element-d94bef3 elementor-widget elementor-widget-text-editor\" data-id=\"d94bef3\" data-element_type=\"widget\" data-widget_type=\"text-editor.default\">\n\t\t\t\t\t\t\t\t\t<p>Alap\u00edt\u00e1s \u00e9ve:<strong> 2008<\/strong><\/p>\t\t\t\t\t\t\t\t<\/div>\n\t\t\t\t<\/div>\n\t\t<div class=\"elementor-element elementor-element-0406384 e-con-full e-flex e-con e-child\" data-id=\"0406384\" data-element_type=\"container\">\n\t\t\t\t<div class=\"elementor-element elementor-element-dac06c2 elementor-view-default elementor-widget elementor-widget-icon\" data-id=\"dac06c2\" data-element_type=\"widget\" data-widget_type=\"icon.default\">\n\t\t\t\t\t\t\t<div class=\"elementor-icon-wrapper\">\n\t\t\t<div class=\"elementor-icon\">\n\t\t\t<svg aria-hidden=\"true\" class=\"e-font-icon-svg e-far-building\" viewBox=\"0 0 448 512\" xmlns=\"http:\/\/www.w3.org\/2000\/svg\"><path d=\"M128 148v-40c0-6.6 5.4-12 12-12h40c6.6 0 12 5.4 12 12v40c0 6.6-5.4 12-12 12h-40c-6.6 0-12-5.4-12-12zm140 12h40c6.6 0 12-5.4 12-12v-40c0-6.6-5.4-12-12-12h-40c-6.6 0-12 5.4-12 12v40c0 6.6 5.4 12 12 12zm-128 96h40c6.6 0 12-5.4 12-12v-40c0-6.6-5.4-12-12-12h-40c-6.6 0-12 5.4-12 12v40c0 6.6 5.4 12 12 12zm128 0h40c6.6 0 12-5.4 12-12v-40c0-6.6-5.4-12-12-12h-40c-6.6 0-12 5.4-12 12v40c0 6.6 5.4 12 12 12zm-76 84v-40c0-6.6-5.4-12-12-12h-40c-6.6 0-12 5.4-12 12v40c0 6.6 5.4 12 12 12h40c6.6 0 12-5.4 12-12zm76 12h40c6.6 0 12-5.4 12-12v-40c0-6.6-5.4-12-12-12h-40c-6.6 0-12 5.4-12 12v40c0 6.6 5.4 12 12 12zm180 124v36H0v-36c0-6.6 5.4-12 12-12h19.5V24c0-13.3 10.7-24 24-24h337c13.3 0 24 10.7 24 24v440H436c6.6 0 12 5.4 12 12zM79.5 463H192v-67c0-6.6 5.4-12 12-12h40c6.6 0 12 5.4 12 12v67h112.5V49L80 48l-.5 415z\"><\/path><\/svg>\t\t\t<\/div>\n\t\t<\/div>\n\t\t\t\t\t\t<\/div>\n\t\t\t\t<div class=\"elementor-element elementor-element-6be9d16 elementor-widget elementor-widget-text-editor\" data-id=\"6be9d16\" data-element_type=\"widget\" data-widget_type=\"text-editor.default\">\n\t\t\t\t\t\t\t\t\t<p><strong>C\u00e9gforma<\/strong>: Okoshitel Kft. (ad\u00f3sz\u00e1m: 14599149-2-13)<\/p>\t\t\t\t\t\t\t\t<\/div>\n\t\t\t\t<\/div>\n\t\t<div class=\"elementor-element elementor-element-92e99a1 e-con-full e-flex e-con e-child\" data-id=\"92e99a1\" data-element_type=\"container\">\n\t\t\t\t<div class=\"elementor-element elementor-element-86307ea elementor-view-default elementor-widget elementor-widget-icon\" data-id=\"86307ea\" data-element_type=\"widget\" data-widget_type=\"icon.default\">\n\t\t\t\t\t\t\t<div class=\"elementor-icon-wrapper\">\n\t\t\t<div class=\"elementor-icon\">\n\t\t\t<svg aria-hidden=\"true\" class=\"e-font-icon-svg e-far-star\" viewBox=\"0 0 576 512\" xmlns=\"http:\/\/www.w3.org\/2000\/svg\"><path d=\"M528.1 171.5L382 150.2 316.7 17.8c-11.7-23.6-45.6-23.9-57.4 0L194 150.2 47.9 171.5c-26.2 3.8-36.7 36.1-17.7 54.6l105.7 103-25 145.5c-4.5 26.3 23.2 46 46.4 33.7L288 439.6l130.7 68.7c23.2 12.2 50.9-7.4 46.4-33.7l-25-145.5 105.7-103c19-18.5 8.5-50.8-17.7-54.6zM388.6 312.3l23.7 138.4L288 385.4l-124.3 65.3 23.7-138.4-100.6-98 139-20.2 62.2-126 62.2 126 139 20.2-100.6 98z\"><\/path><\/svg>\t\t\t<\/div>\n\t\t<\/div>\n\t\t\t\t\t\t<\/div>\n\t\t\t\t<div class=\"elementor-element elementor-element-4a3790b elementor-widget elementor-widget-text-editor\" data-id=\"4a3790b\" data-element_type=\"widget\" data-widget_type=\"text-editor.default\">\n\t\t\t\t\t\t\t\t\t<p>Profil: els\u0151sorban lakoss\u00e1gi <strong>jelz\u00e1loghitelek<\/strong>, m\u00e1sodsorban <strong>szem\u00e9lyi k\u00f6lcs\u00f6n<\/strong> \u00e9s<strong> c\u00e9ges hitelek<\/strong>, valamint a hitelekhez kapcsol\u00f3d\u00f3an hitelfedezeti biztos\u00edt\u00e1s k\u00f6zvet\u00edt\u00e9se.<\/p>\t\t\t\t\t\t\t\t<\/div>\n\t\t\t\t<\/div>\n\t\t<div class=\"elementor-element elementor-element-35f2ed3 e-con-full e-flex e-con e-child\" data-id=\"35f2ed3\" data-element_type=\"container\">\n\t\t\t\t<div class=\"elementor-element elementor-element-5441938 elementor-view-default elementor-widget elementor-widget-icon\" data-id=\"5441938\" data-element_type=\"widget\" data-widget_type=\"icon.default\">\n\t\t\t\t\t\t\t<div class=\"elementor-icon-wrapper\">\n\t\t\t<div class=\"elementor-icon\">\n\t\t\t<svg aria-hidden=\"true\" class=\"e-font-icon-svg e-far-gem\" viewBox=\"0 0 576 512\" xmlns=\"http:\/\/www.w3.org\/2000\/svg\"><path d=\"M464 0H112c-4 0-7.8 2-10 5.4L2 152.6c-2.9 4.4-2.6 10.2.7 14.2l276 340.8c4.8 5.9 13.8 5.9 18.6 0l276-340.8c3.3-4.1 3.6-9.8.7-14.2L474.1 5.4C471.8 2 468.1 0 464 0zm-19.3 48l63.3 96h-68.4l-51.7-96h56.8zm-202.1 0h90.7l51.7 96H191l51.6-96zm-111.3 0h56.8l-51.7 96H68l63.3-96zm-43 144h51.4L208 352 88.3 192zm102.9 0h193.6L288 435.3 191.2 192zM368 352l68.2-160h51.4L368 352z\"><\/path><\/svg>\t\t\t<\/div>\n\t\t<\/div>\n\t\t\t\t\t\t<\/div>\n\t\t\t\t<div class=\"elementor-element elementor-element-de1b577 elementor-widget elementor-widget-text-editor\" data-id=\"de1b577\" data-element_type=\"widget\" data-widget_type=\"text-editor.default\">\n\t\t\t\t\t\t\t\t\t<p>Eddigi eredm\u00e9nyeink: t\u00f6bb mint <strong>35 milli\u00e1rd Ft<\/strong> foly\u00f3s\u00edtott hitel \u00e9s t\u00f6bb mint <strong>2500 db<\/strong> megval\u00f3sult \u00fcgylet.<\/p>\t\t\t\t\t\t\t\t<\/div>\n\t\t\t\t<\/div>\n\t\t<div class=\"elementor-element elementor-element-fb9e640 e-con-full e-flex e-con e-child\" data-id=\"fb9e640\" data-element_type=\"container\">\n\t\t\t\t<div class=\"elementor-element elementor-element-56dc634 elementor-view-default elementor-widget elementor-widget-icon\" data-id=\"56dc634\" data-element_type=\"widget\" data-widget_type=\"icon.default\">\n\t\t\t\t\t\t\t<div class=\"elementor-icon-wrapper\">\n\t\t\t<div class=\"elementor-icon\">\n\t\t\t<svg aria-hidden=\"true\" class=\"e-font-icon-svg e-fas-chart-line\" viewBox=\"0 0 512 512\" xmlns=\"http:\/\/www.w3.org\/2000\/svg\"><path d=\"M496 384H64V80c0-8.84-7.16-16-16-16H16C7.16 64 0 71.16 0 80v336c0 17.67 14.33 32 32 32h464c8.84 0 16-7.16 16-16v-32c0-8.84-7.16-16-16-16zM464 96H345.94c-21.38 0-32.09 25.85-16.97 40.97l32.4 32.4L288 242.75l-73.37-73.37c-12.5-12.5-32.76-12.5-45.25 0l-68.69 68.69c-6.25 6.25-6.25 16.38 0 22.63l22.62 22.62c6.25 6.25 16.38 6.25 22.63 0L192 237.25l73.37 73.37c12.5 12.5 32.76 12.5 45.25 0l96-96 32.4 32.4c15.12 15.12 40.97 4.41 40.97-16.97V112c.01-8.84-7.15-16-15.99-16z\"><\/path><\/svg>\t\t\t<\/div>\n\t\t<\/div>\n\t\t\t\t\t\t<\/div>\n\t\t\t\t<div class=\"elementor-element elementor-element-f3ff66b elementor-widget elementor-widget-text-editor\" data-id=\"f3ff66b\" data-element_type=\"widget\" data-widget_type=\"text-editor.default\">\n\t\t\t\t\t\t\t\t\t<p>Piaci lefedetts\u00e9g: ha a teljes magyarorsz\u00e1gi jelz\u00e1loghitelpiaci k\u00edn\u00e1lat nem is, de annak java folyamatosan el\u00e9rhet\u0151 rajtunk kereszt\u00fcl, banki partnereinkkel k\u00f6t\u00f6tt szerz\u0151d\u00e9seinket folyamatosan friss\u00edtj\u00fck; rendszeresen r\u00e9szt vesz\u00fcnk tov\u00e1bbk\u00e9pz\u00e9seiken, hogy a lehet\u0151 legjobb megold\u00e1sokat tudjuk k\u00edn\u00e1lni.<\/p>\t\t\t\t\t\t\t\t<\/div>\n\t\t\t\t<\/div>\n\t\t<div class=\"elementor-element elementor-element-b660488 e-con-full e-flex e-con e-child\" data-id=\"b660488\" data-element_type=\"container\">\n\t\t\t\t<div class=\"elementor-element elementor-element-6376711 elementor-view-default elementor-widget elementor-widget-icon\" data-id=\"6376711\" data-element_type=\"widget\" data-widget_type=\"icon.default\">\n\t\t\t\t\t\t\t<div class=\"elementor-icon-wrapper\">\n\t\t\t<div class=\"elementor-icon\">\n\t\t\t<svg aria-hidden=\"true\" class=\"e-font-icon-svg e-far-address-card\" viewBox=\"0 0 576 512\" xmlns=\"http:\/\/www.w3.org\/2000\/svg\"><path d=\"M528 32H48C21.5 32 0 53.5 0 80v352c0 26.5 21.5 48 48 48h480c26.5 0 48-21.5 48-48V80c0-26.5-21.5-48-48-48zm0 400H48V80h480v352zM208 256c35.3 0 64-28.7 64-64s-28.7-64-64-64-64 28.7-64 64 28.7 64 64 64zm-89.6 128h179.2c12.4 0 22.4-8.6 22.4-19.2v-19.2c0-31.8-30.1-57.6-67.2-57.6-10.8 0-18.7 8-44.8 8-26.9 0-33.4-8-44.8-8-37.1 0-67.2 25.8-67.2 57.6v19.2c0 10.6 10 19.2 22.4 19.2zM360 320h112c4.4 0 8-3.6 8-8v-16c0-4.4-3.6-8-8-8H360c-4.4 0-8 3.6-8 8v16c0 4.4 3.6 8 8 8zm0-64h112c4.4 0 8-3.6 8-8v-16c0-4.4-3.6-8-8-8H360c-4.4 0-8 3.6-8 8v16c0 4.4 3.6 8 8 8zm0-64h112c4.4 0 8-3.6 8-8v-16c0-4.4-3.6-8-8-8H360c-4.4 0-8 3.6-8 8v16c0 4.4 3.6 8 8 8z\"><\/path><\/svg>\t\t\t<\/div>\n\t\t<\/div>\n\t\t\t\t\t\t<\/div>\n\t\t\t\t<div class=\"elementor-element elementor-element-bd5854d elementor-widget elementor-widget-text-editor\" data-id=\"bd5854d\" data-element_type=\"widget\" data-widget_type=\"text-editor.default\">\n\t\t\t\t\t\t\t\t\t<p>Szakmai h\u00e1tt\u00e9r: koll\u00e9g\u00e1ink t\u00f6bb \u00e9ves szakmai tapasztalattal, valamint fels\u0151fok\u00fa, szakir\u00e1ny\u00fa v\u00e9gzetts\u00e9ggel, rendszerint k\u00f6zgazd\u00e1sz diplom\u00e1val rendelkeznek.<\/p>\t\t\t\t\t\t\t\t<\/div>\n\t\t\t\t<\/div>\n\t\t<div class=\"elementor-element elementor-element-69c9dd8 e-con-full e-flex e-con e-child\" data-id=\"69c9dd8\" data-element_type=\"container\">\n\t\t\t\t<div class=\"elementor-element elementor-element-8def38e elementor-view-default elementor-widget elementor-widget-icon\" data-id=\"8def38e\" data-element_type=\"widget\" data-widget_type=\"icon.default\">\n\t\t\t\t\t\t\t<div class=\"elementor-icon-wrapper\">\n\t\t\t<div class=\"elementor-icon\">\n\t\t\t<svg aria-hidden=\"true\" class=\"e-font-icon-svg e-fas-money-bill-wave\" viewBox=\"0 0 640 512\" xmlns=\"http:\/\/www.w3.org\/2000\/svg\"><path d=\"M621.16 54.46C582.37 38.19 543.55 32 504.75 32c-123.17-.01-246.33 62.34-369.5 62.34-30.89 0-61.76-3.92-92.65-13.72-3.47-1.1-6.95-1.62-10.35-1.62C15.04 79 0 92.32 0 110.81v317.26c0 12.63 7.23 24.6 18.84 29.46C57.63 473.81 96.45 480 135.25 480c123.17 0 246.34-62.35 369.51-62.35 30.89 0 61.76 3.92 92.65 13.72 3.47 1.1 6.95 1.62 10.35 1.62 17.21 0 32.25-13.32 32.25-31.81V83.93c-.01-12.64-7.24-24.6-18.85-29.47zM48 132.22c20.12 5.04 41.12 7.57 62.72 8.93C104.84 170.54 79 192.69 48 192.69v-60.47zm0 285v-47.78c34.37 0 62.18 27.27 63.71 61.4-22.53-1.81-43.59-6.31-63.71-13.62zM320 352c-44.19 0-80-42.99-80-96 0-53.02 35.82-96 80-96s80 42.98 80 96c0 53.03-35.83 96-80 96zm272 27.78c-17.52-4.39-35.71-6.85-54.32-8.44 5.87-26.08 27.5-45.88 54.32-49.28v57.72zm0-236.11c-30.89-3.91-54.86-29.7-55.81-61.55 19.54 2.17 38.09 6.23 55.81 12.66v48.89z\"><\/path><\/svg>\t\t\t<\/div>\n\t\t<\/div>\n\t\t\t\t\t\t<\/div>\n\t\t\t\t<div class=\"elementor-element elementor-element-0666abc elementor-widget elementor-widget-text-editor\" data-id=\"0666abc\" data-element_type=\"widget\" data-widget_type=\"text-editor.default\">\n\t\t\t\t\t\t\t\t\t<p>Javadalmaz\u00e1s: banki jutal\u00e9k\u00e9rt dolgozunk, \u00d6nt\u0151l nem k\u00e9r\u00fcnk d\u00edjaz\u00e1st.<\/p>\t\t\t\t\t\t\t\t<\/div>\n\t\t\t\t<\/div>\n\t\t<div class=\"elementor-element elementor-element-d488c6f e-con-full e-flex e-con e-child\" data-id=\"d488c6f\" data-element_type=\"container\">\n\t\t\t\t<div class=\"elementor-element elementor-element-e818aa7 elementor-view-default elementor-widget elementor-widget-icon\" data-id=\"e818aa7\" data-element_type=\"widget\" data-widget_type=\"icon.default\">\n\t\t\t\t\t\t\t<div class=\"elementor-icon-wrapper\">\n\t\t\t<div class=\"elementor-icon\">\n\t\t\t<svg aria-hidden=\"true\" class=\"e-font-icon-svg e-fas-chart-pie\" viewBox=\"0 0 544 512\" xmlns=\"http:\/\/www.w3.org\/2000\/svg\"><path d=\"M527.79 288H290.5l158.03 158.03c6.04 6.04 15.98 6.53 22.19.68 38.7-36.46 65.32-85.61 73.13-140.86 1.34-9.46-6.51-17.85-16.06-17.85zm-15.83-64.8C503.72 103.74 408.26 8.28 288.8.04 279.68-.59 272 7.1 272 16.24V240h223.77c9.14 0 16.82-7.68 16.19-16.8zM224 288V50.71c0-9.55-8.39-17.4-17.84-16.06C86.99 51.49-4.1 155.6.14 280.37 4.5 408.51 114.83 513.59 243.03 511.98c50.4-.63 96.97-16.87 135.26-44.03 7.9-5.6 8.42-17.23 1.57-24.08L224 288z\"><\/path><\/svg>\t\t\t<\/div>\n\t\t<\/div>\n\t\t\t\t\t\t<\/div>\n\t\t\t\t<div class=\"elementor-element elementor-element-64ccf8b elementor-widget elementor-widget-text-editor\" data-id=\"64ccf8b\" data-element_type=\"widget\" data-widget_type=\"text-editor.default\">\n\t\t\t\t\t\t\t\t\t<p>Szervezeti h\u00e1tt\u00e9r: az egyik legnagyobb f\u00fcggetlen hitelk\u00f6zvet\u00edt\u0151 h\u00e1l\u00f3zat, a Money Network (<a href=\"http:\/\/www.money.hu\">www.money.hu<\/a>), kor\u00e1bban Hitelnet alv\u00e1llalkoz\u00f3jak\u00e9nt m\u0171k\u00f6d\u00fcnk. A Money Network hiteltan\u00e1csad\u00f3 h\u00e1l\u00f3zat t\u00f6bb mint 20 \u00e9ve van jelen a piacon, az ut\u00f3bbi \u00e9vekben kihelyezett \u00e9ves hitel\u00e1llom\u00e1ny 50 milli\u00e1rd Ft felett volt. A h\u00e1l\u00f3zat egyes bankokn\u00e1l kiemelked\u0151 eredm\u00e9nyeket produk\u00e1lt: rendszerint a nagyobb bankok els\u0151 5 legfontosabb hitelk\u00f6zvet\u00edt\u0151 partnere.<\/p>\t\t\t\t\t\t\t\t<\/div>\n\t\t\t\t<\/div>\n\t\t<div class=\"elementor-element elementor-element-960ed32 e-con-full e-flex e-con e-child\" data-id=\"960ed32\" data-element_type=\"container\">\n\t\t\t\t<div class=\"elementor-element elementor-element-77b3490 elementor-view-default elementor-widget elementor-widget-icon\" data-id=\"77b3490\" data-element_type=\"widget\" data-widget_type=\"icon.default\">\n\t\t\t\t\t\t\t<div class=\"elementor-icon-wrapper\">\n\t\t\t<div class=\"elementor-icon\">\n\t\t\t<svg aria-hidden=\"true\" class=\"e-font-icon-svg e-fas-map-marker-alt\" viewBox=\"0 0 384 512\" xmlns=\"http:\/\/www.w3.org\/2000\/svg\"><path d=\"M172.268 501.67C26.97 291.031 0 269.413 0 192 0 85.961 85.961 0 192 0s192 85.961 192 192c0 77.413-26.97 99.031-172.268 309.67-9.535 13.774-29.93 13.773-39.464 0zM192 272c44.183 0 80-35.817 80-80s-35.817-80-80-80-80 35.817-80 80 35.817 80 80 80z\"><\/path><\/svg>\t\t\t<\/div>\n\t\t<\/div>\n\t\t\t\t\t\t<\/div>\n\t\t\t\t<div class=\"elementor-element elementor-element-ecf40e7 elementor-widget elementor-widget-text-editor\" data-id=\"ecf40e7\" data-element_type=\"widget\" data-widget_type=\"text-editor.default\">\n\t\t\t\t\t\t\t\t\t<p>M\u0171k\u00f6d\u00e9si ter\u00fclet: els\u0151sorban Buda \u00e9s a budai agglomer\u00e1ci\u00f3, de egyre gyakrabban fordul el\u0151 a COVID \u00f3ta m\u00e1s r\u00e9gi\u00f3 is az \u00fcgyleteink sor\u00e1n.<\/p>\t\t\t\t\t\t\t\t<\/div>\n\t\t\t\t<\/div>\n\t\t\t\t<\/div>\n\t\t\t\t\t<\/div>\n\t\t\t\t<\/div>\n\t\t\t\t<\/div>\n\t\t","protected":false},"excerpt":{"rendered":"<p>Egy kis szem\u00e9lyes t\u00f6rt\u00e9net: 2006-ban, els\u0151 lak\u00e1sunk megv\u00e1s\u00e1rl\u00e1sakor azt gondoltam, hogy mi sem egyszer\u0171bb k\u00f6zgazd\u00e1szk\u00e9nt, mintsem le\u00fclni a g\u00e9p el\u00e9 egy nyugodt szombat d\u00e9lut\u00e1n, v\u00e9gig n\u00e9zni a banki honlapokat \u00e9s kiv\u00e1lasztani, amelyik a legjobbnak t\u0171nik. \u00cdgy is t\u00f6rt\u00e9nt, \u00e1m este 11 k\u00f6r\u00fcl d\u00fch\u00f6ngve hagytam abba a b\u00f6ng\u00e9sz\u00e9st, mert ah\u00e1ny honlapot n\u00e9ztem meg, annyif\u00e9le m\u00f3don \u00edrtak [&hellip;]<\/p>\n","protected":false},"author":4,"featured_media":0,"parent":0,"menu_order":0,"comment_status":"closed","ping_status":"closed","template":"elementor_header_footer","meta":{"footnotes":""},"class_list":["post-1576","page","type-page","status-publish","hentry"],"_links":{"self":[{"href":"https:\/\/uj.okoshitel.hu\/index.php\/wp-json\/wp\/v2\/pages\/1576","targetHints":{"allow":["GET"]}}],"collection":[{"href":"https:\/\/uj.okoshitel.hu\/index.php\/wp-json\/wp\/v2\/pages"}],"about":[{"href":"https:\/\/uj.okoshitel.hu\/index.php\/wp-json\/wp\/v2\/types\/page"}],"author":[{"embeddable":true,"href":"https:\/\/uj.okoshitel.hu\/index.php\/wp-json\/wp\/v2\/users\/4"}],"replies":[{"embeddable":true,"href":"https:\/\/uj.okoshitel.hu\/index.php\/wp-json\/wp\/v2\/comments?post=1576"}],"version-history":[{"count":7,"href":"https:\/\/uj.okoshitel.hu\/index.php\/wp-json\/wp\/v2\/pages\/1576\/revisions"}],"predecessor-version":[{"id":1781,"href":"https:\/\/uj.okoshitel.hu\/index.php\/wp-json\/wp\/v2\/pages\/1576\/revisions\/1781"}],"wp:attachment":[{"href":"https:\/\/uj.okoshitel.hu\/index.php\/wp-json\/wp\/v2\/media?parent=1576"}],"curies":[{"name":"wp","href":"https:\/\/api.w.org\/{rel}","templated":true}]}}