{"id":1229,"date":"2025-09-05T11:45:18","date_gmt":"2025-09-05T11:45:18","guid":{"rendered":"https:\/\/uj.okoshitel.hu\/?page_id=1229"},"modified":"2025-09-08T15:42:28","modified_gmt":"2025-09-08T15:42:28","slug":"suti-nyilatkozat","status":"publish","type":"page","link":"https:\/\/uj.okoshitel.hu\/index.php\/suti-nyilatkozat\/","title":{"rendered":"S\u00fcti Nyilatkozat"},"content":{"rendered":"\t\t<div data-elementor-type=\"wp-page\" data-elementor-id=\"1229\" class=\"elementor elementor-1229\" data-elementor-post-type=\"page\">\n\t\t\t\t<div class=\"elementor-element elementor-element-ffa73f5 e-flex e-con-boxed e-con e-parent\" data-id=\"ffa73f5\" data-element_type=\"container\" data-settings=\"{&quot;background_background&quot;:&quot;gradient&quot;}\">\n\t\t\t\t\t<div class=\"e-con-inner\">\n\t\t\t\t<div class=\"elementor-element elementor-element-81ae276 elementor-widget elementor-widget-heading\" data-id=\"81ae276\" data-element_type=\"widget\" data-widget_type=\"heading.default\">\n\t\t\t\t\t<h1 class=\"elementor-heading-title elementor-size-default\">S\u00fcti Nyilatkozat<\/h1>\t\t\t\t<\/div>\n\t\t\t\t\t<\/div>\n\t\t\t\t<\/div>\n\t\t<div class=\"elementor-element elementor-element-6d595a5 e-flex e-con-boxed e-con e-parent\" data-id=\"6d595a5\" data-element_type=\"container\" data-settings=\"{&quot;background_background&quot;:&quot;classic&quot;}\">\n\t\t\t\t\t<div class=\"e-con-inner\">\n\t\t\t\t<div class=\"elementor-element elementor-element-17b893d elementor-widget elementor-widget-text-editor\" data-id=\"17b893d\" data-element_type=\"widget\" data-widget_type=\"text-editor.default\">\n\t\t\t\t\t\t\t\t\t<h2 data-fontsize=\"25\" data-lineheight=\"37\">S\u00fcti (\u201ecookie\u201d) Inform\u00e1ci\u00f3<\/h2><p>Weboldalunkon \u201ecookie\u201d-kat (tov\u00e1bbiakban \u201es\u00fcti\u201d) alkalmazunk. Ezek olyan f\u00e1jlok, melyek inform\u00e1ci\u00f3t t\u00e1rolnak webes b\u00f6ng\u00e9sz\u0151j\u00e9ben. Ehhez a hozz\u00e1j\u00e1rul\u00e1sod sz\u00fcks\u00e9ges. A \u201es\u00fctiket\u201d az elektronikus h\u00edrk\u00f6zl\u00e9sr\u0151l sz\u00f3l\u00f3 2003. \u00e9vi C. t\u00f6rv\u00e9ny, az elektronikus kereskedelmi szolg\u00e1ltat\u00e1sok, az inform\u00e1ci\u00f3s t\u00e1rsadalommal \u00f6sszef\u00fcgg\u0151 szolg\u00e1ltat\u00e1sok egyes k\u00e9rd\u00e9seir\u0151l sz\u00f3l\u00f3 2001. \u00e9vi CVIII. t\u00f6rv\u00e9ny, valamint az Eur\u00f3pai Uni\u00f3 el\u0151\u00edr\u00e1sainak megfelel\u0151en haszn\u00e1ljuk. Azon weblapoknak, melyek az Eur\u00f3pai Uni\u00f3 orsz\u00e1gain bel\u00fcl m\u0171k\u00f6dnek, a \u201es\u00fctik\u201d haszn\u00e1lat\u00e1hoz, \u00e9s ezeknek a felhaszn\u00e1l\u00f3 sz\u00e1m\u00edt\u00f3g\u00e9p\u00e9n vagy egy\u00e9b eszk\u00f6z\u00e9n t\u00f6rt\u00e9n\u0151 t\u00e1rol\u00e1s\u00e1hoz a felhaszn\u00e1l\u00f3k hozz\u00e1j\u00e1rul\u00e1s\u00e1t kell k\u00e9rni\u00fck.<\/p><h3 data-fontsize=\"25\" data-lineheight=\"37\">1. \u201eS\u00fctik\u201d haszn\u00e1lat\u00e1nak szab\u00e1lyzata<\/h3><p>Ez a szab\u00e1lyzat a\u00a0<span id=\"domainNameToCookieInformation\">domain n\u00e9v<\/span>\u00a0weboldal \u201es\u00fctijeire\u201d vonatkozik.<\/p><h3 data-fontsize=\"25\" data-lineheight=\"37\">2. Mik azok a \u201es\u00fctik\u201d?<\/h3><p>A \u201es\u00fctik\u201d olyan kism\u00e9ret\u0171 f\u00e1jlok, melyek bet\u0171ket \u00e9s sz\u00e1mokat tartalmaznak. A \u201es\u00fcti\u201d a webszerver \u00e9s a felhaszn\u00e1l\u00f3 b\u00f6ng\u00e9sz\u0151je k\u00f6z\u00f6tti inform\u00e1ci\u00f3csere eszk\u00f6ze. Ezek az adatf\u00e1jlok nem futtathat\u00f3k, nem tartalmaznak k\u00e9mprogramokat \u00e9s v\u00edrusokat, tov\u00e1bb\u00e1 nem f\u00e9rhetnek hozz\u00e1 a felhaszn\u00e1l\u00f3k merevlemez-tartalm\u00e1hoz.<\/p><h3 data-fontsize=\"25\" data-lineheight=\"37\">3. Mire haszn\u00e1lhat\u00f3k a \u201es\u00fctik\u201d?<\/h3><p>A \u201es\u00fctik\u201d \u00e1ltal k\u00fcld\u00f6tt inform\u00e1ci\u00f3k seg\u00edts\u00e9g\u00e9vel az internetb\u00f6ng\u00e9sz\u0151k k\u00f6nnyebben felismerhet\u0151k, \u00edgy a felhaszn\u00e1l\u00f3k relev\u00e1ns \u00e9s \u201eszem\u00e9lyre szabott\u201d tartalmat kapnak. A cookie-k k\u00e9nyelmesebb\u00e9 teszik a b\u00f6ng\u00e9sz\u00e9st, \u00e9rtve ez alatt az online adatbiztons\u00e1ggal kapcsolatos ig\u00e9nyeket \u00e9s a relev\u00e1ns rekl\u00e1mokat. A \u201es\u00fctik\u201d seg\u00edts\u00e9g\u00e9vel a weboldalak \u00fczemeltet\u0151i n\u00e9vtelen (anonim) statisztik\u00e1kat is k\u00e9sz\u00edthetnek az oldall\u00e1togat\u00f3k szok\u00e1sair\u00f3l. Ezek felhaszn\u00e1l\u00e1s\u00e1val az oldal szerkeszt\u0151i m\u00e9g jobban szem\u00e9lyre tudj\u00e1k szabni az oldal kin\u00e9zet\u00e9t \u00e9s tartalm\u00e1t.<\/p><h4 data-fontsize=\"25\" data-lineheight=\"37\">4. Milyen \u201es\u00fctikkel\u201d tal\u00e1lkozhatsz?<\/h4><p>A weboldalak k\u00e9tf\u00e9le s\u00fctit haszn\u00e1lhatnak:<\/p><ul><li>\u2013 Ideiglenes \u201es\u00fctik\u201d, melyek addig maradnak eszk\u00f6z\u00e9n, am\u00edg el nem hagyja weboldalt.<\/li><li>\u2013 \u00c1lland\u00f3 \u201es\u00fctik\u201d, melyek webes keres\u0151j\u00e9nek be\u00e1ll\u00edt\u00e1s\u00e1t\u00f3l f\u00fcgg\u0151en hosszabb ideig, vagy eg\u00e9szen addig az eszk\u00f6z\u00e9n maradnak, am\u00edg azokat nem t\u00f6rl\u00f6d.<\/li><li>\u2013 Harmadik f\u00e9lt\u0151l sz\u00e1rmaz\u00f3 \u201es\u00fctik\u201d, melyeket harmadik f\u00e9l helyez el a b\u00f6ng\u00e9sz\u0151dben (pl. Google Analitika). Ezek abban az esetben ker\u00fclnek a b\u00f6ng\u00e9sz\u0151j\u00e9ben elhelyez\u00e9sre, ha a megl\u00e1togatott weboldal haszn\u00e1lja a harmadik f\u00e9l \u00e1ltal ny\u00fajtott szolg\u00e1ltat\u00e1sokat.<\/li><\/ul><h4 data-fontsize=\"25\" data-lineheight=\"37\">Elengedhetetlen munkamenet (session-id) \u201es\u00fctik\u201d:<\/h4><p>Ezek haszn\u00e1lata elengedhetetlen a weboldalon t\u00f6rt\u00e9n\u0151 navig\u00e1l\u00e1shoz, a weboldal funkci\u00f3inak m\u0171k\u00f6d\u00e9s\u00e9hez. Ezek elfogad\u00e1sa n\u00e9lk\u00fcl a honlap, illetve annak egyes r\u00e9szei nem, vagy hib\u00e1san jelenhetnek meg.<\/p><h4 data-fontsize=\"25\" data-lineheight=\"37\">Analitikai vagy teljes\u00edtm\u00e9nyfigyel\u0151 \u201es\u00fctik\u201d:<\/h4><p>Ezek seg\u00edtenek abban, hogy megk\u00fcl\u00f6nb\u00f6ztess\u00fck a weboldal l\u00e1togat\u00f3it, \u00e9s adatokat gy\u0171jts\u00fcnk arr\u00f3l, hogy a l\u00e1togat\u00f3k hogyan viselkednek a weboldalon. Ezekkel a \u201es\u00fctikkel\u201d biztos\u00edtjuk p\u00e9ld\u00e1ul, hogy a weboldal \u00e1ltalad k\u00e9rt esetekben megjegyezze a bejelentkez\u00e9st. Ezek nem gy\u0171jtenek t\u00e9ged azonos\u00edtani k\u00e9pes inform\u00e1ci\u00f3kat, az adatokat \u00f6sszes\u00edtve \u00e9s n\u00e9vtelen\u00fcl t\u00e1rolj\u00e1k. ( pl: Google Analitika)<\/p><h4 data-fontsize=\"25\" data-lineheight=\"37\">Funkcion\u00e1lis \u201es\u00fctik\u201d:<\/h4><p>E s\u00fctik feladata a felhaszn\u00e1l\u00f3i \u00e9lm\u00e9ny jav\u00edt\u00e1sa. \u00c9szlelik, \u00e9s t\u00e1rolj\u00e1k p\u00e9ld\u00e1ul, hogy milyen eszk\u00f6zzel nyitotta meg a honlapot, vagy az \u00e1ltalad kor\u00e1bban megadott, \u00e9s t\u00e1rolni k\u00e9rt adatait: p\u00e9ld\u00e1ul automatikus bejelentkez\u00e9s, a v\u00e1lasztott nyelv, a sz\u00f6vegm\u00e9retben, bet\u0171t\u00edpusban vagy a honlap egy\u00e9b testre szabhat\u00f3 elem\u00e9ben \u00e1ltalad v\u00e9grehajtott felhaszn\u00e1l\u00f3i v\u00e1ltoztat\u00e1sok. Ezek a \u201es\u00fctik\u201d nem k\u00f6vetik nyomon az \u00e1ltalad m\u00e1s weboldalakon folytatott tev\u00e9kenys\u00e9g\u00e9t. Az \u00e1ltaluk gy\u0171jt\u00f6tt inform\u00e1ci\u00f3kban lehetnek azonban szem\u00e9lyes azonos\u00edt\u00f3 adatok, amelyeket megosztott\u00e1l.<\/p><h4 data-fontsize=\"25\" data-lineheight=\"37\">C\u00e9lzott vagy rekl\u00e1m \u201es\u00fctik\u201d:<\/h4><p>Ezek seg\u00edts\u00e9g\u00e9vel a weboldalak az \u00e9rdekl\u0151d\u00e9si k\u00f6r\u00f6dnek legink\u00e1bb megfelel\u0151 inform\u00e1ci\u00f3t (marketing) tudnak ny\u00fajtani. Ehhez a Te kifejezett belegyez\u00e9sed sz\u00fcks\u00e9ges. Ezek a s\u00fctik r\u00e9szletes inform\u00e1ci\u00f3kat gy\u0171jtenek b\u00f6ng\u00e9sz\u00e9si szok\u00e1saidr\u00f3l.<\/p><h5 data-fontsize=\"25\" data-lineheight=\"37\">5. Tartalmaznak a \u201es\u00fctik\u201d szem\u00e9lyes adatokat?<\/h5><p>A legt\u00f6bb \u201es\u00fcti\u201d nem tartalmaz szem\u00e9lyes inform\u00e1ci\u00f3kat, seg\u00edts\u00e9g\u00e9vel nem azonos\u00edthat\u00f3k a felhaszn\u00e1l\u00f3k. A t\u00e1rolt adatok a k\u00e9nyelmesebb b\u00f6ng\u00e9sz\u00e9s\u00e9rt sz\u00fcks\u00e9gesek, t\u00e1rol\u00e1suk olyan m\u00f3don t\u00f6rt\u00e9nik, hogy jogosulatlan szem\u00e9ly nem f\u00e9rhet hozz\u00e1juk.<\/p><h5 data-fontsize=\"25\" data-lineheight=\"37\">6. Mi\u00e9rt fontosak a \u201es\u00fctik\u201d az interneten?<\/h5><p>A \u201es\u00fctik\u201d szerepe, hogy k\u00e9nyelmesebb\u00e9 tegy\u00e9k a felhaszn\u00e1l\u00f3k sz\u00e1m\u00e1ra a b\u00f6ng\u00e9sz\u00e9st, hiszen a b\u00f6ng\u00e9sz\u00e9si el\u0151zm\u00e9nyek r\u00e9v\u00e9n \u00e1ll\u00edtja be a felhaszn\u00e1l\u00f3knak a rekl\u00e1mokat, tartalmakat. A \u201es\u00fctik\u201d letilt\u00e1sa vagy korl\u00e1toz\u00e1sa n\u00e9h\u00e1ny weboldalt haszn\u00e1lhatatlann\u00e1 tesz. A letiltott vagy korl\u00e1tozott \u201es\u00fctik\u201d azonban nem jelentik azt, hogy a felhaszn\u00e1l\u00f3knak nem jelennek meg hirdet\u00e9sek, csup\u00e1n a megjelen\u0151 hirdet\u00e9sek \u00e9s tartalmak nem \u201eszem\u00e9lyre szabottak\u201d, azaz nem igazodnak a felhaszn\u00e1l\u00f3 ig\u00e9nyeihez \u00e9s \u00e9rdekl\u0151d\u00e9si k\u00f6r\u00e9hez. N\u00e9h\u00e1ny minta a \u201es\u00fctik\u201d felhaszn\u00e1l\u00e1s\u00e1ra:<\/p><ul><li>\u2013 A felhaszn\u00e1l\u00f3 ig\u00e9nyeihez igaz\u00edtott tartalmak, szolg\u00e1ltat\u00e1sok, term\u00e9kek megjelen\u00edt\u00e9se.<\/li><li>\u2013 A felhaszn\u00e1l\u00f3 \u00e9rdekl\u0151d\u00e9si k\u00f6re szerint kialak\u00edtott aj\u00e1nlatok.<\/li><li>\u2013 Az \u00e1ltalad k\u00e9rt esetben a bejelentkez\u00e9s megjegyz\u00e9se (maradjon bejelentkezve).<\/li><li>\u2013 Internetes tartalmakra vonatkoz\u00f3 gyermekv\u00e9delmi sz\u0171r\u0151k megjegyz\u00e9se (family mode opci\u00f3k, safe search funkci\u00f3k).<\/li><li>\u2013 Rekl\u00e1mok gyakoris\u00e1g\u00e1nak korl\u00e1toz\u00e1sa; azaz, egy rekl\u00e1m megjelen\u00edt\u00e9s\u00e9nek sz\u00e1mszer\u0171 korl\u00e1toz\u00e1sa a felhaszn\u00e1l\u00f3 r\u00e9sz\u00e9re adott weboldalon.<\/li><li>\u2013 A felhaszn\u00e1l\u00f3 sz\u00e1m\u00e1ra relev\u00e1ns rekl\u00e1mok megjelen\u00edt\u00e9se.<\/li><li>\u2013 Geotargeting<\/li><\/ul><h5 data-fontsize=\"25\" data-lineheight=\"37\">7. Biztons\u00e1ggal \u00e9s adatbiztons\u00e1ggal kapcsolatos t\u00e9nyez\u0151k.<\/h5><p>A \u201es\u00fctik\u201d nem v\u00edrusok \u00e9s k\u00e9mprogramok. Mivel egyszer\u0171 sz\u00f6veg t\u00edpus\u00fa f\u00e1jlok, ez\u00e9rt nem futtathat\u00f3k, teh\u00e1t nem tekinthet\u0151k programoknak. El\u0151fordulhat azonban, hogy m\u00e1s sz\u00e1nd\u00e9kkal (rosszindulattal) rejtenek el inform\u00e1ci\u00f3kat a \u201es\u00fctiben\u201d, \u00edgy azok spyware-k\u00e9nt m\u0171k\u00f6dhetnek. Emiatt a v\u00edruskeres\u0151 \u00e9s \u2013irt\u00f3 programok a \u201es\u00fctiket\u201d folyamatosan t\u00f6rl\u00e9sre \u00edt\u00e9lhetik. Mivel az internet b\u00f6ng\u00e9sz\u00e9sre haszn\u00e1lt eszk\u00f6z \u00e9s a webszerverek folyamatosan kommunik\u00e1lnak, teh\u00e1t oda-vissza k\u00fcldik az adatokat, ez\u00e9rt ha egy t\u00e1mad\u00f3 (hekker) beavatkozik a folyamatba, kinyerheti a \u201es\u00fctik\u201d \u00e1ltal t\u00e1rolt inform\u00e1ci\u00f3kat. Ennek egyik oka lehet p\u00e9ld\u00e1ul a nem megfelel\u0151 m\u00f3don titkos\u00edtott internet (WiFi) be\u00e1ll\u00edt\u00e1s. Ezt a r\u00e9st kihaszn\u00e1lva adatokat nyerhetnek ki a \u201es\u00fctikb\u0151l\u201d.<\/p><h5 data-fontsize=\"25\" data-lineheight=\"37\">8. A \u201es\u00fctik\u201d kezel\u00e9se, t\u00f6rl\u00e9se<\/h5><p>A \u201es\u00fctiket\u201d a haszn\u00e1lt b\u00f6ng\u00e9sz\u0151programokban lehet t\u00f6r\u00f6lni vagy letiltani. A b\u00f6ng\u00e9sz\u0151k alap\u00e9rtelmezett m\u00f3don enged\u00e9lyezik a \u201es\u00fctik\u201d elhelyez\u00e9s\u00e9t. Ezt a b\u00f6ng\u00e9sz\u0151 be\u00e1ll\u00edt\u00e1sain\u00e1l lehet letiltani, valamint a megl\u00e9v\u0151ket t\u00f6r\u00f6lni. Mindemellett be\u00e1ll\u00edthat\u00f3 az is, hogy a b\u00f6ng\u00e9sz\u0151 \u00e9rtes\u00edt\u00e9st k\u00fcldj\u00f6n a felhaszn\u00e1l\u00f3nak, amikor \u201es\u00fctit\u201d k\u00fcld az eszk\u00f6zre. Fontos hangs\u00falyozni azonban, hogy ezen f\u00e1jlok letilt\u00e1sa vagy korl\u00e1toz\u00e1sa rontja a b\u00f6ng\u00e9sz\u00e9si \u00e9lm\u00e9nyt, valamint hiba jelentkezhet a weboldal funkci\u00f3j\u00e1ban is.<\/p><ul><li>\u2013 A be\u00e1ll\u00edt\u00e1si lehet\u0151s\u00e9gek \u00e1ltal\u00e1ban a b\u00f6ng\u00e9sz\u0151 \u201eOpci\u00f3k\u201d vagy \u201eBe\u00e1ll\u00edt\u00e1sok\u201d men\u00fcpontj\u00e1ban tal\u00e1lhat\u00f3k. Mindegyik webes keres\u0151 k\u00fcl\u00f6nb\u00f6z\u0151, \u00edgy a megfelel\u0151 be\u00e1ll\u00edt\u00e1sokhoz k\u00e9rj\u00fck. haszn\u00e1lja keres\u0151je \u201cSeg\u00edts\u00e9g\u201d men\u00fcj\u00e9t, illetve az al\u00e1bbi linkeket a s\u00fctik be\u00e1ll\u00edt\u00e1sainak m\u00f3dos\u00edt\u00e1s\u00e1hoz:<\/li><\/ul><p><a href=\"https:\/\/support.microsoft.com\/en-us\/kb\/196955\">Cookie settings in Internet Explorer<\/a>\u00a0<a href=\"https:\/\/support.mozilla.org\/en-US\/kb\/cookies-information-websites-store-on-your-computer?redirectlocale=en-US&amp;redirectslug=Cookies\">Cookie settings in Firefox<\/a>\u00a0<a href=\"https:\/\/support.google.com\/chrome\/answer\/95647?hl=en\">Cookie settings in Chrome<\/a>\u00a0<a href=\"https:\/\/support.apple.com\/kb\/PH5042?locale=en_US\">Cookie settings in Safari<\/a><\/p><ul><li>\u2013 Az anonim Google Analitika \u201es\u00fctik\u201d kikapcsol\u00e1s\u00e1hoz egy \u00fagynevezett \u201eGoogle Analytics plug-in\u201d-t (kieg\u00e9sz\u00edt\u0151t) telep\u00edthet a b\u00f6ng\u00e9sz\u0151j\u00e9be, mely megakad\u00e1lyozza, hogy a honlap az \u00d6nre vonatkoz\u00f3 inform\u00e1ci\u00f3kat k\u00fcldj\u00f6n a Google Analitik\u00e1nak. Ezzel kapcsolatban tov\u00e1bbi inform\u00e1ci\u00f3kat az al\u00e1bbi linkeken tal\u00e1l:<\/li><\/ul><p><a href=\"https:\/\/support.google.com\/analytics\/answer\/6004245\">Google Analytics &amp; Privacy<\/a>\u00a0vagy\u00a0<a href=\"http:\/\/www.google.hu\/intl\/hu\/policies\/technologies\/\">Google Elvek \u00e9s Ir\u00e1nyelvek<\/a><\/p><h5 data-fontsize=\"25\" data-lineheight=\"37\">9. Tov\u00e1bbi hasznos linkek<\/h5><p>Ha szeretn\u00e9l t\u00f6bbet megtudni a \u201es\u00fctik\u201d-r\u0151l, azok felhaszn\u00e1l\u00e1s\u00e1r\u00f3l:\u00a0<a href=\"http:\/\/www.microsoft.com\/info\/cookies.mspx\">Microsoft Cookies guide<\/a>\u00a0<a href=\"http:\/\/www.allaboutcookies.org\/\">All About Cookies<\/a>\u00a0<a href=\"https:\/\/www.facebook.com\/help\/cookies\/\">Facebook cookies<\/a><\/p><div><div class=\"CookieDeclaration\" dir=\"ltr\" lang=\"hu\"><p class=\"CookieDeclarationDialogText\">Ez a weboldal s\u00fctiket haszn\u00e1l. S\u00fctiket haszn\u00e1lunk a tartalmak \u00e9s hirdet\u00e9sek szem\u00e9lyre szab\u00e1s\u00e1hoz, k\u00f6z\u00f6ss\u00e9gi funkci\u00f3k biztos\u00edt\u00e1s\u00e1hoz, valamint weboldalforgalmunk elemz\u00e9s\u00e9hez. Ezenk\u00edv\u00fcl k\u00f6z\u00f6ss\u00e9gi m\u00e9dia-, hirdet\u0151- \u00e9s elemez\u0151 partnereinkkel megosztjuk az \u00d6n weboldalhaszn\u00e1latra vonatkoz\u00f3 adatait, akik kombin\u00e1lhatj\u00e1k az adatokat m\u00e1s olyan adatokkal, amelyeket \u00d6n adott meg sz\u00e1mukra vagy az \u00d6n \u00e1ltal haszn\u00e1lt m\u00e1s szolg\u00e1ltat\u00e1sokb\u00f3l gy\u0171jt\u00f6ttek.<\/p><p class=\"CookieDeclarationIntro\">A s\u00fctik olyan kis sz\u00f6veges f\u00e1jlok, amelyeket egy weboldal felhaszn\u00e1lhat arra, hogy m\u00e9g hat\u00e9konyabb\u00e1 tegye a felhaszn\u00e1l\u00f3i \u00e9lm\u00e9nyt. A jogszab\u00e1lyok szerint a s\u00fctiket abban az esetben t\u00e1rolhatjuk az \u00d6n eszk\u00f6z\u00e9n, ha erre felt\u00e9tlen\u00fcl sz\u00fcks\u00e9g van a weboldalunk m\u0171k\u00f6d\u00e9se \u00e9rdek\u00e9ben. Minden egy\u00e9b t\u00edpus\u00fa s\u00fcti haszn\u00e1lat\u00e1hoz az \u00d6n enged\u00e9ly\u00e9re van sz\u00fcks\u00e9g\u00fcnk. Jelen weboldal k\u00fcl\u00f6nf\u00e9le s\u00fctiket haszn\u00e1l. A weboldalunkon megjelen\u0151 n\u00e9melyik s\u00fctit harmadik f\u00e9l szolg\u00e1ltat\u00f3ink helyezik.<\/p><p>\u00d6n b\u00e1rmikor m\u00f3dos\u00edthatja vagy visszavonhatja weboldalunkon a S\u00fctinyilatkozathoz val\u00f3 hozz\u00e1j\u00e1rul\u00e1s\u00e1t.<\/p><\/div><\/div>\t\t\t\t\t\t\t\t<\/div>\n\t\t\t\t\t<\/div>\n\t\t\t\t<\/div>\n\t\t\t\t<\/div>\n\t\t","protected":false},"excerpt":{"rendered":"<p>S\u00fcti (\u201ecookie\u201d) Inform\u00e1ci\u00f3 Weboldalunkon \u201ecookie\u201d-kat (tov\u00e1bbiakban \u201es\u00fcti\u201d) alkalmazunk. Ezek olyan f\u00e1jlok, melyek inform\u00e1ci\u00f3t t\u00e1rolnak webes b\u00f6ng\u00e9sz\u0151j\u00e9ben. Ehhez a hozz\u00e1j\u00e1rul\u00e1sod sz\u00fcks\u00e9ges. A \u201es\u00fctiket\u201d az elektronikus h\u00edrk\u00f6zl\u00e9sr\u0151l sz\u00f3l\u00f3 2003. \u00e9vi C. t\u00f6rv\u00e9ny, az elektronikus kereskedelmi szolg\u00e1ltat\u00e1sok, az inform\u00e1ci\u00f3s t\u00e1rsadalommal \u00f6sszef\u00fcgg\u0151 szolg\u00e1ltat\u00e1sok egyes k\u00e9rd\u00e9seir\u0151l sz\u00f3l\u00f3 2001. \u00e9vi CVIII. t\u00f6rv\u00e9ny, valamint az Eur\u00f3pai Uni\u00f3 el\u0151\u00edr\u00e1sainak megfelel\u0151en haszn\u00e1ljuk. Azon weblapoknak, [&hellip;]<\/p>\n","protected":false},"author":4,"featured_media":0,"parent":0,"menu_order":0,"comment_status":"closed","ping_status":"closed","template":"elementor_header_footer","meta":{"footnotes":""},"class_list":["post-1229","page","type-page","status-publish","hentry"],"_links":{"self":[{"href":"https:\/\/uj.okoshitel.hu\/index.php\/wp-json\/wp\/v2\/pages\/1229","targetHints":{"allow":["GET"]}}],"collection":[{"href":"https:\/\/uj.okoshitel.hu\/index.php\/wp-json\/wp\/v2\/pages"}],"about":[{"href":"https:\/\/uj.okoshitel.hu\/index.php\/wp-json\/wp\/v2\/types\/page"}],"author":[{"embeddable":true,"href":"https:\/\/uj.okoshitel.hu\/index.php\/wp-json\/wp\/v2\/users\/4"}],"replies":[{"embeddable":true,"href":"https:\/\/uj.okoshitel.hu\/index.php\/wp-json\/wp\/v2\/comments?post=1229"}],"version-history":[{"count":7,"href":"https:\/\/uj.okoshitel.hu\/index.php\/wp-json\/wp\/v2\/pages\/1229\/revisions"}],"predecessor-version":[{"id":1416,"href":"https:\/\/uj.okoshitel.hu\/index.php\/wp-json\/wp\/v2\/pages\/1229\/revisions\/1416"}],"wp:attachment":[{"href":"https:\/\/uj.okoshitel.hu\/index.php\/wp-json\/wp\/v2\/media?parent=1229"}],"curies":[{"name":"wp","href":"https:\/\/api.w.org\/{rel}","templated":true}]}}