{"id":1219,"date":"2025-09-05T11:41:14","date_gmt":"2025-09-05T11:41:14","guid":{"rendered":"https:\/\/uj.okoshitel.hu\/?page_id=1219"},"modified":"2025-09-08T15:24:09","modified_gmt":"2025-09-08T15:24:09","slug":"jogi-nyilatkozat","status":"publish","type":"page","link":"https:\/\/uj.okoshitel.hu\/index.php\/jogi-nyilatkozat\/","title":{"rendered":"Jogi Nyilatkozat"},"content":{"rendered":"\t\t<div data-elementor-type=\"wp-page\" data-elementor-id=\"1219\" class=\"elementor elementor-1219\" data-elementor-post-type=\"page\">\n\t\t\t\t<div class=\"elementor-element elementor-element-24e83e1 e-flex e-con-boxed e-con e-parent\" data-id=\"24e83e1\" data-element_type=\"container\" data-settings=\"{&quot;background_background&quot;:&quot;gradient&quot;}\">\n\t\t\t\t\t<div class=\"e-con-inner\">\n\t\t\t\t<div class=\"elementor-element elementor-element-00ea038 elementor-widget elementor-widget-heading\" data-id=\"00ea038\" data-element_type=\"widget\" data-widget_type=\"heading.default\">\n\t\t\t\t\t<h1 class=\"elementor-heading-title elementor-size-default\">Jogi Nyilatkozat<\/h1>\t\t\t\t<\/div>\n\t\t\t\t\t<\/div>\n\t\t\t\t<\/div>\n\t\t<div class=\"elementor-element elementor-element-9d01749 e-flex e-con-boxed e-con e-parent\" data-id=\"9d01749\" data-element_type=\"container\" data-settings=\"{&quot;background_background&quot;:&quot;classic&quot;}\">\n\t\t\t\t\t<div class=\"e-con-inner\">\n\t\t\t\t<div class=\"elementor-element elementor-element-9379041 elementor-widget elementor-widget-text-editor\" data-id=\"9379041\" data-element_type=\"widget\" data-widget_type=\"text-editor.default\">\n\t\t\t\t\t\t\t\t\t<h2>\u00c1ltal\u00e1nos szab\u00e1ly<\/h2><p>Az Okoshitel Kft. (sz\u00e9khelye: 2040 Buda\u00f6rs, Csillag utca 11., c\u00e9gjegyz\u00e9ksz\u00e1ma: 13-09-125531, bejegyezve a F\u0151v\u00e1rosi T\u00f6rv\u00e9nysz\u00e9k C\u00e9gb\u00edr\u00f3s\u00e1ga \u00e1ltal) tev\u00e9kenys\u00e9g\u00e9t a P\u00e9nz\u00fcgyi Szervezetek \u00c1llami Fel\u00fcgyelete 14599149 sz\u00e1m\u00fa tev\u00e9kenys\u00e9gi enged\u00e9lye alapj\u00e1n folytatja.<\/p><p class=\"underl\">Az Okoshitel Kft. adatv\u00e9delmi nyilv\u00e1ntart\u00e1si sz\u00e1ma: NAIH-62876\/2013.<\/p><p>A\u00a0<a href=\"https:\/\/www.okoshitel.hu\/\">www.okoshitel.hu<\/a>\u00a0honlap \u00fczemeltet\u0151je az Okoshitel Kft. \u00e9s e min\u0151s\u00e9g\u00e9ben fenntartja mag\u00e1nak a jogot arra, hogy b\u00e1rmikor, el\u0151zetes figyelmeztet\u00e9s n\u00e9lk\u00fcl a honlapra vagy annak b\u00e1rmely tartalm\u00e1ra n\u00e9zve fejleszt\u00e9st, v\u00e1ltoztat\u00e1st, m\u00f3dos\u00edt\u00e1st vagy jav\u00edt\u00e1st eszk\u00f6z\u00f6lj\u00f6n.<\/p><p>A\u00a0<a href=\"https:\/\/www.okoshitel.hu\/\">www.okoshitel.hu<\/a>\u00a0honlap, vagy b\u00e1rmely oldal\u00e1nak megnyit\u00e1sa, illetve haszn\u00e1lata kiz\u00e1r\u00f3lag a jelen jogi nyilatkozatban felsorolt kik\u00f6t\u00e9sekkel \u00e9s felt\u00e9telekkel, valamint Magyarorsz\u00e1g mindenkor hat\u00e1lyos jogszab\u00e1lyaival \u00f6sszef\u00fcgg\u00e9sben megengedett.<\/p><p>A honlap haszn\u00e1lata a jelen jogi nyilatkozatban foglaltak elfogad\u00e1s\u00e1t jelenti. Amennyiben \u00d6n a jogi nyilatkozatban foglaltakkal nem \u00e9rt egyet, \u00fagy k\u00e9rj\u00fck a honlap megnyit\u00e1s\u00e1nak \u00e9s haszn\u00e1lat\u00e1nak mell\u0151z\u00e9s\u00e9t.<\/p><h2>Szerz\u0151i jog<\/h2><p>A\u00a0<a href=\"https:\/\/www.okoshitel.hu\/\">www.okoshitel.hu<\/a>\u00a0honlap \u00e9s annak teljes tartalma szerz\u0151i -, illetve egy\u00e9b jogi v\u00e9delem alatt \u00e1ll, a honlapon megjelen\u0151 teljes tartalomhoz f\u0171z\u0151d\u0151 v\u00e9dett jogok az Okoshitel Kft-t illetik meg. A honlapon megjelen\u0151 teljes tartalomra vonatkoz\u00f3an az Okoshitel Kft. minden jog\u00e1t fenntartja. K\u00fcl\u00f6n\u00f6sen tilos a tartalmat vagy annak b\u00e1rmely r\u00e9sz\u00e9t az Okoshitel Kft. el\u0151zetes, \u00edr\u00e1sbeli enged\u00e9lye n\u00e9lk\u00fcl k\u00f6z\u00f6lni, terjeszteni, nyilv\u00e1noss\u00e1gra hozni, illetve b\u00e1rmilyen egy\u00e9b m\u00f3don jogosulatlanul felhaszn\u00e1lni. A honlap, annak tartalma, vagy b\u00e1rmely r\u00e9sz\u00e9nek felhaszn\u00e1l\u00e1sa, valamint a v\u00e9dett jogok egy\u00e9b m\u00f3don t\u00f6rt\u00e9n\u0151 megs\u00e9rt\u00e9se jogellenes cselekm\u00e9ny \u00e9s jogi elj\u00e1r\u00e1st vonhat maga ut\u00e1n.<\/p><h2>Felel\u0151ss\u00e9gkorl\u00e1toz\u00e1s<\/h2><p>A honlapon megjelen\u0151 minden tartalom (hitel term\u00e9kek \u00e9s azok ig\u00e9nybev\u00e9tel\u00e9nek felt\u00e9telei, t\u00f6rleszt\u0151 r\u00e9szletek) kiz\u00e1r\u00f3lag t\u00e1j\u00e9koztat\u00f3 jelleg\u0171, nem min\u0151s\u00fcl szerz\u0151d\u00e9ses aj\u00e1nlatnak, illetve nyilv\u00e1nos aj\u00e1nlatt\u00e9telnek, nem p\u00f3tolja, \u00e9s nem helyettes\u00edti az egyedi szerz\u0151d\u00e9seket. A tartalomban szerepl\u0151 esetleges hib\u00e1k\u00e9rt, pontatlans\u00e1gok\u00e9rt az Okoshitel Kft. felel\u0151ss\u00e9g\u00e9t kiz\u00e1rja.<\/p><p>A honlapon ismertetett term\u00e9kek ig\u00e9nybevehet\u0151s\u00e9g\u00e9nek felt\u00e9tele, hogy az ig\u00e9nyl\u0151 esetileg megfeleljen a term\u00e9k k\u00edn\u00e1l\u00f3ja konkr\u00e9t szerz\u0151d\u00e9ses felt\u00e9teleinek \u00e9s az egy\u00e9b vonatkoz\u00f3 jogszab\u00e1lyi el\u0151\u00edr\u00e1soknak. Az Okoshitel Kft. nem v\u00e1llal felel\u0151ss\u00e9get az\u00e9rt, hogy a honlapon ismertetett term\u00e9ket a term\u00e9k ig\u00e9nyl\u0151je ig\u00e9nybe tudja-e venni, illetve nem v\u00e1llal felel\u0151ss\u00e9get az\u00e9rt, hogy azt milyen felt\u00e9telekkel veszi ig\u00e9nybe.<\/p><p>A honlap k\u00e9sz\u00edt\u00e9se sor\u00e1n az Okoshitel Kft. nyilv\u00e1nosan hozz\u00e1f\u00e9rhet\u0151 inform\u00e1ci\u00f3kat, saj\u00e1t adatokat \u00e9s m\u00e1s, megb\u00edzhat\u00f3nak tartott forr\u00e1sokat haszn\u00e1lt \u00e9s haszn\u00e1l fel. Minden \u00e9sszer\u0171 int\u00e9zked\u00e9s megt\u00f6rt\u00e9nt, hogy az inform\u00e1ci\u00f3k pontosak, a v\u00e9lem\u00e9nyek megalapozottak legyenek, de erre nincs semmilyen garancia vagy biztos\u00edt\u00e9k. Az Okoshitel Kft., valamint a k\u00e9pviselet\u00e9ben \u00e9s \u00e9rdekk\u00f6r\u00e9ben elj\u00e1r\u00f3 szem\u00e9lyek nem v\u00e1llalnak felel\u0151ss\u00e9get azok\u00e9rt az esetleges k\u00e1rok\u00e9rt, k\u00f6lts\u00e9gek\u00e9rt, vesztes\u00e9g\u00e9rt, amelyek a honlap, vagy b\u00e1rmely oldal\u00e1nak tartalm\u00e1ra visszavezethet\u0151 okb\u00f3l, a honlap, vagy b\u00e1rmely oldal\u00e1nak megnyit\u00e1s\u00e1b\u00f3l, illetve haszn\u00e1lat\u00e1b\u00f3l, haszn\u00e1latra k\u00e9ptelen \u00e1llapot\u00e1b\u00f3l, nem megfelel\u0151 m\u0171k\u00f6d\u00e9s\u00e9b\u0151l, \u00fczemzavar\u00e1b\u00f3l, az adatok helytelen megad\u00e1s\u00e1b\u00f3l vagy azok b\u00e1rki \u00e1ltal t\u00f6rt\u00e9n\u0151 illet\u00e9ktelen megv\u00e1ltoztat\u00e1s\u00e1b\u00f3l keletkeznek, illetve amelyek az inform\u00e1ci\u00f3 tov\u00e1bb\u00edt\u00e1s k\u00e9sedelm\u00e9b\u0151l, sz\u00e1m\u00edt\u00f3g\u00e9pes v\u00edrusb\u00f3l, az adat\u00e1tviteli \u00fat hib\u00e1j\u00e1b\u00f3l, egy\u00e9b vonal- vagy rendszerhib\u00e1b\u00f3l, vagy m\u00e1s hasonl\u00f3 okb\u00f3l keletkeznek.<\/p>\t\t\t\t\t\t\t\t<\/div>\n\t\t\t\t\t<\/div>\n\t\t\t\t<\/div>\n\t\t\t\t<\/div>\n\t\t","protected":false},"excerpt":{"rendered":"<p>\u00c1ltal\u00e1nos szab\u00e1ly Az Okoshitel Kft. (sz\u00e9khelye: 2040 Buda\u00f6rs, Csillag utca 11., c\u00e9gjegyz\u00e9ksz\u00e1ma: 13-09-125531, bejegyezve a F\u0151v\u00e1rosi T\u00f6rv\u00e9nysz\u00e9k C\u00e9gb\u00edr\u00f3s\u00e1ga \u00e1ltal) tev\u00e9kenys\u00e9g\u00e9t a P\u00e9nz\u00fcgyi Szervezetek \u00c1llami Fel\u00fcgyelete 14599149 sz\u00e1m\u00fa tev\u00e9kenys\u00e9gi enged\u00e9lye alapj\u00e1n folytatja. Az Okoshitel Kft. adatv\u00e9delmi nyilv\u00e1ntart\u00e1si sz\u00e1ma: NAIH-62876\/2013. A\u00a0www.okoshitel.hu\u00a0honlap \u00fczemeltet\u0151je az Okoshitel Kft. \u00e9s e min\u0151s\u00e9g\u00e9ben fenntartja mag\u00e1nak a jogot arra, hogy b\u00e1rmikor, el\u0151zetes figyelmeztet\u00e9s [&hellip;]<\/p>\n","protected":false},"author":4,"featured_media":0,"parent":0,"menu_order":0,"comment_status":"closed","ping_status":"closed","template":"elementor_header_footer","meta":{"footnotes":""},"class_list":["post-1219","page","type-page","status-publish","hentry"],"_links":{"self":[{"href":"https:\/\/uj.okoshitel.hu\/index.php\/wp-json\/wp\/v2\/pages\/1219","targetHints":{"allow":["GET"]}}],"collection":[{"href":"https:\/\/uj.okoshitel.hu\/index.php\/wp-json\/wp\/v2\/pages"}],"about":[{"href":"https:\/\/uj.okoshitel.hu\/index.php\/wp-json\/wp\/v2\/types\/page"}],"author":[{"embeddable":true,"href":"https:\/\/uj.okoshitel.hu\/index.php\/wp-json\/wp\/v2\/users\/4"}],"replies":[{"embeddable":true,"href":"https:\/\/uj.okoshitel.hu\/index.php\/wp-json\/wp\/v2\/comments?post=1219"}],"version-history":[{"count":7,"href":"https:\/\/uj.okoshitel.hu\/index.php\/wp-json\/wp\/v2\/pages\/1219\/revisions"}],"predecessor-version":[{"id":1410,"href":"https:\/\/uj.okoshitel.hu\/index.php\/wp-json\/wp\/v2\/pages\/1219\/revisions\/1410"}],"wp:attachment":[{"href":"https:\/\/uj.okoshitel.hu\/index.php\/wp-json\/wp\/v2\/media?parent=1219"}],"curies":[{"name":"wp","href":"https:\/\/api.w.org\/{rel}","templated":true}]}}